{"id":3551,"date":"2024-05-31T08:11:25","date_gmt":"2024-05-31T13:11:25","guid":{"rendered":"https:\/\/mhgequiposmedicos.com\/?post_type=product&#038;p=3551"},"modified":"2025-07-18T23:23:38","modified_gmt":"2025-07-19T04:23:38","slug":"oximetro-de-pulso-digital-marca-contec","status":"publish","type":"product","link":"https:\/\/mhgequiposmedicos.com\/index.php\/product\/oximetro-de-pulso-digital-marca-contec\/","title":{"rendered":"OXIMETRO DE PULSO DIGITAL MODELO CONTEC"},"content":{"rendered":"<p><strong>ESPECIFICACIONES<\/strong><\/p>\n<p>Marca: CONTEC<br \/>\nModelo: CONTEC<br \/>\nVersi\u00f3n Led<br \/>\nAmplio rango de tama\u00f1o de dedos<br \/>\nDe f\u00e1cil uso y lectura<br \/>\nMedici\u00f3n r\u00e1pida y precisa<\/p>\n<div>\n<p><strong>INCLUYE PILAS ( 2 PILAS AA)<\/strong><\/p>\n<div><\/div>\n<div><strong>Incluye colgador<\/strong><\/div>\n<div>\n<p>Medici\u00f3n r\u00e1pida y de f\u00e1cil uso<\/p>\n<p>Rango de aplicaci\u00f3n: Adultos y adolescentes<\/p>\n<p>El dispositivo es adecuado para el cuidado diario en el hogar, atenci\u00f3n m\u00e9dica comunitaria, cuidado en deportes f\u00edsicos.<\/p>\n<table class=\"jsx-960159652 specification-table \">\n<tbody class=\"jsx-960159652\">\n<tr class=\"jsx-960159652\">\n<td class=\"jsx-960159652 property-name\">Condicion del producto<\/td>\n<td class=\"jsx-960159652 property-value\">Nuevo<\/td>\n<\/tr>\n<tr class=\"jsx-960159652\">\n<td class=\"jsx-960159652 property-name\">Detalle de la garant\u00eda<\/td>\n<td class=\"jsx-960159652 property-value\">FALLA DE FABRICA 3 MESES<\/td>\n<\/tr>\n<tr class=\"jsx-960159652\">\n<td class=\"jsx-960159652 property-name\">Pa\u00eds de origen<\/td>\n<td class=\"jsx-960159652 property-value\">China<\/td>\n<\/tr>\n<tr class=\"jsx-960159652\">\n<td class=\"jsx-960159652 property-name\">Modelo<\/td>\n<td class=\"jsx-960159652 property-value\">CONTEC SMS50D1<\/td>\n<\/tr>\n<tr class=\"jsx-960159652\">\n<td class=\"jsx-960159652 property-name\">Unidad de medida<\/td>\n<td class=\"jsx-960159652 property-value\">Gramo<\/td>\n<\/tr>\n<tr class=\"jsx-960159652\">\n<td class=\"jsx-960159652 property-name\">Requiere Serial Number<\/td>\n<td class=\"jsx-960159652 property-value\">Si<\/td>\n<\/tr>\n<tr class=\"jsx-960159652\">\n<td class=\"jsx-960159652 property-name\">Peso del producto<\/td>\n<td class=\"jsx-960159652 property-value\">200 GRAMOS<\/td>\n<\/tr>\n<tr class=\"jsx-960159652\">\n<td class=\"jsx-960159652 property-name\">Cantidad contenida en el empaque<\/td>\n<td class=\"jsx-960159652 property-value\">1<\/td>\n<\/tr>\n<tr class=\"jsx-960159652\">\n<td class=\"jsx-960159652 property-name\">Medida\/volumen<\/td>\n<td class=\"jsx-960159652 property-value\">1<\/td>\n<\/tr>\n<tr class=\"jsx-960159652\">\n<td class=\"jsx-960159652 property-name\">Garant\u00eda<\/td>\n<td class=\"jsx-960159652 property-value\">3 meses<\/td>\n<\/tr>\n<tr class=\"jsx-960159652\">\n<td class=\"jsx-960159652 property-name\">Incluye<\/td>\n<td class=\"jsx-960159652 property-value\">OXIMETRO Y GUIA DE USO<\/td>\n<\/tr>\n<\/tbody>\n<\/table>\n<\/div>\n<\/div>\n","protected":false},"excerpt":{"rendered":"<p><strong>CARACTERISTICAS PRINCIPALES<\/strong><\/p>\n<p>Marca: CONTEC<br \/>\nModelo: CONTEC<br \/>\nVersi\u00f3n Led<br \/>\nAmplio rango de tama\u00f1o de dedos<br \/>\nDe f\u00e1cil uso y lectura<br \/>\nMedici\u00f3n r\u00e1pida y precisa<\/p>\n<div>\n<p>INCLUYE PILAS ( 2 PILAS AA)<\/p>\n<div><\/div>\n<div>Incluye colgador<\/div>\n<div>Medici\u00f3n r\u00e1pida y de f\u00e1cil uso<\/div>\n<\/div>\n","protected":false},"featured_media":3552,"template":"","meta":{"_joinchat":{"telephone":"+51935912692","view":"yes"}},"product_cat":[114],"product_tag":[118,119],"wooqr_code":"","yoast_head":"<!-- This site is optimized with the Yoast SEO plugin v21.7 - https:\/\/yoast.com\/wordpress\/plugins\/seo\/ -->\n<title>OXIMETRO DE PULSO DIGITAL MODELO CONTEC - mhgequiposmedicos.com<\/title>\n<meta name=\"robots\" content=\"index, follow, max-snippet:-1, max-image-preview:large, max-video-preview:-1\" \/>\n<link rel=\"canonical\" href=\"https:\/\/mhgequiposmedicos.com\/index.php\/product\/oximetro-de-pulso-digital-marca-contec\/\" \/>\n<meta property=\"og:locale\" content=\"es_ES\" \/>\n<meta property=\"og:type\" content=\"article\" \/>\n<meta property=\"og:title\" content=\"OXIMETRO DE PULSO DIGITAL MODELO CONTEC - mhgequiposmedicos.com\" \/>\n<meta property=\"og:description\" content=\"CARACTERISTICAS PRINCIPALES  Marca: CONTEC Modelo: CONTEC Versi\u00f3n Led Amplio rango de tama\u00f1o de dedos De f\u00e1cil uso y lectura Medici\u00f3n r\u00e1pida y precisa   INCLUYE PILAS ( 2 PILAS AA)  Incluye colgador Medici\u00f3n r\u00e1pida y de f\u00e1cil uso\" \/>\n<meta property=\"og:url\" content=\"https:\/\/mhgequiposmedicos.com\/index.php\/product\/oximetro-de-pulso-digital-marca-contec\/\" \/>\n<meta property=\"og:site_name\" content=\"mhgequiposmedicos.com\" \/>\n<meta property=\"article:publisher\" content=\"https:\/\/www.facebook.com\/MORNINGHEALTHINGGROUP\" \/>\n<meta property=\"article:modified_time\" content=\"2025-07-19T04:23:38+00:00\" \/>\n<meta property=\"og:image\" content=\"http:\/\/mhgequiposmedicos.com\/wp-content\/uploads\/2024\/05\/gsc_123531868_3723719_1.jpeg\" \/>\n\t<meta property=\"og:image:width\" content=\"1500\" \/>\n\t<meta property=\"og:image:height\" content=\"1500\" \/>\n\t<meta property=\"og:image:type\" content=\"image\/jpeg\" \/>\n<meta name=\"twitter:card\" content=\"summary_large_image\" \/>\n<meta name=\"twitter:label1\" content=\"Tiempo de lectura\" \/>\n\t<meta name=\"twitter:data1\" content=\"1 minuto\" \/>\n<script type=\"application\/ld+json\" class=\"yoast-schema-graph\">{\"@context\":\"https:\/\/schema.org\",\"@graph\":[{\"@type\":\"WebPage\",\"@id\":\"https:\/\/mhgequiposmedicos.com\/index.php\/product\/oximetro-de-pulso-digital-marca-contec\/\",\"url\":\"https:\/\/mhgequiposmedicos.com\/index.php\/product\/oximetro-de-pulso-digital-marca-contec\/\",\"name\":\"OXIMETRO DE PULSO DIGITAL MODELO CONTEC - mhgequiposmedicos.com\",\"isPartOf\":{\"@id\":\"https:\/\/mhgequiposmedicos.com\/#website\"},\"datePublished\":\"2024-05-31T13:11:25+00:00\",\"dateModified\":\"2025-07-19T04:23:38+00:00\",\"breadcrumb\":{\"@id\":\"https:\/\/mhgequiposmedicos.com\/index.php\/product\/oximetro-de-pulso-digital-marca-contec\/#breadcrumb\"},\"inLanguage\":\"es\",\"potentialAction\":[{\"@type\":\"ReadAction\",\"target\":[\"https:\/\/mhgequiposmedicos.com\/index.php\/product\/oximetro-de-pulso-digital-marca-contec\/\"]}]},{\"@type\":\"BreadcrumbList\",\"@id\":\"https:\/\/mhgequiposmedicos.com\/index.php\/product\/oximetro-de-pulso-digital-marca-contec\/#breadcrumb\",\"itemListElement\":[{\"@type\":\"ListItem\",\"position\":1,\"name\":\"Portada\",\"item\":\"https:\/\/mhgequiposmedicos.com\/\"},{\"@type\":\"ListItem\",\"position\":2,\"name\":\"Tienda\",\"item\":\"https:\/\/mhgequiposmedicos.com\/index.php\/tienda\/\"},{\"@type\":\"ListItem\",\"position\":3,\"name\":\"OXIMETRO DE PULSO DIGITAL MODELO CONTEC\"}]},{\"@type\":\"WebSite\",\"@id\":\"https:\/\/mhgequiposmedicos.com\/#website\",\"url\":\"https:\/\/mhgequiposmedicos.com\/\",\"name\":\"mhgequiposmedicos.com\",\"description\":\"\",\"publisher\":{\"@id\":\"https:\/\/mhgequiposmedicos.com\/#organization\"},\"potentialAction\":[{\"@type\":\"SearchAction\",\"target\":{\"@type\":\"EntryPoint\",\"urlTemplate\":\"https:\/\/mhgequiposmedicos.com\/?s={search_term_string}\"},\"query-input\":\"required name=search_term_string\"}],\"inLanguage\":\"es\"},{\"@type\":\"Organization\",\"@id\":\"https:\/\/mhgequiposmedicos.com\/#organization\",\"name\":\"mhgequiposmedicos.com\",\"url\":\"https:\/\/mhgequiposmedicos.com\/\",\"logo\":{\"@type\":\"ImageObject\",\"inLanguage\":\"es\",\"@id\":\"https:\/\/mhgequiposmedicos.com\/#\/schema\/logo\/image\/\",\"url\":\"https:\/\/mhgequiposmedicos.com\/wp-content\/uploads\/2020\/04\/mhg-high-resolution-logo-transparent.png\",\"contentUrl\":\"https:\/\/mhgequiposmedicos.com\/wp-content\/uploads\/2020\/04\/mhg-high-resolution-logo-transparent.png\",\"width\":2000,\"height\":707,\"caption\":\"mhgequiposmedicos.com\"},\"image\":{\"@id\":\"https:\/\/mhgequiposmedicos.com\/#\/schema\/logo\/image\/\"},\"sameAs\":[\"https:\/\/www.facebook.com\/MORNINGHEALTHINGGROUP\"]}]}<\/script>\n<!-- \/ Yoast SEO plugin. -->","yoast_head_json":{"title":"OXIMETRO DE PULSO DIGITAL MODELO CONTEC - mhgequiposmedicos.com","robots":{"index":"index","follow":"follow","max-snippet":"max-snippet:-1","max-image-preview":"max-image-preview:large","max-video-preview":"max-video-preview:-1"},"canonical":"https:\/\/mhgequiposmedicos.com\/index.php\/product\/oximetro-de-pulso-digital-marca-contec\/","og_locale":"es_ES","og_type":"article","og_title":"OXIMETRO DE PULSO DIGITAL MODELO CONTEC - mhgequiposmedicos.com","og_description":"CARACTERISTICAS PRINCIPALES  Marca: CONTEC Modelo: CONTEC Versi\u00f3n Led Amplio rango de tama\u00f1o de dedos De f\u00e1cil uso y lectura Medici\u00f3n r\u00e1pida y precisa   INCLUYE PILAS ( 2 PILAS AA)  Incluye colgador Medici\u00f3n r\u00e1pida y de f\u00e1cil uso","og_url":"https:\/\/mhgequiposmedicos.com\/index.php\/product\/oximetro-de-pulso-digital-marca-contec\/","og_site_name":"mhgequiposmedicos.com","article_publisher":"https:\/\/www.facebook.com\/MORNINGHEALTHINGGROUP","article_modified_time":"2025-07-19T04:23:38+00:00","og_image":[{"width":1500,"height":1500,"url":"http:\/\/mhgequiposmedicos.com\/wp-content\/uploads\/2024\/05\/gsc_123531868_3723719_1.jpeg","type":"image\/jpeg"}],"twitter_card":"summary_large_image","twitter_misc":{"Tiempo de lectura":"1 minuto"},"schema":{"@context":"https:\/\/schema.org","@graph":[{"@type":"WebPage","@id":"https:\/\/mhgequiposmedicos.com\/index.php\/product\/oximetro-de-pulso-digital-marca-contec\/","url":"https:\/\/mhgequiposmedicos.com\/index.php\/product\/oximetro-de-pulso-digital-marca-contec\/","name":"OXIMETRO DE PULSO DIGITAL MODELO CONTEC - mhgequiposmedicos.com","isPartOf":{"@id":"https:\/\/mhgequiposmedicos.com\/#website"},"datePublished":"2024-05-31T13:11:25+00:00","dateModified":"2025-07-19T04:23:38+00:00","breadcrumb":{"@id":"https:\/\/mhgequiposmedicos.com\/index.php\/product\/oximetro-de-pulso-digital-marca-contec\/#breadcrumb"},"inLanguage":"es","potentialAction":[{"@type":"ReadAction","target":["https:\/\/mhgequiposmedicos.com\/index.php\/product\/oximetro-de-pulso-digital-marca-contec\/"]}]},{"@type":"BreadcrumbList","@id":"https:\/\/mhgequiposmedicos.com\/index.php\/product\/oximetro-de-pulso-digital-marca-contec\/#breadcrumb","itemListElement":[{"@type":"ListItem","position":1,"name":"Portada","item":"https:\/\/mhgequiposmedicos.com\/"},{"@type":"ListItem","position":2,"name":"Tienda","item":"https:\/\/mhgequiposmedicos.com\/index.php\/tienda\/"},{"@type":"ListItem","position":3,"name":"OXIMETRO DE PULSO DIGITAL MODELO CONTEC"}]},{"@type":"WebSite","@id":"https:\/\/mhgequiposmedicos.com\/#website","url":"https:\/\/mhgequiposmedicos.com\/","name":"mhgequiposmedicos.com","description":"","publisher":{"@id":"https:\/\/mhgequiposmedicos.com\/#organization"},"potentialAction":[{"@type":"SearchAction","target":{"@type":"EntryPoint","urlTemplate":"https:\/\/mhgequiposmedicos.com\/?s={search_term_string}"},"query-input":"required name=search_term_string"}],"inLanguage":"es"},{"@type":"Organization","@id":"https:\/\/mhgequiposmedicos.com\/#organization","name":"mhgequiposmedicos.com","url":"https:\/\/mhgequiposmedicos.com\/","logo":{"@type":"ImageObject","inLanguage":"es","@id":"https:\/\/mhgequiposmedicos.com\/#\/schema\/logo\/image\/","url":"https:\/\/mhgequiposmedicos.com\/wp-content\/uploads\/2020\/04\/mhg-high-resolution-logo-transparent.png","contentUrl":"https:\/\/mhgequiposmedicos.com\/wp-content\/uploads\/2020\/04\/mhg-high-resolution-logo-transparent.png","width":2000,"height":707,"caption":"mhgequiposmedicos.com"},"image":{"@id":"https:\/\/mhgequiposmedicos.com\/#\/schema\/logo\/image\/"},"sameAs":["https:\/\/www.facebook.com\/MORNINGHEALTHINGGROUP"]}]}},"_links":{"self":[{"href":"https:\/\/mhgequiposmedicos.com\/index.php\/wp-json\/wp\/v2\/product\/3551"}],"collection":[{"href":"https:\/\/mhgequiposmedicos.com\/index.php\/wp-json\/wp\/v2\/product"}],"about":[{"href":"https:\/\/mhgequiposmedicos.com\/index.php\/wp-json\/wp\/v2\/types\/product"}],"version-history":[{"count":3,"href":"https:\/\/mhgequiposmedicos.com\/index.php\/wp-json\/wp\/v2\/product\/3551\/revisions"}],"predecessor-version":[{"id":3592,"href":"https:\/\/mhgequiposmedicos.com\/index.php\/wp-json\/wp\/v2\/product\/3551\/revisions\/3592"}],"wp:featuredmedia":[{"embeddable":true,"href":"https:\/\/mhgequiposmedicos.com\/index.php\/wp-json\/wp\/v2\/media\/3552"}],"wp:attachment":[{"href":"https:\/\/mhgequiposmedicos.com\/index.php\/wp-json\/wp\/v2\/media?parent=3551"}],"wp:term":[{"taxonomy":"product_cat","embeddable":true,"href":"https:\/\/mhgequiposmedicos.com\/index.php\/wp-json\/wp\/v2\/product_cat?post=3551"},{"taxonomy":"product_tag","embeddable":true,"href":"https:\/\/mhgequiposmedicos.com\/index.php\/wp-json\/wp\/v2\/product_tag?post=3551"}],"curies":[{"name":"wp","href":"https:\/\/api.w.org\/{rel}","templated":true}]}}