{"id":3545,"date":"2024-05-31T08:00:01","date_gmt":"2024-05-31T13:00:01","guid":{"rendered":"https:\/\/mhgequiposmedicos.com\/?post_type=product&#038;p=3545"},"modified":"2024-05-31T08:00:02","modified_gmt":"2024-05-31T13:00:02","slug":"tensiometro-digital-de-brazo-contec","status":"publish","type":"product","link":"https:\/\/mhgequiposmedicos.com\/index.php\/product\/tensiometro-digital-de-brazo-contec\/","title":{"rendered":"TENSIOMETRO DIGITAL DE BRAZO CONTEC"},"content":{"rendered":"<p>El Monitor de Presi\u00f3n Arterial de brazo es un dispositivo de medici\u00f3n autom\u00e1tico que se utiliza en la parte superior del brazo.<\/p>\n<p>Permite una medici\u00f3n simple, precisa y r\u00e1pida de la presi\u00f3n arterial y la frecuencia del pulso mediante el uso del m\u00e9todo oscilom\u00e9trico.<\/p>\n<p>Est\u00e1 dise\u00f1ado principalmente para uso dom\u00e9stico general.<\/p>\n<p>Los especialistas recomiendan usar este producto para el monitoreo de la presi\u00f3n arterial, una presi\u00f3n arterial alta repetitiva puede ser una se\u00f1al de hipertensi\u00f3n, por eso, es importante llevar un monitoreo constante de la presi\u00f3n arterial en las personas adultas para controlar la hipertensi\u00f3n y evitar da\u00f1os o enfermedades cardiovasculares.<\/p>\n<p>Caracter\u00edsticas Principales:<\/p>\n<ul>\n<li>M\u00e9todos de medici\u00f3n: m\u00e9todo oscilom\u00e9trico<\/li>\n<li>Localizaci\u00f3n de medici\u00f3n: brazo<\/li>\n<li>Pantalla: LCD<\/li>\n<li>Presi\u00f3n: indicador de 3 d\u00edgitos de mmHg<\/li>\n<li>Pulso: 3 d\u00edgitos<\/li>\n<li>S\u00edmbolo: memoria, latido de coraz\u00f3n, bater\u00eda de memoria d\u00e9bil<\/li>\n<li>Funci\u00f3n de memoria: 2 x 90 establece la memoria de los valores de medici\u00f3n<\/li>\n<li>Tama\u00f1o del brazalete de brazo: 22 a 38 cm<\/li>\n<li>Fuente de energ\u00eda: 4 pilas alcalinas AA DC; 6 V o fuente de alimentaci\u00f3n<\/li>\n<li>Apagado autom\u00e1tico en 3 minutos\n<div class=\"jsx-2247763159 mkp-headerContainer\"><span class=\"jsx-2247763159\">Especificaciones<\/span><\/div>\n<div class=\"jsx-2247763159 bodyContainer\">\n<table class=\"jsx-960159652 specification-table \">\n<tbody class=\"jsx-960159652\">\n<tr class=\"jsx-960159652\">\n<td class=\"jsx-960159652 property-name\">Condicion del producto<\/td>\n<td class=\"jsx-960159652 property-value\">Nuevo<\/td>\n<\/tr>\n<tr class=\"jsx-960159652\">\n<td class=\"jsx-960159652 property-name\">Detalle de la garant\u00eda<\/td>\n<td class=\"jsx-960159652 property-value\">6 meses por defectos de f\u00e1brica.<\/td>\n<\/tr>\n<tr class=\"jsx-960159652\">\n<td class=\"jsx-960159652 property-name\">Pa\u00eds de origen<\/td>\n<td class=\"jsx-960159652 property-value\">Aleman<\/td>\n<\/tr>\n<tr class=\"jsx-960159652\">\n<td class=\"jsx-960159652 property-name\">Modelo<\/td>\n<td class=\"jsx-960159652 property-value\">08D<\/td>\n<\/tr>\n<tr class=\"jsx-960159652\">\n<td class=\"jsx-960159652 property-name\">Unidad de medida<\/td>\n<td class=\"jsx-960159652 property-value\">Unidad<\/td>\n<\/tr>\n<tr class=\"jsx-960159652\">\n<td class=\"jsx-960159652 property-name\">Requiere Serial Number<\/td>\n<td class=\"jsx-960159652 property-value\">No<\/td>\n<\/tr>\n<tr class=\"jsx-960159652\">\n<td class=\"jsx-960159652 property-name\">Cantidad contenida en el empaque<\/td>\n<td class=\"jsx-960159652 property-value\">1<\/td>\n<\/tr>\n<tr class=\"jsx-960159652\">\n<td class=\"jsx-960159652 property-name\">Medida\/volumen<\/td>\n<td class=\"jsx-960159652 property-value\">1<\/td>\n<\/tr>\n<tr class=\"jsx-960159652\">\n<td class=\"jsx-960159652 property-name\"><\/td>\n<td class=\"jsx-960159652 property-value\"><\/td>\n<\/tr>\n<tr class=\"jsx-960159652\">\n<td class=\"jsx-960159652 property-name\">Garant\u00eda<\/td>\n<td class=\"jsx-960159652 property-value\">6 meses<\/td>\n<\/tr>\n<tr class=\"jsx-960159652\">\n<td class=\"jsx-960159652 property-name\">Incluye<\/td>\n<td class=\"jsx-960159652 property-value\">01 Monitor digital de presi\u00f3n arterial, 01 Brazalete y 01 Manual de instrucci\u00f3n al usuario.<\/td>\n<\/tr>\n<\/tbody>\n<\/table>\n<\/div>\n<\/li>\n<\/ul>\n","protected":false},"excerpt":{"rendered":"<p><strong>CARACTERISTICAS PRINCIPALES<\/strong><\/p>\n<ul>\n<li>M\u00e9todos de medici\u00f3n: m\u00e9todo oscilom\u00e9trico<\/li>\n<li>Localizaci\u00f3n de medici\u00f3n: brazo<\/li>\n<li>Pantalla: LCD<\/li>\n<li>Presi\u00f3n: indicador de 3 d\u00edgitos de mmHg<\/li>\n<li>Pulso: 3 d\u00edgitos<\/li>\n<li>S\u00edmbolo: memoria, latido de coraz\u00f3n, bater\u00eda de memoria d\u00e9bil<\/li>\n<li>Funci\u00f3n de memoria: 2 x 90 establece la memoria de los valores de medici\u00f3n<\/li>\n<li>Tama\u00f1o del brazalete de brazo: 22 a 38 cm<\/li>\n<li>Fuente de energ\u00eda: 4 pilas alcalinas AA DC; 6 V o fuente de alimentaci\u00f3n<\/li>\n<li>Apagado autom\u00e1tico en 3 minuto<\/li>\n<\/ul>\n","protected":false},"featured_media":3549,"template":"","meta":{"_joinchat":[]},"product_cat":[114],"product_tag":[],"wooqr_code":"","yoast_head":"<!-- This site is optimized with the Yoast SEO plugin v21.7 - https:\/\/yoast.com\/wordpress\/plugins\/seo\/ -->\n<title>TENSIOMETRO DIGITAL DE BRAZO CONTEC - mhgequiposmedicos.com<\/title>\n<meta name=\"description\" content=\"TENSIOMETRO DIGITAL DE BRAZO ,DE USO FACIL Y PRACTICO CON GARANTIA RECIBELO HOY MISMO!\" \/>\n<meta name=\"robots\" content=\"index, follow, max-snippet:-1, max-image-preview:large, max-video-preview:-1\" \/>\n<link rel=\"canonical\" href=\"https:\/\/mhgequiposmedicos.com\/index.php\/product\/tensiometro-digital-de-brazo-contec\/\" \/>\n<meta property=\"og:locale\" content=\"es_ES\" \/>\n<meta property=\"og:type\" content=\"article\" \/>\n<meta property=\"og:title\" content=\"TENSIOMETRO DIGITAL DE BRAZO CONTEC - mhgequiposmedicos.com\" \/>\n<meta property=\"og:description\" content=\"TENSIOMETRO DIGITAL DE BRAZO ,DE USO FACIL Y PRACTICO CON GARANTIA RECIBELO HOY MISMO!\" \/>\n<meta property=\"og:url\" content=\"https:\/\/mhgequiposmedicos.com\/index.php\/product\/tensiometro-digital-de-brazo-contec\/\" \/>\n<meta property=\"og:site_name\" content=\"mhgequiposmedicos.com\" \/>\n<meta property=\"article:publisher\" content=\"https:\/\/www.facebook.com\/MORNINGHEALTHINGGROUP\" \/>\n<meta property=\"article:modified_time\" content=\"2024-05-31T13:00:02+00:00\" \/>\n<meta property=\"og:image\" content=\"http:\/\/mhgequiposmedicos.com\/wp-content\/uploads\/2024\/05\/gsc_117374815_1762698_1.jpeg\" \/>\n\t<meta property=\"og:image:width\" content=\"800\" \/>\n\t<meta property=\"og:image:height\" content=\"800\" \/>\n\t<meta property=\"og:image:type\" content=\"image\/jpeg\" \/>\n<meta name=\"twitter:card\" content=\"summary_large_image\" \/>\n<meta name=\"twitter:label1\" content=\"Tiempo de lectura\" \/>\n\t<meta name=\"twitter:data1\" content=\"2 minutos\" \/>\n<script type=\"application\/ld+json\" class=\"yoast-schema-graph\">{\"@context\":\"https:\/\/schema.org\",\"@graph\":[{\"@type\":\"WebPage\",\"@id\":\"https:\/\/mhgequiposmedicos.com\/index.php\/product\/tensiometro-digital-de-brazo-contec\/\",\"url\":\"https:\/\/mhgequiposmedicos.com\/index.php\/product\/tensiometro-digital-de-brazo-contec\/\",\"name\":\"TENSIOMETRO DIGITAL DE BRAZO CONTEC - mhgequiposmedicos.com\",\"isPartOf\":{\"@id\":\"https:\/\/mhgequiposmedicos.com\/#website\"},\"datePublished\":\"2024-05-31T13:00:01+00:00\",\"dateModified\":\"2024-05-31T13:00:02+00:00\",\"description\":\"TENSIOMETRO DIGITAL DE BRAZO ,DE USO FACIL Y PRACTICO CON GARANTIA RECIBELO HOY MISMO!\",\"breadcrumb\":{\"@id\":\"https:\/\/mhgequiposmedicos.com\/index.php\/product\/tensiometro-digital-de-brazo-contec\/#breadcrumb\"},\"inLanguage\":\"es\",\"potentialAction\":[{\"@type\":\"ReadAction\",\"target\":[\"https:\/\/mhgequiposmedicos.com\/index.php\/product\/tensiometro-digital-de-brazo-contec\/\"]}]},{\"@type\":\"BreadcrumbList\",\"@id\":\"https:\/\/mhgequiposmedicos.com\/index.php\/product\/tensiometro-digital-de-brazo-contec\/#breadcrumb\",\"itemListElement\":[{\"@type\":\"ListItem\",\"position\":1,\"name\":\"Portada\",\"item\":\"https:\/\/mhgequiposmedicos.com\/\"},{\"@type\":\"ListItem\",\"position\":2,\"name\":\"Tienda\",\"item\":\"https:\/\/mhgequiposmedicos.com\/index.php\/tienda\/\"},{\"@type\":\"ListItem\",\"position\":3,\"name\":\"TENSIOMETRO DIGITAL DE BRAZO CONTEC\"}]},{\"@type\":\"WebSite\",\"@id\":\"https:\/\/mhgequiposmedicos.com\/#website\",\"url\":\"https:\/\/mhgequiposmedicos.com\/\",\"name\":\"mhgequiposmedicos.com\",\"description\":\"\",\"publisher\":{\"@id\":\"https:\/\/mhgequiposmedicos.com\/#organization\"},\"potentialAction\":[{\"@type\":\"SearchAction\",\"target\":{\"@type\":\"EntryPoint\",\"urlTemplate\":\"https:\/\/mhgequiposmedicos.com\/?s={search_term_string}\"},\"query-input\":\"required name=search_term_string\"}],\"inLanguage\":\"es\"},{\"@type\":\"Organization\",\"@id\":\"https:\/\/mhgequiposmedicos.com\/#organization\",\"name\":\"mhgequiposmedicos.com\",\"url\":\"https:\/\/mhgequiposmedicos.com\/\",\"logo\":{\"@type\":\"ImageObject\",\"inLanguage\":\"es\",\"@id\":\"https:\/\/mhgequiposmedicos.com\/#\/schema\/logo\/image\/\",\"url\":\"https:\/\/mhgequiposmedicos.com\/wp-content\/uploads\/2020\/04\/mhg-high-resolution-logo-transparent.png\",\"contentUrl\":\"https:\/\/mhgequiposmedicos.com\/wp-content\/uploads\/2020\/04\/mhg-high-resolution-logo-transparent.png\",\"width\":2000,\"height\":707,\"caption\":\"mhgequiposmedicos.com\"},\"image\":{\"@id\":\"https:\/\/mhgequiposmedicos.com\/#\/schema\/logo\/image\/\"},\"sameAs\":[\"https:\/\/www.facebook.com\/MORNINGHEALTHINGGROUP\"]}]}<\/script>\n<!-- \/ Yoast SEO plugin. -->","yoast_head_json":{"title":"TENSIOMETRO DIGITAL DE BRAZO CONTEC - mhgequiposmedicos.com","description":"TENSIOMETRO DIGITAL DE BRAZO ,DE USO FACIL Y PRACTICO CON GARANTIA RECIBELO HOY MISMO!","robots":{"index":"index","follow":"follow","max-snippet":"max-snippet:-1","max-image-preview":"max-image-preview:large","max-video-preview":"max-video-preview:-1"},"canonical":"https:\/\/mhgequiposmedicos.com\/index.php\/product\/tensiometro-digital-de-brazo-contec\/","og_locale":"es_ES","og_type":"article","og_title":"TENSIOMETRO DIGITAL DE BRAZO CONTEC - mhgequiposmedicos.com","og_description":"TENSIOMETRO DIGITAL DE BRAZO ,DE USO FACIL Y PRACTICO CON GARANTIA RECIBELO HOY MISMO!","og_url":"https:\/\/mhgequiposmedicos.com\/index.php\/product\/tensiometro-digital-de-brazo-contec\/","og_site_name":"mhgequiposmedicos.com","article_publisher":"https:\/\/www.facebook.com\/MORNINGHEALTHINGGROUP","article_modified_time":"2024-05-31T13:00:02+00:00","og_image":[{"width":800,"height":800,"url":"http:\/\/mhgequiposmedicos.com\/wp-content\/uploads\/2024\/05\/gsc_117374815_1762698_1.jpeg","type":"image\/jpeg"}],"twitter_card":"summary_large_image","twitter_misc":{"Tiempo de lectura":"2 minutos"},"schema":{"@context":"https:\/\/schema.org","@graph":[{"@type":"WebPage","@id":"https:\/\/mhgequiposmedicos.com\/index.php\/product\/tensiometro-digital-de-brazo-contec\/","url":"https:\/\/mhgequiposmedicos.com\/index.php\/product\/tensiometro-digital-de-brazo-contec\/","name":"TENSIOMETRO DIGITAL DE BRAZO CONTEC - mhgequiposmedicos.com","isPartOf":{"@id":"https:\/\/mhgequiposmedicos.com\/#website"},"datePublished":"2024-05-31T13:00:01+00:00","dateModified":"2024-05-31T13:00:02+00:00","description":"TENSIOMETRO DIGITAL DE BRAZO ,DE USO FACIL Y PRACTICO CON GARANTIA RECIBELO HOY MISMO!","breadcrumb":{"@id":"https:\/\/mhgequiposmedicos.com\/index.php\/product\/tensiometro-digital-de-brazo-contec\/#breadcrumb"},"inLanguage":"es","potentialAction":[{"@type":"ReadAction","target":["https:\/\/mhgequiposmedicos.com\/index.php\/product\/tensiometro-digital-de-brazo-contec\/"]}]},{"@type":"BreadcrumbList","@id":"https:\/\/mhgequiposmedicos.com\/index.php\/product\/tensiometro-digital-de-brazo-contec\/#breadcrumb","itemListElement":[{"@type":"ListItem","position":1,"name":"Portada","item":"https:\/\/mhgequiposmedicos.com\/"},{"@type":"ListItem","position":2,"name":"Tienda","item":"https:\/\/mhgequiposmedicos.com\/index.php\/tienda\/"},{"@type":"ListItem","position":3,"name":"TENSIOMETRO DIGITAL DE BRAZO CONTEC"}]},{"@type":"WebSite","@id":"https:\/\/mhgequiposmedicos.com\/#website","url":"https:\/\/mhgequiposmedicos.com\/","name":"mhgequiposmedicos.com","description":"","publisher":{"@id":"https:\/\/mhgequiposmedicos.com\/#organization"},"potentialAction":[{"@type":"SearchAction","target":{"@type":"EntryPoint","urlTemplate":"https:\/\/mhgequiposmedicos.com\/?s={search_term_string}"},"query-input":"required name=search_term_string"}],"inLanguage":"es"},{"@type":"Organization","@id":"https:\/\/mhgequiposmedicos.com\/#organization","name":"mhgequiposmedicos.com","url":"https:\/\/mhgequiposmedicos.com\/","logo":{"@type":"ImageObject","inLanguage":"es","@id":"https:\/\/mhgequiposmedicos.com\/#\/schema\/logo\/image\/","url":"https:\/\/mhgequiposmedicos.com\/wp-content\/uploads\/2020\/04\/mhg-high-resolution-logo-transparent.png","contentUrl":"https:\/\/mhgequiposmedicos.com\/wp-content\/uploads\/2020\/04\/mhg-high-resolution-logo-transparent.png","width":2000,"height":707,"caption":"mhgequiposmedicos.com"},"image":{"@id":"https:\/\/mhgequiposmedicos.com\/#\/schema\/logo\/image\/"},"sameAs":["https:\/\/www.facebook.com\/MORNINGHEALTHINGGROUP"]}]}},"_links":{"self":[{"href":"https:\/\/mhgequiposmedicos.com\/index.php\/wp-json\/wp\/v2\/product\/3545"}],"collection":[{"href":"https:\/\/mhgequiposmedicos.com\/index.php\/wp-json\/wp\/v2\/product"}],"about":[{"href":"https:\/\/mhgequiposmedicos.com\/index.php\/wp-json\/wp\/v2\/types\/product"}],"version-history":[{"count":1,"href":"https:\/\/mhgequiposmedicos.com\/index.php\/wp-json\/wp\/v2\/product\/3545\/revisions"}],"predecessor-version":[{"id":3550,"href":"https:\/\/mhgequiposmedicos.com\/index.php\/wp-json\/wp\/v2\/product\/3545\/revisions\/3550"}],"wp:featuredmedia":[{"embeddable":true,"href":"https:\/\/mhgequiposmedicos.com\/index.php\/wp-json\/wp\/v2\/media\/3549"}],"wp:attachment":[{"href":"https:\/\/mhgequiposmedicos.com\/index.php\/wp-json\/wp\/v2\/media?parent=3545"}],"wp:term":[{"taxonomy":"product_cat","embeddable":true,"href":"https:\/\/mhgequiposmedicos.com\/index.php\/wp-json\/wp\/v2\/product_cat?post=3545"},{"taxonomy":"product_tag","embeddable":true,"href":"https:\/\/mhgequiposmedicos.com\/index.php\/wp-json\/wp\/v2\/product_tag?post=3545"}],"curies":[{"name":"wp","href":"https:\/\/api.w.org\/{rel}","templated":true}]}}