{"id":3516,"date":"2024-03-19T10:30:16","date_gmt":"2024-03-19T15:30:16","guid":{"rendered":"https:\/\/mhgequiposmedicos.com\/?post_type=product&#038;p=3516"},"modified":"2024-05-31T08:02:23","modified_gmt":"2024-05-31T13:02:23","slug":"glucometro-vivachek-ino-x-de-alta-precision","status":"publish","type":"product","link":"https:\/\/mhgequiposmedicos.com\/index.php\/product\/glucometro-vivachek-ino-x-de-alta-precision\/","title":{"rendered":"GLUCOMETRO VIVACHEK INO X DE ALTA PRECISION"},"content":{"rendered":"<p><strong>Llev\u00e1 un control preciso y constante de tu salud con el gluc\u00f3metro VivaChek Inox. Gracias a la supervisi\u00f3n diaria de los valores de glucemia en sangre, podr\u00e1s regular el consumo de alimento y ejercicio para llevar una vida sin complicaciones.<\/strong><\/p>\n<p>Historial al alcance<br \/>\nGracias a su memoria interna, podr\u00e1s tener guardados los resultados de 900 mediciones previas. De esta manera, llevar un registro de la evoluci\u00f3n de tus niveles sangu\u00edneos, se vuelve una tarea simple y de f\u00e1cil acceso.<\/p>\n<p><a href=\"http:\/\/mhgequiposmedicos.com\/wp-content\/uploads\/2024\/03\/glucometro-1.png\"><img fetchpriority=\"high\" decoding=\"async\" class=\"alignnone size-full wp-image-3520\" src=\"http:\/\/mhgequiposmedicos.com\/wp-content\/uploads\/2024\/03\/glucometro-1.png\" alt=\"\" width=\"700\" height=\"700\" \/><\/a><\/p>\n<p>ESPECIFICACIONES :<br \/>\nEl kit de prueba de diabetes VivaChek puede funcionar dentro de \u00b1 9,8% de los valores de laboratorio m\u00e1s del 95% del tiempo, lo que supera con mucho el est\u00e1ndar ISO 15197: 2015 (dentro de \u00b1 15% o \u00b1 15 mg \/ dl); El fabricante est\u00e1 certificado con FDA, marca CE, GMP, ISO 13485: 2016 e ISO 15197: 2015; Ning\u00fan retiro del mercado durante los \u00faltimos 10 a\u00f1os<\/p>\n<p>\u2013 M\u00c1S INTELIGENTE QUE NUNCA: El medidor de az\u00facar en sangre VivaChek puede marcar los resultados antes y despu\u00e9s de las comidas que se pueden almacenar durante un promedio de 7, 14 y 30 d\u00edas; Adem\u00e1s, puede configurar el nivel de alarma para el nivel de hipo y cetonas; Avisar\u00e1 cuando la hipo y cetona sea m\u00e1s baja o m\u00e1s alta que su conjunto; Tambi\u00e9n puede configurar 5 relojes de alarma para recordarle que debe realizar la prueba a tiempo<\/p>\n<p>\u2013 TIRAS DE PRUEBA DE VANGUARDIA: M\u00e1s estables, precisas y exactas con un precio asequible para todas las familias, solo se requiere una peque\u00f1a muestra de sangre de 0,5 \u00b5L; Menos dolor y resultados de prueba r\u00e1pidos en 5 segundos, expulsi\u00f3n de la tira con un solo toque, pantalla grande para padres y ancianos; Gran memoria: 900 lecturas pueden ayudarlo a registrar su historial de az\u00facar en la sangre durante al menos medio a\u00f1o, manteniendo un seguimiento prolongado de su control de glucosa.<\/p>\n<p><iframe title=\"YouTube video player\" src=\"https:\/\/www.youtube.com\/embed\/AnFEUqxzgGw?si=4Gt4W14zPqsQpS4P&amp;start=2\" width=\"560\" height=\"315\" frameborder=\"0\" allowfullscreen=\"allowfullscreen\"><\/iframe><\/p>\n","protected":false},"excerpt":{"rendered":"<ul>\n<li>\n<div><b><i>Gluc\u00f3metro Viva Chek Ino<\/i><\/b>\u00a0con codificaci\u00f3n autom\u00e1tica, cuenta con:<\/div>\n<div>\n<ul>\n<li>Pantalla grande<\/li>\n<li>Codificaci\u00f3n autom\u00e1tica<\/li>\n<li>Capacidad de memoria de hasta 900 resultados con fecha y hora<\/li>\n<li>Muestra de sangre de 0,5 \u03bcL y tiempo de prueba de 5 s<\/li>\n<li>Detecci\u00f3n de muestra insuficiente<\/li>\n<li>Eyector de tiras<\/li>\n<li>incluye 50 lanzetas<\/li>\n<li>25 tiras<\/li>\n<\/ul>\n<\/div>\n<\/li>\n<\/ul>\n","protected":false},"featured_media":3520,"template":"","meta":{"_joinchat":[]},"product_cat":[114],"product_tag":[],"wooqr_code":"","yoast_head":"<!-- This site is optimized with the Yoast SEO plugin v21.7 - https:\/\/yoast.com\/wordpress\/plugins\/seo\/ -->\n<title>GLUCOMETRO VIVACHEK INO X DE ALTA PRECISION - mhgequiposmedicos.com<\/title>\n<meta name=\"robots\" content=\"index, follow, max-snippet:-1, max-image-preview:large, max-video-preview:-1\" \/>\n<link rel=\"canonical\" href=\"https:\/\/mhgequiposmedicos.com\/index.php\/product\/glucometro-vivachek-ino-x-de-alta-precision\/\" \/>\n<meta property=\"og:locale\" content=\"es_ES\" \/>\n<meta property=\"og:type\" content=\"article\" \/>\n<meta property=\"og:title\" content=\"GLUCOMETRO VIVACHEK INO X DE ALTA PRECISION - mhgequiposmedicos.com\" \/>\n<meta property=\"og:description\" content=\"Gluc\u00f3metro Viva Chek Ino\u00a0con codificaci\u00f3n autom\u00e1tica, cuenta con:    Pantalla grande  Codificaci\u00f3n autom\u00e1tica  Capacidad de memoria de hasta 900 resultados con fecha y hora  Muestra de sangre de 0,5 \u03bcL y tiempo de prueba de 5 s  Detecci\u00f3n de muestra insuficiente  Eyector de tiras  incluye 50 lanzetas  25 tiras\" \/>\n<meta property=\"og:url\" content=\"https:\/\/mhgequiposmedicos.com\/index.php\/product\/glucometro-vivachek-ino-x-de-alta-precision\/\" \/>\n<meta property=\"og:site_name\" content=\"mhgequiposmedicos.com\" \/>\n<meta property=\"article:publisher\" content=\"https:\/\/www.facebook.com\/MORNINGHEALTHINGGROUP\" \/>\n<meta property=\"article:modified_time\" content=\"2024-05-31T13:02:23+00:00\" \/>\n<meta property=\"og:image\" content=\"http:\/\/mhgequiposmedicos.com\/wp-content\/uploads\/2024\/03\/glucometro-1.png\" \/>\n\t<meta property=\"og:image:width\" content=\"700\" \/>\n\t<meta property=\"og:image:height\" content=\"700\" \/>\n\t<meta property=\"og:image:type\" content=\"image\/png\" \/>\n<meta name=\"twitter:card\" content=\"summary_large_image\" \/>\n<meta name=\"twitter:label1\" content=\"Tiempo de lectura\" \/>\n\t<meta name=\"twitter:data1\" content=\"2 minutos\" \/>\n<script type=\"application\/ld+json\" class=\"yoast-schema-graph\">{\"@context\":\"https:\/\/schema.org\",\"@graph\":[{\"@type\":\"WebPage\",\"@id\":\"https:\/\/mhgequiposmedicos.com\/index.php\/product\/glucometro-vivachek-ino-x-de-alta-precision\/\",\"url\":\"https:\/\/mhgequiposmedicos.com\/index.php\/product\/glucometro-vivachek-ino-x-de-alta-precision\/\",\"name\":\"GLUCOMETRO VIVACHEK INO X DE ALTA PRECISION - mhgequiposmedicos.com\",\"isPartOf\":{\"@id\":\"https:\/\/mhgequiposmedicos.com\/#website\"},\"datePublished\":\"2024-03-19T15:30:16+00:00\",\"dateModified\":\"2024-05-31T13:02:23+00:00\",\"breadcrumb\":{\"@id\":\"https:\/\/mhgequiposmedicos.com\/index.php\/product\/glucometro-vivachek-ino-x-de-alta-precision\/#breadcrumb\"},\"inLanguage\":\"es\",\"potentialAction\":[{\"@type\":\"ReadAction\",\"target\":[\"https:\/\/mhgequiposmedicos.com\/index.php\/product\/glucometro-vivachek-ino-x-de-alta-precision\/\"]}]},{\"@type\":\"BreadcrumbList\",\"@id\":\"https:\/\/mhgequiposmedicos.com\/index.php\/product\/glucometro-vivachek-ino-x-de-alta-precision\/#breadcrumb\",\"itemListElement\":[{\"@type\":\"ListItem\",\"position\":1,\"name\":\"Portada\",\"item\":\"https:\/\/mhgequiposmedicos.com\/\"},{\"@type\":\"ListItem\",\"position\":2,\"name\":\"Tienda\",\"item\":\"https:\/\/mhgequiposmedicos.com\/index.php\/tienda\/\"},{\"@type\":\"ListItem\",\"position\":3,\"name\":\"GLUCOMETRO VIVACHEK INO X DE ALTA PRECISION\"}]},{\"@type\":\"WebSite\",\"@id\":\"https:\/\/mhgequiposmedicos.com\/#website\",\"url\":\"https:\/\/mhgequiposmedicos.com\/\",\"name\":\"mhgequiposmedicos.com\",\"description\":\"\",\"publisher\":{\"@id\":\"https:\/\/mhgequiposmedicos.com\/#organization\"},\"potentialAction\":[{\"@type\":\"SearchAction\",\"target\":{\"@type\":\"EntryPoint\",\"urlTemplate\":\"https:\/\/mhgequiposmedicos.com\/?s={search_term_string}\"},\"query-input\":\"required name=search_term_string\"}],\"inLanguage\":\"es\"},{\"@type\":\"Organization\",\"@id\":\"https:\/\/mhgequiposmedicos.com\/#organization\",\"name\":\"mhgequiposmedicos.com\",\"url\":\"https:\/\/mhgequiposmedicos.com\/\",\"logo\":{\"@type\":\"ImageObject\",\"inLanguage\":\"es\",\"@id\":\"https:\/\/mhgequiposmedicos.com\/#\/schema\/logo\/image\/\",\"url\":\"https:\/\/mhgequiposmedicos.com\/wp-content\/uploads\/2020\/04\/mhg-high-resolution-logo-transparent.png\",\"contentUrl\":\"https:\/\/mhgequiposmedicos.com\/wp-content\/uploads\/2020\/04\/mhg-high-resolution-logo-transparent.png\",\"width\":2000,\"height\":707,\"caption\":\"mhgequiposmedicos.com\"},\"image\":{\"@id\":\"https:\/\/mhgequiposmedicos.com\/#\/schema\/logo\/image\/\"},\"sameAs\":[\"https:\/\/www.facebook.com\/MORNINGHEALTHINGGROUP\"]}]}<\/script>\n<!-- \/ Yoast SEO plugin. -->","yoast_head_json":{"title":"GLUCOMETRO VIVACHEK INO X DE ALTA PRECISION - mhgequiposmedicos.com","robots":{"index":"index","follow":"follow","max-snippet":"max-snippet:-1","max-image-preview":"max-image-preview:large","max-video-preview":"max-video-preview:-1"},"canonical":"https:\/\/mhgequiposmedicos.com\/index.php\/product\/glucometro-vivachek-ino-x-de-alta-precision\/","og_locale":"es_ES","og_type":"article","og_title":"GLUCOMETRO VIVACHEK INO X DE ALTA PRECISION - mhgequiposmedicos.com","og_description":"Gluc\u00f3metro Viva Chek Ino\u00a0con codificaci\u00f3n autom\u00e1tica, cuenta con:    Pantalla grande  Codificaci\u00f3n autom\u00e1tica  Capacidad de memoria de hasta 900 resultados con fecha y hora  Muestra de sangre de 0,5 \u03bcL y tiempo de prueba de 5 s  Detecci\u00f3n de muestra insuficiente  Eyector de tiras  incluye 50 lanzetas  25 tiras","og_url":"https:\/\/mhgequiposmedicos.com\/index.php\/product\/glucometro-vivachek-ino-x-de-alta-precision\/","og_site_name":"mhgequiposmedicos.com","article_publisher":"https:\/\/www.facebook.com\/MORNINGHEALTHINGGROUP","article_modified_time":"2024-05-31T13:02:23+00:00","og_image":[{"width":700,"height":700,"url":"http:\/\/mhgequiposmedicos.com\/wp-content\/uploads\/2024\/03\/glucometro-1.png","type":"image\/png"}],"twitter_card":"summary_large_image","twitter_misc":{"Tiempo de lectura":"2 minutos"},"schema":{"@context":"https:\/\/schema.org","@graph":[{"@type":"WebPage","@id":"https:\/\/mhgequiposmedicos.com\/index.php\/product\/glucometro-vivachek-ino-x-de-alta-precision\/","url":"https:\/\/mhgequiposmedicos.com\/index.php\/product\/glucometro-vivachek-ino-x-de-alta-precision\/","name":"GLUCOMETRO VIVACHEK INO X DE ALTA PRECISION - mhgequiposmedicos.com","isPartOf":{"@id":"https:\/\/mhgequiposmedicos.com\/#website"},"datePublished":"2024-03-19T15:30:16+00:00","dateModified":"2024-05-31T13:02:23+00:00","breadcrumb":{"@id":"https:\/\/mhgequiposmedicos.com\/index.php\/product\/glucometro-vivachek-ino-x-de-alta-precision\/#breadcrumb"},"inLanguage":"es","potentialAction":[{"@type":"ReadAction","target":["https:\/\/mhgequiposmedicos.com\/index.php\/product\/glucometro-vivachek-ino-x-de-alta-precision\/"]}]},{"@type":"BreadcrumbList","@id":"https:\/\/mhgequiposmedicos.com\/index.php\/product\/glucometro-vivachek-ino-x-de-alta-precision\/#breadcrumb","itemListElement":[{"@type":"ListItem","position":1,"name":"Portada","item":"https:\/\/mhgequiposmedicos.com\/"},{"@type":"ListItem","position":2,"name":"Tienda","item":"https:\/\/mhgequiposmedicos.com\/index.php\/tienda\/"},{"@type":"ListItem","position":3,"name":"GLUCOMETRO VIVACHEK INO X DE ALTA PRECISION"}]},{"@type":"WebSite","@id":"https:\/\/mhgequiposmedicos.com\/#website","url":"https:\/\/mhgequiposmedicos.com\/","name":"mhgequiposmedicos.com","description":"","publisher":{"@id":"https:\/\/mhgequiposmedicos.com\/#organization"},"potentialAction":[{"@type":"SearchAction","target":{"@type":"EntryPoint","urlTemplate":"https:\/\/mhgequiposmedicos.com\/?s={search_term_string}"},"query-input":"required name=search_term_string"}],"inLanguage":"es"},{"@type":"Organization","@id":"https:\/\/mhgequiposmedicos.com\/#organization","name":"mhgequiposmedicos.com","url":"https:\/\/mhgequiposmedicos.com\/","logo":{"@type":"ImageObject","inLanguage":"es","@id":"https:\/\/mhgequiposmedicos.com\/#\/schema\/logo\/image\/","url":"https:\/\/mhgequiposmedicos.com\/wp-content\/uploads\/2020\/04\/mhg-high-resolution-logo-transparent.png","contentUrl":"https:\/\/mhgequiposmedicos.com\/wp-content\/uploads\/2020\/04\/mhg-high-resolution-logo-transparent.png","width":2000,"height":707,"caption":"mhgequiposmedicos.com"},"image":{"@id":"https:\/\/mhgequiposmedicos.com\/#\/schema\/logo\/image\/"},"sameAs":["https:\/\/www.facebook.com\/MORNINGHEALTHINGGROUP"]}]}},"_links":{"self":[{"href":"https:\/\/mhgequiposmedicos.com\/index.php\/wp-json\/wp\/v2\/product\/3516"}],"collection":[{"href":"https:\/\/mhgequiposmedicos.com\/index.php\/wp-json\/wp\/v2\/product"}],"about":[{"href":"https:\/\/mhgequiposmedicos.com\/index.php\/wp-json\/wp\/v2\/types\/product"}],"version-history":[{"count":3,"href":"https:\/\/mhgequiposmedicos.com\/index.php\/wp-json\/wp\/v2\/product\/3516\/revisions"}],"predecessor-version":[{"id":3525,"href":"https:\/\/mhgequiposmedicos.com\/index.php\/wp-json\/wp\/v2\/product\/3516\/revisions\/3525"}],"wp:featuredmedia":[{"embeddable":true,"href":"https:\/\/mhgequiposmedicos.com\/index.php\/wp-json\/wp\/v2\/media\/3520"}],"wp:attachment":[{"href":"https:\/\/mhgequiposmedicos.com\/index.php\/wp-json\/wp\/v2\/media?parent=3516"}],"wp:term":[{"taxonomy":"product_cat","embeddable":true,"href":"https:\/\/mhgequiposmedicos.com\/index.php\/wp-json\/wp\/v2\/product_cat?post=3516"},{"taxonomy":"product_tag","embeddable":true,"href":"https:\/\/mhgequiposmedicos.com\/index.php\/wp-json\/wp\/v2\/product_tag?post=3516"}],"curies":[{"name":"wp","href":"https:\/\/api.w.org\/{rel}","templated":true}]}}