{"id":2685,"date":"2023-12-29T00:28:37","date_gmt":"2023-12-28T23:28:37","guid":{"rendered":"https:\/\/mhgequiposmedicos.com\/?post_type=product&#038;p=2685"},"modified":"2024-11-08T17:08:06","modified_gmt":"2024-11-08T22:08:06","slug":"concentrador-portatil-varon-nt2","status":"publish","type":"product","link":"https:\/\/mhgequiposmedicos.com\/index.php\/product\/concentrador-portatil-varon-nt2\/","title":{"rendered":"CONCENTRADOR PORTATIL VARON NT2"},"content":{"rendered":"<p><iframe title=\"YouTube video player\" src=\"https:\/\/www.youtube.com\/embed\/JvxvqMpnJ2s?si=TcrVRlajCfosRZGF\" width=\"560\" height=\"315\" frameborder=\"0\" allowfullscreen=\"allowfullscreen\"><\/iframe><br \/>\nEl concentrador de ox\u00edgeno port\u00e1til VP-2 es un excelente compa\u00f1ero de atenci\u00f3n m\u00e9dica con un rendimiento excepcional y un dise\u00f1o f\u00e1cil de usar. Es imprescindible para las personas que buscan una oxigenoterapia confiable y conveniente.<\/p>\n<p>El VP-2 proporciona ox\u00edgeno de flujo pulsado a un alto nivel de concentraci\u00f3n de 93 \u00b1 3 %. Puede ajustar el caudal entre 1 y 5 l\/min para personalizar su oxigenoterapia seg\u00fan sus necesidades espec\u00edficas. VP-2 tambi\u00e9n incorpora un sistema de filtraci\u00f3n confiable que elimina eficazmente impurezas, al\u00e9rgenos y otros contaminantes del ox\u00edgeno, entregando ox\u00edgeno limpio y fresco.<\/p>\n<p>VP-2 suministra ox\u00edgeno en dos modos. En modo sensor, emite ox\u00edgeno al detectar su inhalaci\u00f3n; Si la inhalaci\u00f3n es demasiado leve para ser detectada, suministrar\u00e1 ox\u00edgeno autom\u00e1ticamente cada 3 segundos. La m\u00e1quina cambia autom\u00e1ticamente entre los dos modos para garantizar un suministro confiable de ox\u00edgeno. Con un peso de s\u00f3lo 4,85 libras, el VP-2 le permite moverse libre y c\u00f3modamente sin la restricci\u00f3n de equipos voluminosos. Su cuerpo ligero y compacto lo convierte en un compa\u00f1ero perfecto para actividades al aire libre. La bolsa de transporte incluida garantiza una movilidad sin complicaciones cuando y donde la necesite. Tambi\u00e9n puedes usarlo en veh\u00edculos con el adaptador para autom\u00f3vil incluido.<\/p>\n<p>Equipado con una potente bater\u00eda reemplazable de 6360 mAh, el VP-2 proporciona un tiempo de uso prolongado para una terapia de ox\u00edgeno ininterrumpida durante todo el d\u00eda. Consiga bater\u00edas de repuesto en la tienda para un uso prolongado.<\/p>\n<p>El temporizador de apagado autom\u00e1tico le permite establecer un per\u00edodo espec\u00edfico, que oscila entre 1 y 240 minutos, despu\u00e9s del cual el dispositivo se apagar\u00e1 autom\u00e1ticamente. El gran panel LED tambi\u00e9n a\u00f1ade una capa extra de comodidad.<\/p>\n<p>Invierta en su bienestar respiratorio con el concentrador de ox\u00edgeno port\u00e1til VP-2. Tome el control de su salud respiratoria y adopte hoy un estilo de vida m\u00e1s c\u00f3modo y satisfactorio.<\/p>\n<p><a href=\"http:\/\/mhgequiposmedicos.com\/wp-content\/uploads\/2023\/12\/blog_-3_700x700_crop_center.jpg\"><img fetchpriority=\"high\" decoding=\"async\" class=\"alignnone size-full wp-image-2691\" src=\"http:\/\/mhgequiposmedicos.com\/wp-content\/uploads\/2023\/12\/blog_-3_700x700_crop_center.jpg\" alt=\"\" width=\"700\" height=\"700\" \/><\/a> <a href=\"http:\/\/mhgequiposmedicos.com\/wp-content\/uploads\/2023\/12\/2023-11-08_173529_700x700_crop_center.png\"><img decoding=\"async\" class=\"alignnone size-full wp-image-2692\" src=\"http:\/\/mhgequiposmedicos.com\/wp-content\/uploads\/2023\/12\/2023-11-08_173529_700x700_crop_center.png\" alt=\"\" width=\"700\" height=\"700\" \/><\/a> <a href=\"http:\/\/mhgequiposmedicos.com\/wp-content\/uploads\/2023\/12\/sku_0_QTFYC0033US00_1427127_700x700.jpg\"><img decoding=\"async\" class=\"alignnone size-full wp-image-2693\" src=\"http:\/\/mhgequiposmedicos.com\/wp-content\/uploads\/2023\/12\/sku_0_QTFYC0033US00_1427127_700x700.jpg\" alt=\"\" width=\"700\" height=\"700\" \/><\/a> <a href=\"http:\/\/mhgequiposmedicos.com\/wp-content\/uploads\/2023\/12\/QTFYC0033_12_700x700.jpg\"><img loading=\"lazy\" decoding=\"async\" class=\"alignnone size-full wp-image-2694\" src=\"http:\/\/mhgequiposmedicos.com\/wp-content\/uploads\/2023\/12\/QTFYC0033_12_700x700.jpg\" alt=\"\" width=\"700\" height=\"700\" \/><\/a> <a href=\"http:\/\/mhgequiposmedicos.com\/wp-content\/uploads\/2023\/12\/1600-1600-7_9de66a5c-0c86-463a-b5e2-ed88ec669e6d_700x700.jpg\"><img loading=\"lazy\" decoding=\"async\" class=\"alignnone size-full wp-image-2695\" src=\"http:\/\/mhgequiposmedicos.com\/wp-content\/uploads\/2023\/12\/1600-1600-7_9de66a5c-0c86-463a-b5e2-ed88ec669e6d_700x700.jpg\" alt=\"\" width=\"700\" height=\"700\" \/><\/a> <a href=\"http:\/\/mhgequiposmedicos.com\/wp-content\/uploads\/2023\/12\/1600-1600-8_93faa1e4-8c11-47bd-a3d4-0d6eb92f9499_700x700.jpg\"><img loading=\"lazy\" decoding=\"async\" class=\"alignnone size-full wp-image-2696\" src=\"http:\/\/mhgequiposmedicos.com\/wp-content\/uploads\/2023\/12\/1600-1600-8_93faa1e4-8c11-47bd-a3d4-0d6eb92f9499_700x700.jpg\" alt=\"\" width=\"700\" height=\"700\" \/><\/a><\/p>\n","protected":false},"excerpt":{"rendered":"<ul>\n<li>Concentrador de oxigeno\u00a0 portatil Varon NT-2<\/li>\n<li>Flujo de salida de oxigeno de 1 a 5 niveles cada 3 segundos<\/li>\n<li>Pureza del ox\u00edgeno\u00a0 ( precisi\u00f3n del 93% +-3%)<\/li>\n<li>Bater\u00eda extra\u00edble port\u00e1til<\/li>\n<li>Peso 2.2kg<\/li>\n<\/ul>\n","protected":false},"featured_media":2686,"template":"","meta":{"_joinchat":[]},"product_cat":[110],"product_tag":[],"wooqr_code":"","yoast_head":"<!-- This site is optimized with the Yoast SEO plugin v21.7 - https:\/\/yoast.com\/wordpress\/plugins\/seo\/ -->\n<title>CONCENTRADOR PORTATIL VARON NT2 - mhgequiposmedicos.com<\/title>\n<meta name=\"robots\" content=\"index, follow, max-snippet:-1, max-image-preview:large, max-video-preview:-1\" \/>\n<link rel=\"canonical\" href=\"https:\/\/mhgequiposmedicos.com\/index.php\/product\/concentrador-portatil-varon-nt2\/\" \/>\n<meta property=\"og:locale\" content=\"es_ES\" \/>\n<meta property=\"og:type\" content=\"article\" \/>\n<meta property=\"og:title\" content=\"CONCENTRADOR PORTATIL VARON NT2 - mhgequiposmedicos.com\" \/>\n<meta property=\"og:description\" content=\"Concentrador de oxigeno\u00a0 portatil Varon NT-2  Flujo de salida de oxigeno de 1 a 5 niveles cada 3 segundos  Pureza del ox\u00edgeno\u00a0 ( precisi\u00f3n del 93% +-3%)  Bater\u00eda extra\u00edble port\u00e1til  Peso 2.2kg\" \/>\n<meta property=\"og:url\" content=\"https:\/\/mhgequiposmedicos.com\/index.php\/product\/concentrador-portatil-varon-nt2\/\" \/>\n<meta property=\"og:site_name\" content=\"mhgequiposmedicos.com\" \/>\n<meta property=\"article:publisher\" content=\"https:\/\/www.facebook.com\/MORNINGHEALTHINGGROUP\" \/>\n<meta property=\"article:modified_time\" content=\"2024-11-08T22:08:06+00:00\" \/>\n<meta property=\"og:image\" content=\"http:\/\/mhgequiposmedicos.com\/wp-content\/uploads\/2023\/12\/concentrador-VP02-600x728-1.jpg\" \/>\n\t<meta property=\"og:image:width\" content=\"600\" \/>\n\t<meta property=\"og:image:height\" content=\"728\" \/>\n\t<meta property=\"og:image:type\" content=\"image\/jpeg\" \/>\n<meta name=\"twitter:card\" content=\"summary_large_image\" \/>\n<meta name=\"twitter:label1\" content=\"Tiempo de lectura\" \/>\n\t<meta name=\"twitter:data1\" content=\"3 minutos\" \/>\n<script type=\"application\/ld+json\" class=\"yoast-schema-graph\">{\"@context\":\"https:\/\/schema.org\",\"@graph\":[{\"@type\":\"WebPage\",\"@id\":\"https:\/\/mhgequiposmedicos.com\/index.php\/product\/concentrador-portatil-varon-nt2\/\",\"url\":\"https:\/\/mhgequiposmedicos.com\/index.php\/product\/concentrador-portatil-varon-nt2\/\",\"name\":\"CONCENTRADOR PORTATIL VARON NT2 - mhgequiposmedicos.com\",\"isPartOf\":{\"@id\":\"https:\/\/mhgequiposmedicos.com\/#website\"},\"datePublished\":\"2023-12-28T23:28:37+00:00\",\"dateModified\":\"2024-11-08T22:08:06+00:00\",\"breadcrumb\":{\"@id\":\"https:\/\/mhgequiposmedicos.com\/index.php\/product\/concentrador-portatil-varon-nt2\/#breadcrumb\"},\"inLanguage\":\"es\",\"potentialAction\":[{\"@type\":\"ReadAction\",\"target\":[\"https:\/\/mhgequiposmedicos.com\/index.php\/product\/concentrador-portatil-varon-nt2\/\"]}]},{\"@type\":\"BreadcrumbList\",\"@id\":\"https:\/\/mhgequiposmedicos.com\/index.php\/product\/concentrador-portatil-varon-nt2\/#breadcrumb\",\"itemListElement\":[{\"@type\":\"ListItem\",\"position\":1,\"name\":\"Portada\",\"item\":\"https:\/\/mhgequiposmedicos.com\/\"},{\"@type\":\"ListItem\",\"position\":2,\"name\":\"Tienda\",\"item\":\"https:\/\/mhgequiposmedicos.com\/index.php\/tienda\/\"},{\"@type\":\"ListItem\",\"position\":3,\"name\":\"CONCENTRADOR PORTATIL VARON NT2\"}]},{\"@type\":\"WebSite\",\"@id\":\"https:\/\/mhgequiposmedicos.com\/#website\",\"url\":\"https:\/\/mhgequiposmedicos.com\/\",\"name\":\"mhgequiposmedicos.com\",\"description\":\"\",\"publisher\":{\"@id\":\"https:\/\/mhgequiposmedicos.com\/#organization\"},\"potentialAction\":[{\"@type\":\"SearchAction\",\"target\":{\"@type\":\"EntryPoint\",\"urlTemplate\":\"https:\/\/mhgequiposmedicos.com\/?s={search_term_string}\"},\"query-input\":\"required name=search_term_string\"}],\"inLanguage\":\"es\"},{\"@type\":\"Organization\",\"@id\":\"https:\/\/mhgequiposmedicos.com\/#organization\",\"name\":\"mhgequiposmedicos.com\",\"url\":\"https:\/\/mhgequiposmedicos.com\/\",\"logo\":{\"@type\":\"ImageObject\",\"inLanguage\":\"es\",\"@id\":\"https:\/\/mhgequiposmedicos.com\/#\/schema\/logo\/image\/\",\"url\":\"https:\/\/mhgequiposmedicos.com\/wp-content\/uploads\/2020\/04\/mhg-high-resolution-logo-transparent.png\",\"contentUrl\":\"https:\/\/mhgequiposmedicos.com\/wp-content\/uploads\/2020\/04\/mhg-high-resolution-logo-transparent.png\",\"width\":2000,\"height\":707,\"caption\":\"mhgequiposmedicos.com\"},\"image\":{\"@id\":\"https:\/\/mhgequiposmedicos.com\/#\/schema\/logo\/image\/\"},\"sameAs\":[\"https:\/\/www.facebook.com\/MORNINGHEALTHINGGROUP\"]}]}<\/script>\n<!-- \/ Yoast SEO plugin. -->","yoast_head_json":{"title":"CONCENTRADOR PORTATIL VARON NT2 - mhgequiposmedicos.com","robots":{"index":"index","follow":"follow","max-snippet":"max-snippet:-1","max-image-preview":"max-image-preview:large","max-video-preview":"max-video-preview:-1"},"canonical":"https:\/\/mhgequiposmedicos.com\/index.php\/product\/concentrador-portatil-varon-nt2\/","og_locale":"es_ES","og_type":"article","og_title":"CONCENTRADOR PORTATIL VARON NT2 - mhgequiposmedicos.com","og_description":"Concentrador de oxigeno\u00a0 portatil Varon NT-2  Flujo de salida de oxigeno de 1 a 5 niveles cada 3 segundos  Pureza del ox\u00edgeno\u00a0 ( precisi\u00f3n del 93% +-3%)  Bater\u00eda extra\u00edble port\u00e1til  Peso 2.2kg","og_url":"https:\/\/mhgequiposmedicos.com\/index.php\/product\/concentrador-portatil-varon-nt2\/","og_site_name":"mhgequiposmedicos.com","article_publisher":"https:\/\/www.facebook.com\/MORNINGHEALTHINGGROUP","article_modified_time":"2024-11-08T22:08:06+00:00","og_image":[{"width":600,"height":728,"url":"http:\/\/mhgequiposmedicos.com\/wp-content\/uploads\/2023\/12\/concentrador-VP02-600x728-1.jpg","type":"image\/jpeg"}],"twitter_card":"summary_large_image","twitter_misc":{"Tiempo de lectura":"3 minutos"},"schema":{"@context":"https:\/\/schema.org","@graph":[{"@type":"WebPage","@id":"https:\/\/mhgequiposmedicos.com\/index.php\/product\/concentrador-portatil-varon-nt2\/","url":"https:\/\/mhgequiposmedicos.com\/index.php\/product\/concentrador-portatil-varon-nt2\/","name":"CONCENTRADOR PORTATIL VARON NT2 - mhgequiposmedicos.com","isPartOf":{"@id":"https:\/\/mhgequiposmedicos.com\/#website"},"datePublished":"2023-12-28T23:28:37+00:00","dateModified":"2024-11-08T22:08:06+00:00","breadcrumb":{"@id":"https:\/\/mhgequiposmedicos.com\/index.php\/product\/concentrador-portatil-varon-nt2\/#breadcrumb"},"inLanguage":"es","potentialAction":[{"@type":"ReadAction","target":["https:\/\/mhgequiposmedicos.com\/index.php\/product\/concentrador-portatil-varon-nt2\/"]}]},{"@type":"BreadcrumbList","@id":"https:\/\/mhgequiposmedicos.com\/index.php\/product\/concentrador-portatil-varon-nt2\/#breadcrumb","itemListElement":[{"@type":"ListItem","position":1,"name":"Portada","item":"https:\/\/mhgequiposmedicos.com\/"},{"@type":"ListItem","position":2,"name":"Tienda","item":"https:\/\/mhgequiposmedicos.com\/index.php\/tienda\/"},{"@type":"ListItem","position":3,"name":"CONCENTRADOR PORTATIL VARON NT2"}]},{"@type":"WebSite","@id":"https:\/\/mhgequiposmedicos.com\/#website","url":"https:\/\/mhgequiposmedicos.com\/","name":"mhgequiposmedicos.com","description":"","publisher":{"@id":"https:\/\/mhgequiposmedicos.com\/#organization"},"potentialAction":[{"@type":"SearchAction","target":{"@type":"EntryPoint","urlTemplate":"https:\/\/mhgequiposmedicos.com\/?s={search_term_string}"},"query-input":"required name=search_term_string"}],"inLanguage":"es"},{"@type":"Organization","@id":"https:\/\/mhgequiposmedicos.com\/#organization","name":"mhgequiposmedicos.com","url":"https:\/\/mhgequiposmedicos.com\/","logo":{"@type":"ImageObject","inLanguage":"es","@id":"https:\/\/mhgequiposmedicos.com\/#\/schema\/logo\/image\/","url":"https:\/\/mhgequiposmedicos.com\/wp-content\/uploads\/2020\/04\/mhg-high-resolution-logo-transparent.png","contentUrl":"https:\/\/mhgequiposmedicos.com\/wp-content\/uploads\/2020\/04\/mhg-high-resolution-logo-transparent.png","width":2000,"height":707,"caption":"mhgequiposmedicos.com"},"image":{"@id":"https:\/\/mhgequiposmedicos.com\/#\/schema\/logo\/image\/"},"sameAs":["https:\/\/www.facebook.com\/MORNINGHEALTHINGGROUP"]}]}},"_links":{"self":[{"href":"https:\/\/mhgequiposmedicos.com\/index.php\/wp-json\/wp\/v2\/product\/2685"}],"collection":[{"href":"https:\/\/mhgequiposmedicos.com\/index.php\/wp-json\/wp\/v2\/product"}],"about":[{"href":"https:\/\/mhgequiposmedicos.com\/index.php\/wp-json\/wp\/v2\/types\/product"}],"version-history":[{"count":2,"href":"https:\/\/mhgequiposmedicos.com\/index.php\/wp-json\/wp\/v2\/product\/2685\/revisions"}],"predecessor-version":[{"id":2785,"href":"https:\/\/mhgequiposmedicos.com\/index.php\/wp-json\/wp\/v2\/product\/2685\/revisions\/2785"}],"wp:featuredmedia":[{"embeddable":true,"href":"https:\/\/mhgequiposmedicos.com\/index.php\/wp-json\/wp\/v2\/media\/2686"}],"wp:attachment":[{"href":"https:\/\/mhgequiposmedicos.com\/index.php\/wp-json\/wp\/v2\/media?parent=2685"}],"wp:term":[{"taxonomy":"product_cat","embeddable":true,"href":"https:\/\/mhgequiposmedicos.com\/index.php\/wp-json\/wp\/v2\/product_cat?post=2685"},{"taxonomy":"product_tag","embeddable":true,"href":"https:\/\/mhgequiposmedicos.com\/index.php\/wp-json\/wp\/v2\/product_tag?post=2685"}],"curies":[{"name":"wp","href":"https:\/\/api.w.org\/{rel}","templated":true}]}}