{"id":2551,"date":"2023-12-23T23:35:05","date_gmt":"2023-12-23T22:35:05","guid":{"rendered":"https:\/\/mhgequiposmedicos.com\/?post_type=product&#038;p=2551"},"modified":"2024-03-22T15:50:21","modified_gmt":"2024-03-22T20:50:21","slug":"nebulizador-marca-zitizen-de-tecnologia-japoneza","status":"publish","type":"product","link":"https:\/\/mhgequiposmedicos.com\/index.php\/product\/nebulizador-marca-zitizen-de-tecnologia-japoneza\/","title":{"rendered":"NEBULIZADOR MARCA CITIZEN"},"content":{"rendered":"","protected":false},"excerpt":{"rendered":"<p>Poder 120V 60Hz 2A \/ 220V 60Hz 1A \/ 230V 50Hz 1A<br \/>\nVolumen m\u00ednimo de llenado 2ml<br \/>\nVolumen m\u00e1ximo de llenado 8ml<br \/>\nTasa de nebulizaci\u00f3n 0,35 ml \/ min (promedio)<br \/>\nPresi\u00f3n m\u00e1xima 2,2 bares<br \/>\nTama\u00f1o de part\u00edcula 3,07 \u00b5m (MMAD)<br \/>\nFluir 5.31l \/ min<br \/>\nPeso Aproximadamente 1,5 kg<br \/>\nTama\u00f1o W130xD130xH117mm<br \/>\nNivel de ruido 52dBA (promedio)<br \/>\nVida \u00fatil esperada 1000 horas<br \/>\nAccesorios Boquilla, tubo de aire, mascarilla para adultos, mascarilla pedi\u00e1trica, filtros de aire de repuesto, pieza nasal, estuche de accesorios.<\/p>\n","protected":false},"featured_media":2552,"template":"","meta":{"_joinchat":[]},"product_cat":[115],"product_tag":[],"wooqr_code":"","yoast_head":"<!-- This site is optimized with the Yoast SEO plugin v21.7 - https:\/\/yoast.com\/wordpress\/plugins\/seo\/ -->\n<title>NEBULIZADOR MARCA CITIZEN - mhgequiposmedicos.com<\/title>\n<meta name=\"robots\" content=\"index, follow, max-snippet:-1, max-image-preview:large, max-video-preview:-1\" \/>\n<link rel=\"canonical\" href=\"https:\/\/mhgequiposmedicos.com\/index.php\/product\/nebulizador-marca-zitizen-de-tecnologia-japoneza\/\" \/>\n<meta property=\"og:locale\" content=\"es_ES\" \/>\n<meta property=\"og:type\" content=\"article\" \/>\n<meta property=\"og:title\" content=\"NEBULIZADOR MARCA CITIZEN - mhgequiposmedicos.com\" \/>\n<meta property=\"og:description\" content=\"Poder 120V 60Hz 2A \/ 220V 60Hz 1A \/ 230V 50Hz 1A Volumen m\u00ednimo de llenado 2ml Volumen m\u00e1ximo de llenado 8ml Tasa de nebulizaci\u00f3n 0,35 ml \/ min (promedio) Presi\u00f3n m\u00e1xima 2,2 bares Tama\u00f1o de part\u00edcula 3,07 \u00b5m (MMAD) Fluir 5.31l \/ min Peso Aproximadamente 1,5 kg Tama\u00f1o W130xD130xH117mm Nivel de ruido 52dBA (promedio) Vida \u00fatil esperada 1000 horas Accesorios Boquilla, tubo de aire, mascarilla para adultos, mascarilla pedi\u00e1trica, filtros de aire de repuesto, pieza nasal, estuche de accesorios.\" \/>\n<meta property=\"og:url\" content=\"https:\/\/mhgequiposmedicos.com\/index.php\/product\/nebulizador-marca-zitizen-de-tecnologia-japoneza\/\" \/>\n<meta property=\"og:site_name\" content=\"mhgequiposmedicos.com\" \/>\n<meta property=\"article:publisher\" content=\"https:\/\/www.facebook.com\/MORNINGHEALTHINGGROUP\" \/>\n<meta property=\"article:modified_time\" content=\"2024-03-22T20:50:21+00:00\" \/>\n<meta property=\"og:image\" content=\"http:\/\/mhgequiposmedicos.com\/wp-content\/uploads\/2023\/12\/NEBU-1.png\" \/>\n\t<meta property=\"og:image:width\" content=\"1414\" \/>\n\t<meta property=\"og:image:height\" content=\"2000\" \/>\n\t<meta property=\"og:image:type\" content=\"image\/png\" \/>\n<meta name=\"twitter:card\" content=\"summary_large_image\" \/>\n<script type=\"application\/ld+json\" class=\"yoast-schema-graph\">{\"@context\":\"https:\/\/schema.org\",\"@graph\":[{\"@type\":\"WebPage\",\"@id\":\"https:\/\/mhgequiposmedicos.com\/index.php\/product\/nebulizador-marca-zitizen-de-tecnologia-japoneza\/\",\"url\":\"https:\/\/mhgequiposmedicos.com\/index.php\/product\/nebulizador-marca-zitizen-de-tecnologia-japoneza\/\",\"name\":\"NEBULIZADOR MARCA CITIZEN - mhgequiposmedicos.com\",\"isPartOf\":{\"@id\":\"https:\/\/mhgequiposmedicos.com\/#website\"},\"datePublished\":\"2023-12-23T22:35:05+00:00\",\"dateModified\":\"2024-03-22T20:50:21+00:00\",\"breadcrumb\":{\"@id\":\"https:\/\/mhgequiposmedicos.com\/index.php\/product\/nebulizador-marca-zitizen-de-tecnologia-japoneza\/#breadcrumb\"},\"inLanguage\":\"es\",\"potentialAction\":[{\"@type\":\"ReadAction\",\"target\":[\"https:\/\/mhgequiposmedicos.com\/index.php\/product\/nebulizador-marca-zitizen-de-tecnologia-japoneza\/\"]}]},{\"@type\":\"BreadcrumbList\",\"@id\":\"https:\/\/mhgequiposmedicos.com\/index.php\/product\/nebulizador-marca-zitizen-de-tecnologia-japoneza\/#breadcrumb\",\"itemListElement\":[{\"@type\":\"ListItem\",\"position\":1,\"name\":\"Portada\",\"item\":\"https:\/\/mhgequiposmedicos.com\/\"},{\"@type\":\"ListItem\",\"position\":2,\"name\":\"Tienda\",\"item\":\"https:\/\/mhgequiposmedicos.com\/index.php\/tienda\/\"},{\"@type\":\"ListItem\",\"position\":3,\"name\":\"NEBULIZADOR MARCA CITIZEN\"}]},{\"@type\":\"WebSite\",\"@id\":\"https:\/\/mhgequiposmedicos.com\/#website\",\"url\":\"https:\/\/mhgequiposmedicos.com\/\",\"name\":\"mhgequiposmedicos.com\",\"description\":\"\",\"publisher\":{\"@id\":\"https:\/\/mhgequiposmedicos.com\/#organization\"},\"potentialAction\":[{\"@type\":\"SearchAction\",\"target\":{\"@type\":\"EntryPoint\",\"urlTemplate\":\"https:\/\/mhgequiposmedicos.com\/?s={search_term_string}\"},\"query-input\":\"required name=search_term_string\"}],\"inLanguage\":\"es\"},{\"@type\":\"Organization\",\"@id\":\"https:\/\/mhgequiposmedicos.com\/#organization\",\"name\":\"mhgequiposmedicos.com\",\"url\":\"https:\/\/mhgequiposmedicos.com\/\",\"logo\":{\"@type\":\"ImageObject\",\"inLanguage\":\"es\",\"@id\":\"https:\/\/mhgequiposmedicos.com\/#\/schema\/logo\/image\/\",\"url\":\"https:\/\/mhgequiposmedicos.com\/wp-content\/uploads\/2020\/04\/mhg-high-resolution-logo-transparent.png\",\"contentUrl\":\"https:\/\/mhgequiposmedicos.com\/wp-content\/uploads\/2020\/04\/mhg-high-resolution-logo-transparent.png\",\"width\":2000,\"height\":707,\"caption\":\"mhgequiposmedicos.com\"},\"image\":{\"@id\":\"https:\/\/mhgequiposmedicos.com\/#\/schema\/logo\/image\/\"},\"sameAs\":[\"https:\/\/www.facebook.com\/MORNINGHEALTHINGGROUP\"]}]}<\/script>\n<!-- \/ Yoast SEO plugin. -->","yoast_head_json":{"title":"NEBULIZADOR MARCA CITIZEN - mhgequiposmedicos.com","robots":{"index":"index","follow":"follow","max-snippet":"max-snippet:-1","max-image-preview":"max-image-preview:large","max-video-preview":"max-video-preview:-1"},"canonical":"https:\/\/mhgequiposmedicos.com\/index.php\/product\/nebulizador-marca-zitizen-de-tecnologia-japoneza\/","og_locale":"es_ES","og_type":"article","og_title":"NEBULIZADOR MARCA CITIZEN - mhgequiposmedicos.com","og_description":"Poder 120V 60Hz 2A \/ 220V 60Hz 1A \/ 230V 50Hz 1A Volumen m\u00ednimo de llenado 2ml Volumen m\u00e1ximo de llenado 8ml Tasa de nebulizaci\u00f3n 0,35 ml \/ min (promedio) Presi\u00f3n m\u00e1xima 2,2 bares Tama\u00f1o de part\u00edcula 3,07 \u00b5m (MMAD) Fluir 5.31l \/ min Peso Aproximadamente 1,5 kg Tama\u00f1o W130xD130xH117mm Nivel de ruido 52dBA (promedio) Vida \u00fatil esperada 1000 horas Accesorios Boquilla, tubo de aire, mascarilla para adultos, mascarilla pedi\u00e1trica, filtros de aire de repuesto, pieza nasal, estuche de accesorios.","og_url":"https:\/\/mhgequiposmedicos.com\/index.php\/product\/nebulizador-marca-zitizen-de-tecnologia-japoneza\/","og_site_name":"mhgequiposmedicos.com","article_publisher":"https:\/\/www.facebook.com\/MORNINGHEALTHINGGROUP","article_modified_time":"2024-03-22T20:50:21+00:00","og_image":[{"width":1414,"height":2000,"url":"http:\/\/mhgequiposmedicos.com\/wp-content\/uploads\/2023\/12\/NEBU-1.png","type":"image\/png"}],"twitter_card":"summary_large_image","schema":{"@context":"https:\/\/schema.org","@graph":[{"@type":"WebPage","@id":"https:\/\/mhgequiposmedicos.com\/index.php\/product\/nebulizador-marca-zitizen-de-tecnologia-japoneza\/","url":"https:\/\/mhgequiposmedicos.com\/index.php\/product\/nebulizador-marca-zitizen-de-tecnologia-japoneza\/","name":"NEBULIZADOR MARCA CITIZEN - mhgequiposmedicos.com","isPartOf":{"@id":"https:\/\/mhgequiposmedicos.com\/#website"},"datePublished":"2023-12-23T22:35:05+00:00","dateModified":"2024-03-22T20:50:21+00:00","breadcrumb":{"@id":"https:\/\/mhgequiposmedicos.com\/index.php\/product\/nebulizador-marca-zitizen-de-tecnologia-japoneza\/#breadcrumb"},"inLanguage":"es","potentialAction":[{"@type":"ReadAction","target":["https:\/\/mhgequiposmedicos.com\/index.php\/product\/nebulizador-marca-zitizen-de-tecnologia-japoneza\/"]}]},{"@type":"BreadcrumbList","@id":"https:\/\/mhgequiposmedicos.com\/index.php\/product\/nebulizador-marca-zitizen-de-tecnologia-japoneza\/#breadcrumb","itemListElement":[{"@type":"ListItem","position":1,"name":"Portada","item":"https:\/\/mhgequiposmedicos.com\/"},{"@type":"ListItem","position":2,"name":"Tienda","item":"https:\/\/mhgequiposmedicos.com\/index.php\/tienda\/"},{"@type":"ListItem","position":3,"name":"NEBULIZADOR MARCA CITIZEN"}]},{"@type":"WebSite","@id":"https:\/\/mhgequiposmedicos.com\/#website","url":"https:\/\/mhgequiposmedicos.com\/","name":"mhgequiposmedicos.com","description":"","publisher":{"@id":"https:\/\/mhgequiposmedicos.com\/#organization"},"potentialAction":[{"@type":"SearchAction","target":{"@type":"EntryPoint","urlTemplate":"https:\/\/mhgequiposmedicos.com\/?s={search_term_string}"},"query-input":"required name=search_term_string"}],"inLanguage":"es"},{"@type":"Organization","@id":"https:\/\/mhgequiposmedicos.com\/#organization","name":"mhgequiposmedicos.com","url":"https:\/\/mhgequiposmedicos.com\/","logo":{"@type":"ImageObject","inLanguage":"es","@id":"https:\/\/mhgequiposmedicos.com\/#\/schema\/logo\/image\/","url":"https:\/\/mhgequiposmedicos.com\/wp-content\/uploads\/2020\/04\/mhg-high-resolution-logo-transparent.png","contentUrl":"https:\/\/mhgequiposmedicos.com\/wp-content\/uploads\/2020\/04\/mhg-high-resolution-logo-transparent.png","width":2000,"height":707,"caption":"mhgequiposmedicos.com"},"image":{"@id":"https:\/\/mhgequiposmedicos.com\/#\/schema\/logo\/image\/"},"sameAs":["https:\/\/www.facebook.com\/MORNINGHEALTHINGGROUP"]}]}},"_links":{"self":[{"href":"https:\/\/mhgequiposmedicos.com\/index.php\/wp-json\/wp\/v2\/product\/2551"}],"collection":[{"href":"https:\/\/mhgequiposmedicos.com\/index.php\/wp-json\/wp\/v2\/product"}],"about":[{"href":"https:\/\/mhgequiposmedicos.com\/index.php\/wp-json\/wp\/v2\/types\/product"}],"version-history":[{"count":2,"href":"https:\/\/mhgequiposmedicos.com\/index.php\/wp-json\/wp\/v2\/product\/2551\/revisions"}],"predecessor-version":[{"id":3527,"href":"https:\/\/mhgequiposmedicos.com\/index.php\/wp-json\/wp\/v2\/product\/2551\/revisions\/3527"}],"wp:featuredmedia":[{"embeddable":true,"href":"https:\/\/mhgequiposmedicos.com\/index.php\/wp-json\/wp\/v2\/media\/2552"}],"wp:attachment":[{"href":"https:\/\/mhgequiposmedicos.com\/index.php\/wp-json\/wp\/v2\/media?parent=2551"}],"wp:term":[{"taxonomy":"product_cat","embeddable":true,"href":"https:\/\/mhgequiposmedicos.com\/index.php\/wp-json\/wp\/v2\/product_cat?post=2551"},{"taxonomy":"product_tag","embeddable":true,"href":"https:\/\/mhgequiposmedicos.com\/index.php\/wp-json\/wp\/v2\/product_tag?post=2551"}],"curies":[{"name":"wp","href":"https:\/\/api.w.org\/{rel}","templated":true}]}}