{"id":2388,"date":"2023-12-22T18:42:07","date_gmt":"2023-12-22T17:42:07","guid":{"rendered":"https:\/\/mhgequiposmedicos.com\/?post_type=product&#038;p=2388"},"modified":"2025-07-18T23:44:46","modified_gmt":"2025-07-19T04:44:46","slug":"balon-de-oxigeno-10m3-acero","status":"publish","type":"product","link":"https:\/\/mhgequiposmedicos.com\/index.php\/product\/balon-de-oxigeno-10m3-acero\/","title":{"rendered":"BALON DE OXIGENO 10M3 ACERO"},"content":{"rendered":"<p><span style=\"font-weight: 400;\">El Bal\u00f3n de Ox\u00edgeno de 10 M3 contiene ox\u00edgeno medicinal con un porcentaje de ox\u00edgeno con pureza del 99.5%, no requiere electricidad lo que los torna extremadamente confiables especialmente en utilizaci\u00f3n estacionaria.<br \/>\nEl Balon de Oxigeno ayuda al paciente a poder a suministrar oxigeno medicial 99 % puro , llegando hasta 15 litros por minuto de oxigeno , este oxigeno comprimido en el balon tambien permite nebulizar a su paciente\u00a0 ,<br \/>\nCuenta con sus accesorios completos listro para administrarlo con su paciente .<br \/>\nContamosm con un staff impecable que lo instalara en su mismo domicilio , el precio incluye el servicio a domcilio y todos los accesorios completos<a href=\"http:\/\/mhgequiposmedicos.com\/wp-content\/uploads\/2023\/12\/Importacion-de-Balon-de-Oxigeno-kit-completo-1.jpg\"><img fetchpriority=\"high\" decoding=\"async\" class=\"alignnone size-full wp-image-3523\" src=\"http:\/\/mhgequiposmedicos.com\/wp-content\/uploads\/2023\/12\/Importacion-de-Balon-de-Oxigeno-kit-completo-1.jpg\" alt=\"\" width=\"700\" height=\"800\" \/><\/a><\/span><\/p>\n<p>&nbsp;<\/p>\n","protected":false},"excerpt":{"rendered":"<ul>\n<li style=\"font-weight: 400;\" aria-level=\"1\"><span style=\"font-weight: 400;\">bal\u00f3n de ox\u00edgeno medicinal 10m3 Lleno<\/span><\/li>\n<li style=\"font-weight: 400;\" aria-level=\"1\"><span style=\"font-weight: 400;\">Capacidad: 50.8L<\/span><\/li>\n<li style=\"font-weight: 400;\" aria-level=\"1\"><span style=\"font-weight: 400;\">Peso: 56.8kg<\/span><\/li>\n<li style=\"font-weight: 400;\" aria-level=\"1\"><span style=\"font-weight: 400;\">Altura: 160cm<\/span><\/li>\n<li style=\"font-weight: 400;\" aria-level=\"1\"><span style=\"font-weight: 400;\">Diametro: 5.8MM<\/span><\/li>\n<li style=\"font-weight: 400;\" aria-level=\"1\"><span style=\"font-weight: 400;\">PH: 300BAR<\/span><\/li>\n<li style=\"font-weight: 400;\" aria-level=\"1\"><span style=\"font-weight: 400;\">Material:\u00a0<\/span><a href=\"https:\/\/es.wikipedia.org\/wiki\/Acero_al_cromo\"><span style=\"font-weight: 400;\">Acero Cromado<\/span><\/a><\/li>\n<li style=\"font-weight: 400;\" aria-level=\"1\"><span style=\"font-weight: 400;\">A\u00f1o: 2021\/04<\/span><\/li>\n<li style=\"font-weight: 400;\" aria-level=\"1\"><span style=\"font-weight: 400;\">Llenado con 3000psi con Certificado de Gases Medicinales al 99.5%<\/span><\/li>\n<li style=\"font-weight: 400;\" aria-level=\"1\"><span style=\"font-weight: 400;\">INCLUYE MANOMETRO , VASO HUMIDIFICADOR Y CANULA<\/span><\/li>\n<\/ul>\n","protected":false},"featured_media":3523,"template":"","meta":{"_joinchat":[]},"product_cat":[111,112],"product_tag":[],"wooqr_code":"","yoast_head":"<!-- This site is optimized with the Yoast SEO plugin v21.7 - https:\/\/yoast.com\/wordpress\/plugins\/seo\/ -->\n<title>BALON DE OXIGENO 10M3 ACERO - mhgequiposmedicos.com<\/title>\n<meta name=\"robots\" content=\"index, follow, max-snippet:-1, max-image-preview:large, max-video-preview:-1\" \/>\n<link rel=\"canonical\" href=\"https:\/\/mhgequiposmedicos.com\/index.php\/product\/balon-de-oxigeno-10m3-acero\/\" \/>\n<meta property=\"og:locale\" content=\"es_ES\" \/>\n<meta property=\"og:type\" content=\"article\" \/>\n<meta property=\"og:title\" content=\"BALON DE OXIGENO 10M3 ACERO - mhgequiposmedicos.com\" \/>\n<meta property=\"og:description\" content=\"bal\u00f3n de ox\u00edgeno medicinal 10m3 Lleno  Capacidad: 50.8L  Peso: 56.8kg  Altura: 160cm  Diametro: 5.8MM  PH: 300BAR  Material:\u00a0Acero Cromado  A\u00f1o: 2021\/04  Llenado con 3000psi con Certificado de Gases Medicinales al 99.5%  INCLUYE MANOMETRO , VASO HUMIDIFICADOR Y CANULA\" \/>\n<meta property=\"og:url\" content=\"https:\/\/mhgequiposmedicos.com\/index.php\/product\/balon-de-oxigeno-10m3-acero\/\" \/>\n<meta property=\"og:site_name\" content=\"mhgequiposmedicos.com\" \/>\n<meta property=\"article:publisher\" content=\"https:\/\/www.facebook.com\/MORNINGHEALTHINGGROUP\" \/>\n<meta property=\"article:modified_time\" content=\"2025-07-19T04:44:46+00:00\" \/>\n<meta property=\"og:image\" content=\"http:\/\/mhgequiposmedicos.com\/wp-content\/uploads\/2023\/12\/Importacion-de-Balon-de-Oxigeno-kit-completo-1.jpg\" \/>\n\t<meta property=\"og:image:width\" content=\"700\" \/>\n\t<meta property=\"og:image:height\" content=\"800\" \/>\n\t<meta property=\"og:image:type\" content=\"image\/jpeg\" \/>\n<meta name=\"twitter:card\" content=\"summary_large_image\" \/>\n<meta name=\"twitter:label1\" content=\"Tiempo de lectura\" \/>\n\t<meta name=\"twitter:data1\" content=\"1 minuto\" \/>\n<script type=\"application\/ld+json\" class=\"yoast-schema-graph\">{\"@context\":\"https:\/\/schema.org\",\"@graph\":[{\"@type\":\"WebPage\",\"@id\":\"https:\/\/mhgequiposmedicos.com\/index.php\/product\/balon-de-oxigeno-10m3-acero\/\",\"url\":\"https:\/\/mhgequiposmedicos.com\/index.php\/product\/balon-de-oxigeno-10m3-acero\/\",\"name\":\"BALON DE OXIGENO 10M3 ACERO - mhgequiposmedicos.com\",\"isPartOf\":{\"@id\":\"https:\/\/mhgequiposmedicos.com\/#website\"},\"datePublished\":\"2023-12-22T17:42:07+00:00\",\"dateModified\":\"2025-07-19T04:44:46+00:00\",\"breadcrumb\":{\"@id\":\"https:\/\/mhgequiposmedicos.com\/index.php\/product\/balon-de-oxigeno-10m3-acero\/#breadcrumb\"},\"inLanguage\":\"es\",\"potentialAction\":[{\"@type\":\"ReadAction\",\"target\":[\"https:\/\/mhgequiposmedicos.com\/index.php\/product\/balon-de-oxigeno-10m3-acero\/\"]}]},{\"@type\":\"BreadcrumbList\",\"@id\":\"https:\/\/mhgequiposmedicos.com\/index.php\/product\/balon-de-oxigeno-10m3-acero\/#breadcrumb\",\"itemListElement\":[{\"@type\":\"ListItem\",\"position\":1,\"name\":\"Portada\",\"item\":\"https:\/\/mhgequiposmedicos.com\/\"},{\"@type\":\"ListItem\",\"position\":2,\"name\":\"Tienda\",\"item\":\"https:\/\/mhgequiposmedicos.com\/index.php\/tienda\/\"},{\"@type\":\"ListItem\",\"position\":3,\"name\":\"BALON DE OXIGENO 10M3 ACERO\"}]},{\"@type\":\"WebSite\",\"@id\":\"https:\/\/mhgequiposmedicos.com\/#website\",\"url\":\"https:\/\/mhgequiposmedicos.com\/\",\"name\":\"mhgequiposmedicos.com\",\"description\":\"\",\"publisher\":{\"@id\":\"https:\/\/mhgequiposmedicos.com\/#organization\"},\"potentialAction\":[{\"@type\":\"SearchAction\",\"target\":{\"@type\":\"EntryPoint\",\"urlTemplate\":\"https:\/\/mhgequiposmedicos.com\/?s={search_term_string}\"},\"query-input\":\"required name=search_term_string\"}],\"inLanguage\":\"es\"},{\"@type\":\"Organization\",\"@id\":\"https:\/\/mhgequiposmedicos.com\/#organization\",\"name\":\"mhgequiposmedicos.com\",\"url\":\"https:\/\/mhgequiposmedicos.com\/\",\"logo\":{\"@type\":\"ImageObject\",\"inLanguage\":\"es\",\"@id\":\"https:\/\/mhgequiposmedicos.com\/#\/schema\/logo\/image\/\",\"url\":\"https:\/\/mhgequiposmedicos.com\/wp-content\/uploads\/2020\/04\/mhg-high-resolution-logo-transparent.png\",\"contentUrl\":\"https:\/\/mhgequiposmedicos.com\/wp-content\/uploads\/2020\/04\/mhg-high-resolution-logo-transparent.png\",\"width\":2000,\"height\":707,\"caption\":\"mhgequiposmedicos.com\"},\"image\":{\"@id\":\"https:\/\/mhgequiposmedicos.com\/#\/schema\/logo\/image\/\"},\"sameAs\":[\"https:\/\/www.facebook.com\/MORNINGHEALTHINGGROUP\"]}]}<\/script>\n<!-- \/ Yoast SEO plugin. -->","yoast_head_json":{"title":"BALON DE OXIGENO 10M3 ACERO - mhgequiposmedicos.com","robots":{"index":"index","follow":"follow","max-snippet":"max-snippet:-1","max-image-preview":"max-image-preview:large","max-video-preview":"max-video-preview:-1"},"canonical":"https:\/\/mhgequiposmedicos.com\/index.php\/product\/balon-de-oxigeno-10m3-acero\/","og_locale":"es_ES","og_type":"article","og_title":"BALON DE OXIGENO 10M3 ACERO - mhgequiposmedicos.com","og_description":"bal\u00f3n de ox\u00edgeno medicinal 10m3 Lleno  Capacidad: 50.8L  Peso: 56.8kg  Altura: 160cm  Diametro: 5.8MM  PH: 300BAR  Material:\u00a0Acero Cromado  A\u00f1o: 2021\/04  Llenado con 3000psi con Certificado de Gases Medicinales al 99.5%  INCLUYE MANOMETRO , VASO HUMIDIFICADOR Y CANULA","og_url":"https:\/\/mhgequiposmedicos.com\/index.php\/product\/balon-de-oxigeno-10m3-acero\/","og_site_name":"mhgequiposmedicos.com","article_publisher":"https:\/\/www.facebook.com\/MORNINGHEALTHINGGROUP","article_modified_time":"2025-07-19T04:44:46+00:00","og_image":[{"width":700,"height":800,"url":"http:\/\/mhgequiposmedicos.com\/wp-content\/uploads\/2023\/12\/Importacion-de-Balon-de-Oxigeno-kit-completo-1.jpg","type":"image\/jpeg"}],"twitter_card":"summary_large_image","twitter_misc":{"Tiempo de lectura":"1 minuto"},"schema":{"@context":"https:\/\/schema.org","@graph":[{"@type":"WebPage","@id":"https:\/\/mhgequiposmedicos.com\/index.php\/product\/balon-de-oxigeno-10m3-acero\/","url":"https:\/\/mhgequiposmedicos.com\/index.php\/product\/balon-de-oxigeno-10m3-acero\/","name":"BALON DE OXIGENO 10M3 ACERO - mhgequiposmedicos.com","isPartOf":{"@id":"https:\/\/mhgequiposmedicos.com\/#website"},"datePublished":"2023-12-22T17:42:07+00:00","dateModified":"2025-07-19T04:44:46+00:00","breadcrumb":{"@id":"https:\/\/mhgequiposmedicos.com\/index.php\/product\/balon-de-oxigeno-10m3-acero\/#breadcrumb"},"inLanguage":"es","potentialAction":[{"@type":"ReadAction","target":["https:\/\/mhgequiposmedicos.com\/index.php\/product\/balon-de-oxigeno-10m3-acero\/"]}]},{"@type":"BreadcrumbList","@id":"https:\/\/mhgequiposmedicos.com\/index.php\/product\/balon-de-oxigeno-10m3-acero\/#breadcrumb","itemListElement":[{"@type":"ListItem","position":1,"name":"Portada","item":"https:\/\/mhgequiposmedicos.com\/"},{"@type":"ListItem","position":2,"name":"Tienda","item":"https:\/\/mhgequiposmedicos.com\/index.php\/tienda\/"},{"@type":"ListItem","position":3,"name":"BALON DE OXIGENO 10M3 ACERO"}]},{"@type":"WebSite","@id":"https:\/\/mhgequiposmedicos.com\/#website","url":"https:\/\/mhgequiposmedicos.com\/","name":"mhgequiposmedicos.com","description":"","publisher":{"@id":"https:\/\/mhgequiposmedicos.com\/#organization"},"potentialAction":[{"@type":"SearchAction","target":{"@type":"EntryPoint","urlTemplate":"https:\/\/mhgequiposmedicos.com\/?s={search_term_string}"},"query-input":"required name=search_term_string"}],"inLanguage":"es"},{"@type":"Organization","@id":"https:\/\/mhgequiposmedicos.com\/#organization","name":"mhgequiposmedicos.com","url":"https:\/\/mhgequiposmedicos.com\/","logo":{"@type":"ImageObject","inLanguage":"es","@id":"https:\/\/mhgequiposmedicos.com\/#\/schema\/logo\/image\/","url":"https:\/\/mhgequiposmedicos.com\/wp-content\/uploads\/2020\/04\/mhg-high-resolution-logo-transparent.png","contentUrl":"https:\/\/mhgequiposmedicos.com\/wp-content\/uploads\/2020\/04\/mhg-high-resolution-logo-transparent.png","width":2000,"height":707,"caption":"mhgequiposmedicos.com"},"image":{"@id":"https:\/\/mhgequiposmedicos.com\/#\/schema\/logo\/image\/"},"sameAs":["https:\/\/www.facebook.com\/MORNINGHEALTHINGGROUP"]}]}},"_links":{"self":[{"href":"https:\/\/mhgequiposmedicos.com\/index.php\/wp-json\/wp\/v2\/product\/2388"}],"collection":[{"href":"https:\/\/mhgequiposmedicos.com\/index.php\/wp-json\/wp\/v2\/product"}],"about":[{"href":"https:\/\/mhgequiposmedicos.com\/index.php\/wp-json\/wp\/v2\/types\/product"}],"version-history":[{"count":4,"href":"https:\/\/mhgequiposmedicos.com\/index.php\/wp-json\/wp\/v2\/product\/2388\/revisions"}],"predecessor-version":[{"id":3595,"href":"https:\/\/mhgequiposmedicos.com\/index.php\/wp-json\/wp\/v2\/product\/2388\/revisions\/3595"}],"wp:featuredmedia":[{"embeddable":true,"href":"https:\/\/mhgequiposmedicos.com\/index.php\/wp-json\/wp\/v2\/media\/3523"}],"wp:attachment":[{"href":"https:\/\/mhgequiposmedicos.com\/index.php\/wp-json\/wp\/v2\/media?parent=2388"}],"wp:term":[{"taxonomy":"product_cat","embeddable":true,"href":"https:\/\/mhgequiposmedicos.com\/index.php\/wp-json\/wp\/v2\/product_cat?post=2388"},{"taxonomy":"product_tag","embeddable":true,"href":"https:\/\/mhgequiposmedicos.com\/index.php\/wp-json\/wp\/v2\/product_tag?post=2388"}],"curies":[{"name":"wp","href":"https:\/\/api.w.org\/{rel}","templated":true}]}}