{"id":2380,"date":"2023-12-22T18:26:14","date_gmt":"2023-12-22T17:26:14","guid":{"rendered":"https:\/\/mhgequiposmedicos.com\/?post_type=product&#038;p=2380"},"modified":"2024-11-08T17:09:20","modified_gmt":"2024-11-08T22:09:20","slug":"concentrador-aerti-10lpm-tecnologia-americana","status":"publish","type":"product","link":"https:\/\/mhgequiposmedicos.com\/index.php\/product\/concentrador-aerti-10lpm-tecnologia-americana\/","title":{"rendered":"CONCENTRADOR AERTI 10LPM TECNOLOGIA AMERICANA"},"content":{"rendered":"<ul>\n<li>Concentrador de ox\u00edgeno AERTI 10 LPM es un equipo tecnologia americana cuenta con 3 funciones ayudando al paciente en su monitoreo diario para el mejor diagnostico y tratamiento.<br \/>\nEvita el uso de bal\u00f3n, adecuado para 24 horas de funcionamiento. Bajo Ruido.<\/p>\n<ul>\n<li>Concentrador de Ox\u00edgeno Aerti de 10 LPM<\/li>\n<li>Flujo de 0 a 10 LPM<\/li>\n<li>Pureza de ox\u00edgeno de 93% +- 3%<\/li>\n<li>24 Horas de Uso<\/li>\n<li>Bajo Ruido<\/li>\n<li>1 Fluj\u00f3metro<\/li>\n<li>Incluye: 1 Botella Humidificadora, 1 Sensor Spo2 ,1 tubo de conexi\u00f3n de ox\u00edgeno, 1 Filtro, 1 Filtro de gran eficiencia, 2 C\u00e1nulas de Ox\u00edgeno, 1 Cable de Poder, 1 Manual de Uso.<\/li>\n<\/ul>\n<\/li>\n<\/ul>\n<p><strong><img fetchpriority=\"high\" decoding=\"async\" class=\"alignnone size-full wp-image-880 lazyloaded\" src=\"https:\/\/altomedicperu.com\/wp-content\/uploads\/2022\/08\/Ae-5-5L-Mobile-Oilless-Compressor-Electrico-Filtros-Concentrador-De-Oxigeno-for-Homeuse-15-2.webp\" sizes=\"(max-width: 750px) 100vw, 750px\" srcset=\"https:\/\/altomedicperu.com\/wp-content\/uploads\/2022\/08\/Ae-5-5L-Mobile-Oilless-Compressor-Electrico-Filtros-Concentrador-De-Oxigeno-for-Homeuse-15-2.webp 750w, https:\/\/altomedicperu.com\/wp-content\/uploads\/2022\/08\/Ae-5-5L-Mobile-Oilless-Compressor-Electrico-Filtros-Concentrador-De-Oxigeno-for-Homeuse-15-2-600x796.webp 600w\" alt=\"\" width=\"750\" height=\"995\" data-srcset=\"https:\/\/altomedicperu.com\/wp-content\/uploads\/2022\/08\/Ae-5-5L-Mobile-Oilless-Compressor-Electrico-Filtros-Concentrador-De-Oxigeno-for-Homeuse-15-2.webp 750w, https:\/\/altomedicperu.com\/wp-content\/uploads\/2022\/08\/Ae-5-5L-Mobile-Oilless-Compressor-Electrico-Filtros-Concentrador-De-Oxigeno-for-Homeuse-15-2-600x796.webp 600w\" data-src=\"https:\/\/altomedicperu.com\/wp-content\/uploads\/2022\/08\/Ae-5-5L-Mobile-Oilless-Compressor-Electrico-Filtros-Concentrador-De-Oxigeno-for-Homeuse-15-2.webp\" data-sizes=\"(max-width: 750px) 100vw, 750px\" \/>\u00a0<img decoding=\"async\" class=\"alignnone size-full wp-image-883 lazyloaded\" src=\"https:\/\/altomedicperu.com\/wp-content\/uploads\/2022\/08\/Ae-5-5L-Mobile-Oilless-Compressor-Electrico-Filtros-Concentrador-De-Oxigeno-for-Homeuse-12-2.webp\" sizes=\"(max-width: 750px) 100vw, 750px\" srcset=\"https:\/\/altomedicperu.com\/wp-content\/uploads\/2022\/08\/Ae-5-5L-Mobile-Oilless-Compressor-Electrico-Filtros-Concentrador-De-Oxigeno-for-Homeuse-12-2.webp 750w, https:\/\/altomedicperu.com\/wp-content\/uploads\/2022\/08\/Ae-5-5L-Mobile-Oilless-Compressor-Electrico-Filtros-Concentrador-De-Oxigeno-for-Homeuse-12-2-600x758.webp 600w\" alt=\"\" width=\"750\" height=\"947\" data-srcset=\"https:\/\/altomedicperu.com\/wp-content\/uploads\/2022\/08\/Ae-5-5L-Mobile-Oilless-Compressor-Electrico-Filtros-Concentrador-De-Oxigeno-for-Homeuse-12-2.webp 750w, https:\/\/altomedicperu.com\/wp-content\/uploads\/2022\/08\/Ae-5-5L-Mobile-Oilless-Compressor-Electrico-Filtros-Concentrador-De-Oxigeno-for-Homeuse-12-2-600x758.webp 600w\" data-src=\"https:\/\/altomedicperu.com\/wp-content\/uploads\/2022\/08\/Ae-5-5L-Mobile-Oilless-Compressor-Electrico-Filtros-Concentrador-De-Oxigeno-for-Homeuse-12-2.webp\" data-sizes=\"(max-width: 750px) 100vw, 750px\" \/>\u00a0<img decoding=\"async\" class=\"alignnone size-full wp-image-872 lazyloaded\" src=\"https:\/\/altomedicperu.com\/wp-content\/uploads\/2022\/08\/Nebulization-Function-3L-5L-8L-10L-Medical-Homecare-Mobile-Portable-Oxygen-Concentrator-5-1.webp\" sizes=\"(max-width: 1060px) 100vw, 1060px\" srcset=\"https:\/\/altomedicperu.com\/wp-content\/uploads\/2022\/08\/Nebulization-Function-3L-5L-8L-10L-Medical-Homecare-Mobile-Portable-Oxygen-Concentrator-5-1.webp 1060w, https:\/\/altomedicperu.com\/wp-content\/uploads\/2022\/08\/Nebulization-Function-3L-5L-8L-10L-Medical-Homecare-Mobile-Portable-Oxygen-Concentrator-5-1-768x780.webp 768w, https:\/\/altomedicperu.com\/wp-content\/uploads\/2022\/08\/Nebulization-Function-3L-5L-8L-10L-Medical-Homecare-Mobile-Portable-Oxygen-Concentrator-5-1-40x40.webp 40w, https:\/\/altomedicperu.com\/wp-content\/uploads\/2022\/08\/Nebulization-Function-3L-5L-8L-10L-Medical-Homecare-Mobile-Portable-Oxygen-Concentrator-5-1-600x610.webp 600w\" alt=\"\" width=\"1060\" height=\"1077\" data-srcset=\"https:\/\/altomedicperu.com\/wp-content\/uploads\/2022\/08\/Nebulization-Function-3L-5L-8L-10L-Medical-Homecare-Mobile-Portable-Oxygen-Concentrator-5-1.webp 1060w, https:\/\/altomedicperu.com\/wp-content\/uploads\/2022\/08\/Nebulization-Function-3L-5L-8L-10L-Medical-Homecare-Mobile-Portable-Oxygen-Concentrator-5-1-768x780.webp 768w, https:\/\/altomedicperu.com\/wp-content\/uploads\/2022\/08\/Nebulization-Function-3L-5L-8L-10L-Medical-Homecare-Mobile-Portable-Oxygen-Concentrator-5-1-40x40.webp 40w, https:\/\/altomedicperu.com\/wp-content\/uploads\/2022\/08\/Nebulization-Function-3L-5L-8L-10L-Medical-Homecare-Mobile-Portable-Oxygen-Concentrator-5-1-600x610.webp 600w\" data-src=\"https:\/\/altomedicperu.com\/wp-content\/uploads\/2022\/08\/Nebulization-Function-3L-5L-8L-10L-Medical-Homecare-Mobile-Portable-Oxygen-Concentrator-5-1.webp\" data-sizes=\"(max-width: 1060px) 100vw, 1060px\" \/>\u00a0<img loading=\"lazy\" decoding=\"async\" class=\"alignnone size-full wp-image-871 lazyloaded\" src=\"https:\/\/altomedicperu.com\/wp-content\/uploads\/2022\/08\/Nebulization-Function-3L-5L-8L-10L-Medical-Homecare-Mobile-Portable-Oxygen-Concentrator-6-1.webp\" sizes=\"(max-width: 1060px) 100vw, 1060px\" srcset=\"https:\/\/altomedicperu.com\/wp-content\/uploads\/2022\/08\/Nebulization-Function-3L-5L-8L-10L-Medical-Homecare-Mobile-Portable-Oxygen-Concentrator-6-1.webp 1060w, https:\/\/altomedicperu.com\/wp-content\/uploads\/2022\/08\/Nebulization-Function-3L-5L-8L-10L-Medical-Homecare-Mobile-Portable-Oxygen-Concentrator-6-1-768x714.webp 768w, https:\/\/altomedicperu.com\/wp-content\/uploads\/2022\/08\/Nebulization-Function-3L-5L-8L-10L-Medical-Homecare-Mobile-Portable-Oxygen-Concentrator-6-1-600x558.webp 600w\" alt=\"\" width=\"1060\" height=\"985\" data-srcset=\"https:\/\/altomedicperu.com\/wp-content\/uploads\/2022\/08\/Nebulization-Function-3L-5L-8L-10L-Medical-Homecare-Mobile-Portable-Oxygen-Concentrator-6-1.webp 1060w, https:\/\/altomedicperu.com\/wp-content\/uploads\/2022\/08\/Nebulization-Function-3L-5L-8L-10L-Medical-Homecare-Mobile-Portable-Oxygen-Concentrator-6-1-768x714.webp 768w, https:\/\/altomedicperu.com\/wp-content\/uploads\/2022\/08\/Nebulization-Function-3L-5L-8L-10L-Medical-Homecare-Mobile-Portable-Oxygen-Concentrator-6-1-600x558.webp 600w\" data-src=\"https:\/\/altomedicperu.com\/wp-content\/uploads\/2022\/08\/Nebulization-Function-3L-5L-8L-10L-Medical-Homecare-Mobile-Portable-Oxygen-Concentrator-6-1.webp\" data-sizes=\"(max-width: 1060px) 100vw, 1060px\" \/>\u00a0<img loading=\"lazy\" decoding=\"async\" class=\"alignnone size-full wp-image-873 ls-is-cached lazyloaded\" src=\"https:\/\/altomedicperu.com\/wp-content\/uploads\/2022\/08\/Nebulization-Function-3L-5L-8L-10L-Medical-Homecare-Mobile-Portable-Oxygen-Concentrator-4-2.webp\" sizes=\"(max-width: 1060px) 100vw, 1060px\" srcset=\"https:\/\/altomedicperu.com\/wp-content\/uploads\/2022\/08\/Nebulization-Function-3L-5L-8L-10L-Medical-Homecare-Mobile-Portable-Oxygen-Concentrator-4-2.webp 1060w, https:\/\/altomedicperu.com\/wp-content\/uploads\/2022\/08\/Nebulization-Function-3L-5L-8L-10L-Medical-Homecare-Mobile-Portable-Oxygen-Concentrator-4-2-768x867.webp 768w, https:\/\/altomedicperu.com\/wp-content\/uploads\/2022\/08\/Nebulization-Function-3L-5L-8L-10L-Medical-Homecare-Mobile-Portable-Oxygen-Concentrator-4-2-600x678.webp 600w\" alt=\"\" width=\"1060\" height=\"1197\" data-srcset=\"https:\/\/altomedicperu.com\/wp-content\/uploads\/2022\/08\/Nebulization-Function-3L-5L-8L-10L-Medical-Homecare-Mobile-Portable-Oxygen-Concentrator-4-2.webp 1060w, https:\/\/altomedicperu.com\/wp-content\/uploads\/2022\/08\/Nebulization-Function-3L-5L-8L-10L-Medical-Homecare-Mobile-Portable-Oxygen-Concentrator-4-2-768x867.webp 768w, https:\/\/altomedicperu.com\/wp-content\/uploads\/2022\/08\/Nebulization-Function-3L-5L-8L-10L-Medical-Homecare-Mobile-Portable-Oxygen-Concentrator-4-2-600x678.webp 600w\" data-src=\"https:\/\/altomedicperu.com\/wp-content\/uploads\/2022\/08\/Nebulization-Function-3L-5L-8L-10L-Medical-Homecare-Mobile-Portable-Oxygen-Concentrator-4-2.webp\" data-sizes=\"(max-width: 1060px) 100vw, 1060px\" \/><\/strong><\/p>\n<p>&nbsp;<\/p>\n","protected":false},"excerpt":{"rendered":"<p>Concentrador de Ox\u00edgeno Aerti de 10 LPM<br \/>\nFlujo de 0 a 10 LPM<br \/>\nPureza de ox\u00edgeno de 93% +- 3%<br \/>\n24 Horas de Uso<br \/>\nBajo Ruido<br \/>\n1 Fluj\u00f3metro<br \/>\nIncluye: 1 Botella Humidificadora, 1 Sensor Spo2, 1 tubo de conexi\u00f3n de ox\u00edgeno, 1 Filtro, 1 Filtro de gran eficiencia, 2 C\u00e1nulas de Ox\u00edgeno, 1 Cable de Poder, 1 Manual de Uso<\/p>\n","protected":false},"featured_media":2382,"template":"","meta":{"_joinchat":[]},"product_cat":[104,109,116],"product_tag":[],"wooqr_code":"","yoast_head":"<!-- This site is optimized with the Yoast SEO plugin v21.7 - https:\/\/yoast.com\/wordpress\/plugins\/seo\/ -->\n<title>CONCENTRADOR AERTI 10LPM TECNOLOGIA AMERICANA - mhgequiposmedicos.com<\/title>\n<meta name=\"robots\" content=\"index, follow, max-snippet:-1, max-image-preview:large, max-video-preview:-1\" \/>\n<link rel=\"canonical\" href=\"https:\/\/mhgequiposmedicos.com\/index.php\/product\/concentrador-aerti-10lpm-tecnologia-americana\/\" \/>\n<meta property=\"og:locale\" content=\"es_ES\" \/>\n<meta property=\"og:type\" content=\"article\" \/>\n<meta property=\"og:title\" content=\"CONCENTRADOR AERTI 10LPM TECNOLOGIA AMERICANA - mhgequiposmedicos.com\" \/>\n<meta property=\"og:description\" content=\"Concentrador de Ox\u00edgeno Aerti de 10 LPM Flujo de 0 a 10 LPM Pureza de ox\u00edgeno de 93% +- 3% 24 Horas de Uso Bajo Ruido 1 Fluj\u00f3metro Incluye: 1 Botella Humidificadora, 1 Sensor Spo2, 1 tubo de conexi\u00f3n de ox\u00edgeno, 1 Filtro, 1 Filtro de gran eficiencia, 2 C\u00e1nulas de Ox\u00edgeno, 1 Cable de Poder, 1 Manual de Uso\" \/>\n<meta property=\"og:url\" content=\"https:\/\/mhgequiposmedicos.com\/index.php\/product\/concentrador-aerti-10lpm-tecnologia-americana\/\" \/>\n<meta property=\"og:site_name\" content=\"mhgequiposmedicos.com\" \/>\n<meta property=\"article:publisher\" content=\"https:\/\/www.facebook.com\/MORNINGHEALTHINGGROUP\" \/>\n<meta property=\"article:modified_time\" content=\"2024-11-08T22:09:20+00:00\" \/>\n<meta property=\"og:image\" content=\"http:\/\/mhgequiposmedicos.com\/wp-content\/uploads\/2023\/12\/AERTI-2.jpg\" \/>\n\t<meta property=\"og:image:width\" content=\"640\" \/>\n\t<meta property=\"og:image:height\" content=\"640\" \/>\n\t<meta property=\"og:image:type\" content=\"image\/jpeg\" \/>\n<meta name=\"twitter:card\" content=\"summary_large_image\" \/>\n<meta name=\"twitter:label1\" content=\"Tiempo de lectura\" \/>\n\t<meta name=\"twitter:data1\" content=\"2 minutos\" \/>\n<script type=\"application\/ld+json\" class=\"yoast-schema-graph\">{\"@context\":\"https:\/\/schema.org\",\"@graph\":[{\"@type\":\"WebPage\",\"@id\":\"https:\/\/mhgequiposmedicos.com\/index.php\/product\/concentrador-aerti-10lpm-tecnologia-americana\/\",\"url\":\"https:\/\/mhgequiposmedicos.com\/index.php\/product\/concentrador-aerti-10lpm-tecnologia-americana\/\",\"name\":\"CONCENTRADOR AERTI 10LPM TECNOLOGIA AMERICANA - mhgequiposmedicos.com\",\"isPartOf\":{\"@id\":\"https:\/\/mhgequiposmedicos.com\/#website\"},\"datePublished\":\"2023-12-22T17:26:14+00:00\",\"dateModified\":\"2024-11-08T22:09:20+00:00\",\"breadcrumb\":{\"@id\":\"https:\/\/mhgequiposmedicos.com\/index.php\/product\/concentrador-aerti-10lpm-tecnologia-americana\/#breadcrumb\"},\"inLanguage\":\"es\",\"potentialAction\":[{\"@type\":\"ReadAction\",\"target\":[\"https:\/\/mhgequiposmedicos.com\/index.php\/product\/concentrador-aerti-10lpm-tecnologia-americana\/\"]}]},{\"@type\":\"BreadcrumbList\",\"@id\":\"https:\/\/mhgequiposmedicos.com\/index.php\/product\/concentrador-aerti-10lpm-tecnologia-americana\/#breadcrumb\",\"itemListElement\":[{\"@type\":\"ListItem\",\"position\":1,\"name\":\"Portada\",\"item\":\"https:\/\/mhgequiposmedicos.com\/\"},{\"@type\":\"ListItem\",\"position\":2,\"name\":\"Tienda\",\"item\":\"https:\/\/mhgequiposmedicos.com\/index.php\/tienda\/\"},{\"@type\":\"ListItem\",\"position\":3,\"name\":\"CONCENTRADOR AERTI 10LPM TECNOLOGIA AMERICANA\"}]},{\"@type\":\"WebSite\",\"@id\":\"https:\/\/mhgequiposmedicos.com\/#website\",\"url\":\"https:\/\/mhgequiposmedicos.com\/\",\"name\":\"mhgequiposmedicos.com\",\"description\":\"\",\"publisher\":{\"@id\":\"https:\/\/mhgequiposmedicos.com\/#organization\"},\"potentialAction\":[{\"@type\":\"SearchAction\",\"target\":{\"@type\":\"EntryPoint\",\"urlTemplate\":\"https:\/\/mhgequiposmedicos.com\/?s={search_term_string}\"},\"query-input\":\"required name=search_term_string\"}],\"inLanguage\":\"es\"},{\"@type\":\"Organization\",\"@id\":\"https:\/\/mhgequiposmedicos.com\/#organization\",\"name\":\"mhgequiposmedicos.com\",\"url\":\"https:\/\/mhgequiposmedicos.com\/\",\"logo\":{\"@type\":\"ImageObject\",\"inLanguage\":\"es\",\"@id\":\"https:\/\/mhgequiposmedicos.com\/#\/schema\/logo\/image\/\",\"url\":\"https:\/\/mhgequiposmedicos.com\/wp-content\/uploads\/2020\/04\/mhg-high-resolution-logo-transparent.png\",\"contentUrl\":\"https:\/\/mhgequiposmedicos.com\/wp-content\/uploads\/2020\/04\/mhg-high-resolution-logo-transparent.png\",\"width\":2000,\"height\":707,\"caption\":\"mhgequiposmedicos.com\"},\"image\":{\"@id\":\"https:\/\/mhgequiposmedicos.com\/#\/schema\/logo\/image\/\"},\"sameAs\":[\"https:\/\/www.facebook.com\/MORNINGHEALTHINGGROUP\"]}]}<\/script>\n<!-- \/ Yoast SEO plugin. -->","yoast_head_json":{"title":"CONCENTRADOR AERTI 10LPM TECNOLOGIA AMERICANA - mhgequiposmedicos.com","robots":{"index":"index","follow":"follow","max-snippet":"max-snippet:-1","max-image-preview":"max-image-preview:large","max-video-preview":"max-video-preview:-1"},"canonical":"https:\/\/mhgequiposmedicos.com\/index.php\/product\/concentrador-aerti-10lpm-tecnologia-americana\/","og_locale":"es_ES","og_type":"article","og_title":"CONCENTRADOR AERTI 10LPM TECNOLOGIA AMERICANA - mhgequiposmedicos.com","og_description":"Concentrador de Ox\u00edgeno Aerti de 10 LPM Flujo de 0 a 10 LPM Pureza de ox\u00edgeno de 93% +- 3% 24 Horas de Uso Bajo Ruido 1 Fluj\u00f3metro Incluye: 1 Botella Humidificadora, 1 Sensor Spo2, 1 tubo de conexi\u00f3n de ox\u00edgeno, 1 Filtro, 1 Filtro de gran eficiencia, 2 C\u00e1nulas de Ox\u00edgeno, 1 Cable de Poder, 1 Manual de Uso","og_url":"https:\/\/mhgequiposmedicos.com\/index.php\/product\/concentrador-aerti-10lpm-tecnologia-americana\/","og_site_name":"mhgequiposmedicos.com","article_publisher":"https:\/\/www.facebook.com\/MORNINGHEALTHINGGROUP","article_modified_time":"2024-11-08T22:09:20+00:00","og_image":[{"width":640,"height":640,"url":"http:\/\/mhgequiposmedicos.com\/wp-content\/uploads\/2023\/12\/AERTI-2.jpg","type":"image\/jpeg"}],"twitter_card":"summary_large_image","twitter_misc":{"Tiempo de lectura":"2 minutos"},"schema":{"@context":"https:\/\/schema.org","@graph":[{"@type":"WebPage","@id":"https:\/\/mhgequiposmedicos.com\/index.php\/product\/concentrador-aerti-10lpm-tecnologia-americana\/","url":"https:\/\/mhgequiposmedicos.com\/index.php\/product\/concentrador-aerti-10lpm-tecnologia-americana\/","name":"CONCENTRADOR AERTI 10LPM TECNOLOGIA AMERICANA - mhgequiposmedicos.com","isPartOf":{"@id":"https:\/\/mhgequiposmedicos.com\/#website"},"datePublished":"2023-12-22T17:26:14+00:00","dateModified":"2024-11-08T22:09:20+00:00","breadcrumb":{"@id":"https:\/\/mhgequiposmedicos.com\/index.php\/product\/concentrador-aerti-10lpm-tecnologia-americana\/#breadcrumb"},"inLanguage":"es","potentialAction":[{"@type":"ReadAction","target":["https:\/\/mhgequiposmedicos.com\/index.php\/product\/concentrador-aerti-10lpm-tecnologia-americana\/"]}]},{"@type":"BreadcrumbList","@id":"https:\/\/mhgequiposmedicos.com\/index.php\/product\/concentrador-aerti-10lpm-tecnologia-americana\/#breadcrumb","itemListElement":[{"@type":"ListItem","position":1,"name":"Portada","item":"https:\/\/mhgequiposmedicos.com\/"},{"@type":"ListItem","position":2,"name":"Tienda","item":"https:\/\/mhgequiposmedicos.com\/index.php\/tienda\/"},{"@type":"ListItem","position":3,"name":"CONCENTRADOR AERTI 10LPM TECNOLOGIA AMERICANA"}]},{"@type":"WebSite","@id":"https:\/\/mhgequiposmedicos.com\/#website","url":"https:\/\/mhgequiposmedicos.com\/","name":"mhgequiposmedicos.com","description":"","publisher":{"@id":"https:\/\/mhgequiposmedicos.com\/#organization"},"potentialAction":[{"@type":"SearchAction","target":{"@type":"EntryPoint","urlTemplate":"https:\/\/mhgequiposmedicos.com\/?s={search_term_string}"},"query-input":"required name=search_term_string"}],"inLanguage":"es"},{"@type":"Organization","@id":"https:\/\/mhgequiposmedicos.com\/#organization","name":"mhgequiposmedicos.com","url":"https:\/\/mhgequiposmedicos.com\/","logo":{"@type":"ImageObject","inLanguage":"es","@id":"https:\/\/mhgequiposmedicos.com\/#\/schema\/logo\/image\/","url":"https:\/\/mhgequiposmedicos.com\/wp-content\/uploads\/2020\/04\/mhg-high-resolution-logo-transparent.png","contentUrl":"https:\/\/mhgequiposmedicos.com\/wp-content\/uploads\/2020\/04\/mhg-high-resolution-logo-transparent.png","width":2000,"height":707,"caption":"mhgequiposmedicos.com"},"image":{"@id":"https:\/\/mhgequiposmedicos.com\/#\/schema\/logo\/image\/"},"sameAs":["https:\/\/www.facebook.com\/MORNINGHEALTHINGGROUP"]}]}},"_links":{"self":[{"href":"https:\/\/mhgequiposmedicos.com\/index.php\/wp-json\/wp\/v2\/product\/2380"}],"collection":[{"href":"https:\/\/mhgequiposmedicos.com\/index.php\/wp-json\/wp\/v2\/product"}],"about":[{"href":"https:\/\/mhgequiposmedicos.com\/index.php\/wp-json\/wp\/v2\/types\/product"}],"version-history":[{"count":7,"href":"https:\/\/mhgequiposmedicos.com\/index.php\/wp-json\/wp\/v2\/product\/2380\/revisions"}],"predecessor-version":[{"id":3512,"href":"https:\/\/mhgequiposmedicos.com\/index.php\/wp-json\/wp\/v2\/product\/2380\/revisions\/3512"}],"wp:featuredmedia":[{"embeddable":true,"href":"https:\/\/mhgequiposmedicos.com\/index.php\/wp-json\/wp\/v2\/media\/2382"}],"wp:attachment":[{"href":"https:\/\/mhgequiposmedicos.com\/index.php\/wp-json\/wp\/v2\/media?parent=2380"}],"wp:term":[{"taxonomy":"product_cat","embeddable":true,"href":"https:\/\/mhgequiposmedicos.com\/index.php\/wp-json\/wp\/v2\/product_cat?post=2380"},{"taxonomy":"product_tag","embeddable":true,"href":"https:\/\/mhgequiposmedicos.com\/index.php\/wp-json\/wp\/v2\/product_tag?post=2380"}],"curies":[{"name":"wp","href":"https:\/\/api.w.org\/{rel}","templated":true}]}}