{"id":2374,"date":"2023-12-22T18:19:18","date_gmt":"2023-12-22T17:19:18","guid":{"rendered":"https:\/\/mhgequiposmedicos.com\/?post_type=product&#038;p=2374"},"modified":"2024-05-30T08:10:46","modified_gmt":"2024-05-30T13:10:46","slug":"concentrador-de-oxigeno-olive-10lpm","status":"publish","type":"product","link":"https:\/\/mhgequiposmedicos.com\/index.php\/product\/concentrador-de-oxigeno-olive-10lpm\/","title":{"rendered":"CONCENTRADOR DE OXIGENO OLIVE 10LPM"},"content":{"rendered":"<p><b>Concentrador de ox<\/b><b>\u00ed<\/b><b>geno OLV-10<\/b><\/p>\n<p><span style=\"font-weight: 400;\">\u00a0<\/span><\/p>\n<p><span style=\"font-weight: 400;\">Entrega inmediata.<\/span><\/p>\n<ul>\n<li style=\"font-weight: 400;\" aria-level=\"1\"><span style=\"font-weight: 400;\">Apto para pacientes con<\/span><span style=\"font-weight: 400;\">\u00a0<\/span><b>COVID-19<\/b><span style=\"font-weight: 400;\">\u00a0<\/span><span style=\"font-weight: 400;\">en etapa leve o moderada.<\/span><\/li>\n<li style=\"font-weight: 400;\" aria-level=\"1\"><span style=\"font-weight: 400;\">Apto para pacientes con<\/span><span style=\"font-weight: 400;\">\u00a0<\/span><b>\u00a0<\/b><b>hipoxia<\/b><span style=\"font-weight: 400;\">\u00a0<\/span><span style=\"font-weight: 400;\">(deficiencia respiratoria).<\/span><\/li>\n<li style=\"font-weight: 400;\" aria-level=\"1\"><span style=\"font-weight: 400;\">Apto para pacientes que requieren<\/span><span style=\"font-weight: 400;\">\u00a0<\/span><b>nebulizaciones.<\/b><\/li>\n<\/ul>\n<p><b>Le recordamos que este dispositivo NO es un equipo de soporte de vida y debe ser utilizado bajo indicaci<\/b><b>\u00f3<\/b><b>n m<\/b><b>\u00e9<\/b><b>dica. Por ello recomendamos tener un peque<\/b><b>\u00f1<\/b><b>o bal<\/b><b>\u00f3<\/b><b>n de ox<\/b><b>\u00ed<\/b><b>geno de respaldo.<\/b><\/p>\n<p><a href=\"http:\/\/mhgequiposmedicos.com\/wp-content\/uploads\/2023\/12\/OLIVE-10-4-1.jpg\"><img fetchpriority=\"high\" decoding=\"async\" class=\"alignnone size-full wp-image-2531\" src=\"http:\/\/mhgequiposmedicos.com\/wp-content\/uploads\/2023\/12\/OLIVE-10-4-1.jpg\" alt=\"\" width=\"1920\" height=\"1444\" \/><\/a> <a href=\"http:\/\/mhgequiposmedicos.com\/wp-content\/uploads\/2023\/12\/OLIVE-10-1.png\"><img decoding=\"async\" class=\"alignnone wp-image-2375\" src=\"http:\/\/mhgequiposmedicos.com\/wp-content\/uploads\/2023\/12\/OLIVE-10-1.png\" alt=\"\" width=\"643\" height=\"643\" \/><\/a><\/p>\n<p><a href=\"http:\/\/mhgequiposmedicos.com\/wp-content\/uploads\/2023\/12\/OLIVE-10-2.jpg\"><img decoding=\"async\" class=\"alignnone size-full wp-image-2376\" src=\"http:\/\/mhgequiposmedicos.com\/wp-content\/uploads\/2023\/12\/OLIVE-10-2.jpg\" alt=\"\" width=\"615\" height=\"616\" \/><\/a><\/p>\n<p>&nbsp;<\/p>\n<p><iframe title=\"YouTube video player\" src=\"https:\/\/www.youtube.com\/embed\/iPK_9Jldb88?si=HpDiTHBm7Qk6OIIX\" width=\"560\" height=\"315\" frameborder=\"0\" allowfullscreen=\"allowfullscreen\"><\/iframe><\/p>\n","protected":false},"excerpt":{"rendered":"<p><b>Caracter\u00edsticas<\/b><\/p>\n<p><span style=\"font-weight: 400;\">\u2013 Concentraci\u00f3n de Ox\u00edgeno 93% \u00b1 3 %<\/span><\/p>\n<p><span style=\"font-weight: 400;\">\u2013 Presi\u00f3n de salida de Ox\u00edgeno: 20 Kpa a 60 Kpa<\/span><\/p>\n<p><span style=\"font-weight: 400;\">\u2013 Peso: 20 Kg<\/span><\/p>\n<p><span style=\"font-weight: 400;\">\u2013 Dimensiones: 344 x 306 x 565 mm<\/span><\/p>\n<p><span style=\"font-weight: 400;\">\u2013 Sistema: Trabajo continuo 24 horas<\/span><\/p>\n<p><span style=\"font-weight: 400;\">\u2013 Nivel de sonido menor a 56 dB(A)<\/span><\/p>\n<p><span style=\"font-weight: 400;\">\u2013 Hasta 10 litros por minuto<\/span><\/p>\n<p><span style=\"font-weight: 400;\">\u2013 Sistema de seguridad Baja concentraci\u00f3n de ox\u00edgeno alarma \/alarma de fallo de alimentaci\u00f3n, alarma de mantenimiento.<\/span><\/p>\n<p><span style=\"font-weight: 400;\">GARANT\u00cdA DE 12 MESES POR DESPERFECTOS DE F\u00c1BRICA.<\/span><\/p>\n","protected":false},"featured_media":2377,"template":"","meta":{"_joinchat":[]},"product_cat":[104,109,116],"product_tag":[],"wooqr_code":"","yoast_head":"<!-- This site is optimized with the Yoast SEO plugin v21.7 - https:\/\/yoast.com\/wordpress\/plugins\/seo\/ -->\n<title>CONCENTRADOR DE OXIGENO OLIVE 10LPM - mhgequiposmedicos.com<\/title>\n<meta name=\"robots\" content=\"index, follow, max-snippet:-1, max-image-preview:large, max-video-preview:-1\" \/>\n<link rel=\"canonical\" href=\"https:\/\/mhgequiposmedicos.com\/index.php\/product\/concentrador-de-oxigeno-olive-10lpm\/\" \/>\n<meta property=\"og:locale\" content=\"es_ES\" \/>\n<meta property=\"og:type\" content=\"article\" \/>\n<meta property=\"og:title\" content=\"CONCENTRADOR DE OXIGENO OLIVE 10LPM - mhgequiposmedicos.com\" \/>\n<meta property=\"og:description\" content=\"Caracter\u00edsticas  \u2013 Concentraci\u00f3n de Ox\u00edgeno 93% \u00b1 3 %  \u2013 Presi\u00f3n de salida de Ox\u00edgeno: 20 Kpa a 60 Kpa  \u2013 Peso: 20 Kg  \u2013 Dimensiones: 344 x 306 x 565 mm  \u2013 Sistema: Trabajo continuo 24 horas  \u2013 Nivel de sonido menor a 56 dB(A)  \u2013 Hasta 10 litros por minuto  \u2013 Sistema de seguridad Baja concentraci\u00f3n de ox\u00edgeno alarma \/alarma de fallo de alimentaci\u00f3n, alarma de mantenimiento.  GARANT\u00cdA DE 12 MESES POR DESPERFECTOS DE F\u00c1BRICA.\" \/>\n<meta property=\"og:url\" content=\"https:\/\/mhgequiposmedicos.com\/index.php\/product\/concentrador-de-oxigeno-olive-10lpm\/\" \/>\n<meta property=\"og:site_name\" content=\"mhgequiposmedicos.com\" \/>\n<meta property=\"article:publisher\" content=\"https:\/\/www.facebook.com\/MORNINGHEALTHINGGROUP\" \/>\n<meta property=\"article:modified_time\" content=\"2024-05-30T13:10:46+00:00\" \/>\n<meta property=\"og:image\" content=\"http:\/\/mhgequiposmedicos.com\/wp-content\/uploads\/2023\/12\/OLIVE-10-3.jpg\" \/>\n\t<meta property=\"og:image:width\" content=\"500\" \/>\n\t<meta property=\"og:image:height\" content=\"500\" \/>\n\t<meta property=\"og:image:type\" content=\"image\/jpeg\" \/>\n<meta name=\"twitter:card\" content=\"summary_large_image\" \/>\n<meta name=\"twitter:label1\" content=\"Tiempo de lectura\" \/>\n\t<meta name=\"twitter:data1\" content=\"2 minutos\" \/>\n<script type=\"application\/ld+json\" class=\"yoast-schema-graph\">{\"@context\":\"https:\/\/schema.org\",\"@graph\":[{\"@type\":\"WebPage\",\"@id\":\"https:\/\/mhgequiposmedicos.com\/index.php\/product\/concentrador-de-oxigeno-olive-10lpm\/\",\"url\":\"https:\/\/mhgequiposmedicos.com\/index.php\/product\/concentrador-de-oxigeno-olive-10lpm\/\",\"name\":\"CONCENTRADOR DE OXIGENO OLIVE 10LPM - mhgequiposmedicos.com\",\"isPartOf\":{\"@id\":\"https:\/\/mhgequiposmedicos.com\/#website\"},\"datePublished\":\"2023-12-22T17:19:18+00:00\",\"dateModified\":\"2024-05-30T13:10:46+00:00\",\"breadcrumb\":{\"@id\":\"https:\/\/mhgequiposmedicos.com\/index.php\/product\/concentrador-de-oxigeno-olive-10lpm\/#breadcrumb\"},\"inLanguage\":\"es\",\"potentialAction\":[{\"@type\":\"ReadAction\",\"target\":[\"https:\/\/mhgequiposmedicos.com\/index.php\/product\/concentrador-de-oxigeno-olive-10lpm\/\"]}]},{\"@type\":\"BreadcrumbList\",\"@id\":\"https:\/\/mhgequiposmedicos.com\/index.php\/product\/concentrador-de-oxigeno-olive-10lpm\/#breadcrumb\",\"itemListElement\":[{\"@type\":\"ListItem\",\"position\":1,\"name\":\"Portada\",\"item\":\"https:\/\/mhgequiposmedicos.com\/\"},{\"@type\":\"ListItem\",\"position\":2,\"name\":\"Tienda\",\"item\":\"https:\/\/mhgequiposmedicos.com\/index.php\/tienda\/\"},{\"@type\":\"ListItem\",\"position\":3,\"name\":\"CONCENTRADOR DE OXIGENO OLIVE 10LPM\"}]},{\"@type\":\"WebSite\",\"@id\":\"https:\/\/mhgequiposmedicos.com\/#website\",\"url\":\"https:\/\/mhgequiposmedicos.com\/\",\"name\":\"mhgequiposmedicos.com\",\"description\":\"\",\"publisher\":{\"@id\":\"https:\/\/mhgequiposmedicos.com\/#organization\"},\"potentialAction\":[{\"@type\":\"SearchAction\",\"target\":{\"@type\":\"EntryPoint\",\"urlTemplate\":\"https:\/\/mhgequiposmedicos.com\/?s={search_term_string}\"},\"query-input\":\"required name=search_term_string\"}],\"inLanguage\":\"es\"},{\"@type\":\"Organization\",\"@id\":\"https:\/\/mhgequiposmedicos.com\/#organization\",\"name\":\"mhgequiposmedicos.com\",\"url\":\"https:\/\/mhgequiposmedicos.com\/\",\"logo\":{\"@type\":\"ImageObject\",\"inLanguage\":\"es\",\"@id\":\"https:\/\/mhgequiposmedicos.com\/#\/schema\/logo\/image\/\",\"url\":\"https:\/\/mhgequiposmedicos.com\/wp-content\/uploads\/2020\/04\/mhg-high-resolution-logo-transparent.png\",\"contentUrl\":\"https:\/\/mhgequiposmedicos.com\/wp-content\/uploads\/2020\/04\/mhg-high-resolution-logo-transparent.png\",\"width\":2000,\"height\":707,\"caption\":\"mhgequiposmedicos.com\"},\"image\":{\"@id\":\"https:\/\/mhgequiposmedicos.com\/#\/schema\/logo\/image\/\"},\"sameAs\":[\"https:\/\/www.facebook.com\/MORNINGHEALTHINGGROUP\"]}]}<\/script>\n<!-- \/ Yoast SEO plugin. -->","yoast_head_json":{"title":"CONCENTRADOR DE OXIGENO OLIVE 10LPM - mhgequiposmedicos.com","robots":{"index":"index","follow":"follow","max-snippet":"max-snippet:-1","max-image-preview":"max-image-preview:large","max-video-preview":"max-video-preview:-1"},"canonical":"https:\/\/mhgequiposmedicos.com\/index.php\/product\/concentrador-de-oxigeno-olive-10lpm\/","og_locale":"es_ES","og_type":"article","og_title":"CONCENTRADOR DE OXIGENO OLIVE 10LPM - mhgequiposmedicos.com","og_description":"Caracter\u00edsticas  \u2013 Concentraci\u00f3n de Ox\u00edgeno 93% \u00b1 3 %  \u2013 Presi\u00f3n de salida de Ox\u00edgeno: 20 Kpa a 60 Kpa  \u2013 Peso: 20 Kg  \u2013 Dimensiones: 344 x 306 x 565 mm  \u2013 Sistema: Trabajo continuo 24 horas  \u2013 Nivel de sonido menor a 56 dB(A)  \u2013 Hasta 10 litros por minuto  \u2013 Sistema de seguridad Baja concentraci\u00f3n de ox\u00edgeno alarma \/alarma de fallo de alimentaci\u00f3n, alarma de mantenimiento.  GARANT\u00cdA DE 12 MESES POR DESPERFECTOS DE F\u00c1BRICA.","og_url":"https:\/\/mhgequiposmedicos.com\/index.php\/product\/concentrador-de-oxigeno-olive-10lpm\/","og_site_name":"mhgequiposmedicos.com","article_publisher":"https:\/\/www.facebook.com\/MORNINGHEALTHINGGROUP","article_modified_time":"2024-05-30T13:10:46+00:00","og_image":[{"width":500,"height":500,"url":"http:\/\/mhgequiposmedicos.com\/wp-content\/uploads\/2023\/12\/OLIVE-10-3.jpg","type":"image\/jpeg"}],"twitter_card":"summary_large_image","twitter_misc":{"Tiempo de lectura":"2 minutos"},"schema":{"@context":"https:\/\/schema.org","@graph":[{"@type":"WebPage","@id":"https:\/\/mhgequiposmedicos.com\/index.php\/product\/concentrador-de-oxigeno-olive-10lpm\/","url":"https:\/\/mhgequiposmedicos.com\/index.php\/product\/concentrador-de-oxigeno-olive-10lpm\/","name":"CONCENTRADOR DE OXIGENO OLIVE 10LPM - mhgequiposmedicos.com","isPartOf":{"@id":"https:\/\/mhgequiposmedicos.com\/#website"},"datePublished":"2023-12-22T17:19:18+00:00","dateModified":"2024-05-30T13:10:46+00:00","breadcrumb":{"@id":"https:\/\/mhgequiposmedicos.com\/index.php\/product\/concentrador-de-oxigeno-olive-10lpm\/#breadcrumb"},"inLanguage":"es","potentialAction":[{"@type":"ReadAction","target":["https:\/\/mhgequiposmedicos.com\/index.php\/product\/concentrador-de-oxigeno-olive-10lpm\/"]}]},{"@type":"BreadcrumbList","@id":"https:\/\/mhgequiposmedicos.com\/index.php\/product\/concentrador-de-oxigeno-olive-10lpm\/#breadcrumb","itemListElement":[{"@type":"ListItem","position":1,"name":"Portada","item":"https:\/\/mhgequiposmedicos.com\/"},{"@type":"ListItem","position":2,"name":"Tienda","item":"https:\/\/mhgequiposmedicos.com\/index.php\/tienda\/"},{"@type":"ListItem","position":3,"name":"CONCENTRADOR DE OXIGENO OLIVE 10LPM"}]},{"@type":"WebSite","@id":"https:\/\/mhgequiposmedicos.com\/#website","url":"https:\/\/mhgequiposmedicos.com\/","name":"mhgequiposmedicos.com","description":"","publisher":{"@id":"https:\/\/mhgequiposmedicos.com\/#organization"},"potentialAction":[{"@type":"SearchAction","target":{"@type":"EntryPoint","urlTemplate":"https:\/\/mhgequiposmedicos.com\/?s={search_term_string}"},"query-input":"required name=search_term_string"}],"inLanguage":"es"},{"@type":"Organization","@id":"https:\/\/mhgequiposmedicos.com\/#organization","name":"mhgequiposmedicos.com","url":"https:\/\/mhgequiposmedicos.com\/","logo":{"@type":"ImageObject","inLanguage":"es","@id":"https:\/\/mhgequiposmedicos.com\/#\/schema\/logo\/image\/","url":"https:\/\/mhgequiposmedicos.com\/wp-content\/uploads\/2020\/04\/mhg-high-resolution-logo-transparent.png","contentUrl":"https:\/\/mhgequiposmedicos.com\/wp-content\/uploads\/2020\/04\/mhg-high-resolution-logo-transparent.png","width":2000,"height":707,"caption":"mhgequiposmedicos.com"},"image":{"@id":"https:\/\/mhgequiposmedicos.com\/#\/schema\/logo\/image\/"},"sameAs":["https:\/\/www.facebook.com\/MORNINGHEALTHINGGROUP"]}]}},"_links":{"self":[{"href":"https:\/\/mhgequiposmedicos.com\/index.php\/wp-json\/wp\/v2\/product\/2374"}],"collection":[{"href":"https:\/\/mhgequiposmedicos.com\/index.php\/wp-json\/wp\/v2\/product"}],"about":[{"href":"https:\/\/mhgequiposmedicos.com\/index.php\/wp-json\/wp\/v2\/types\/product"}],"version-history":[{"count":4,"href":"https:\/\/mhgequiposmedicos.com\/index.php\/wp-json\/wp\/v2\/product\/2374\/revisions"}],"predecessor-version":[{"id":2536,"href":"https:\/\/mhgequiposmedicos.com\/index.php\/wp-json\/wp\/v2\/product\/2374\/revisions\/2536"}],"wp:featuredmedia":[{"embeddable":true,"href":"https:\/\/mhgequiposmedicos.com\/index.php\/wp-json\/wp\/v2\/media\/2377"}],"wp:attachment":[{"href":"https:\/\/mhgequiposmedicos.com\/index.php\/wp-json\/wp\/v2\/media?parent=2374"}],"wp:term":[{"taxonomy":"product_cat","embeddable":true,"href":"https:\/\/mhgequiposmedicos.com\/index.php\/wp-json\/wp\/v2\/product_cat?post=2374"},{"taxonomy":"product_tag","embeddable":true,"href":"https:\/\/mhgequiposmedicos.com\/index.php\/wp-json\/wp\/v2\/product_tag?post=2374"}],"curies":[{"name":"wp","href":"https:\/\/api.w.org\/{rel}","templated":true}]}}