{"id":2201,"date":"2023-12-18T23:22:10","date_gmt":"2023-12-18T22:22:10","guid":{"rendered":"https:\/\/mhgequiposmedicos.com\/?post_type=product&#038;p=2201"},"modified":"2024-03-22T15:59:55","modified_gmt":"2024-03-22T20:59:55","slug":"concentrador-de-oxigeno-20lpm-marca-olive","status":"publish","type":"product","link":"https:\/\/mhgequiposmedicos.com\/index.php\/product\/concentrador-de-oxigeno-20lpm-marca-olive\/","title":{"rendered":"CONCENTRADOR DE OXIGENO OLIVE &#8211; 20LPM"},"content":{"rendered":"<p style=\"background: white; vertical-align: baseline; margin: 0cm 0cm 19.2pt 0cm;\"><span style=\"font-size: 11.5pt; font-family: 'Segoe UI',sans-serif; color: #4b4f58;\"> <a href=\"http:\/\/mhgequiposmedicos.com\/wp-content\/uploads\/2023\/12\/olive-20-1.jpg\"><img fetchpriority=\"high\" decoding=\"async\" class=\"alignnone wp-image-2240\" src=\"http:\/\/mhgequiposmedicos.com\/wp-content\/uploads\/2023\/12\/olive-20-1-339x339.jpg\" alt=\"\" width=\"468\" height=\"468\" \/><\/a><\/span><\/p>\n<p>Caracter\u00edstica del producto concentrador de ox\u00edgeno de alta pureza 20L.<\/p>\n<p style=\"background: white; vertical-align: baseline; margin: 0cm 0cm 19.2pt 0cm;\"><span style=\"font-size: 11.5pt; font-family: 'Segoe UI',sans-serif; color: #4b4f58;\">1. El m\u00e9todo de producci\u00f3n de ox\u00edgeno PSA hace que este concentrador de ox\u00edgeno sea seguro y econ\u00f3mico. Puede funcionar en cualquier lugar el ox\u00edgeno y la electricidad est\u00e1n disponibles.<\/span><\/p>\n<p style=\"background: white; vertical-align: baseline; margin: 0cm 0cm 19.2pt 0cm;\"><span style=\"font-size: 11.5pt; font-family: 'Segoe UI',sans-serif; color: #4b4f58;\">2. La concentraci\u00f3n del ox\u00edgeno producido por nuestra planta de generaci\u00f3n de ox\u00edgeno puede ser superior al 90%. El caudal es ajustable en el rango de 0-40L\/min.<\/span><\/p>\n<p style=\"background: white; vertical-align: baseline; margin: 0cm 0cm 19.2pt 0cm;\"><span style=\"font-size: 11.5pt; font-family: 'Segoe UI',sans-serif; color: #4b4f58;\">3. pantalla LCD grande en nuestra m\u00e1quina de producci\u00f3n de ox\u00edgeno puede indicar la presi\u00f3n de funcionamiento, la temperatura de trabajo interna, el tiempo de funcionamiento actual, el tiempo de trabajo acumulado y el tiempo preestablecido.<\/span><\/p>\n<p style=\"background: white; vertical-align: baseline; margin: 0cm 0cm 19.2pt 0cm;\"><span style=\"font-size: 11.5pt; font-family: 'Segoe UI',sans-serif; color: #4b4f58;\">4. Dise\u00f1ado con funci\u00f3n de sincronizaci\u00f3n, nuestro concentrador de ox\u00edgeno dejar\u00e1 de funcionar autom\u00e1ticamente cuando llegue al tiempo preestablecido.<\/span><\/p>\n<p style=\"background: white; vertical-align: baseline; margin: 0cm 0cm 19.2pt 0cm;\"><span style=\"font-size: 11.5pt; font-family: 'Segoe UI',sans-serif; color: #4b4f58;\">5. indicador de estado de concentraci\u00f3n de ox\u00edgeno permite a los usuarios controlar la concentraci\u00f3n de ox\u00edgeno en tiempo real.<\/span><\/p>\n<p>&nbsp;<\/p>\n<table border=\"1\" width=\"798\" cellspacing=\"0\">\n<tbody>\n<tr>\n<td colspan=\"3\">Especificaci\u00f3n del producto concentrador de ox\u00edgeno de alta pureza 20l<\/td>\n<\/tr>\n<tr>\n<td>Modelo<\/td>\n<td>OLV-20<\/td>\n<td>OLV-20H<\/td>\n<\/tr>\n<tr>\n<td>Flujo nominal<\/td>\n<td colspan=\"2\">0-20L\/min<\/td>\n<\/tr>\n<tr>\n<td>Concentraci\u00f3n de ox\u00edgeno<\/td>\n<td colspan=\"2\">\u2265 93% \u00b1 3%<\/td>\n<\/tr>\n<tr>\n<td>Fuente de alimentaci\u00f3n<\/td>\n<td colspan=\"2\">220V \u00b1 10% 50Hz \u00b1 1<\/td>\n<\/tr>\n<tr>\n<td>Presi\u00f3n de salida<\/td>\n<td>85 \u00b1 5% Kpa<\/td>\n<td>140-400Kpa<\/td>\n<\/tr>\n<tr>\n<td>Potencia<\/td>\n<td>1200W<\/td>\n<td>2200W<\/td>\n<\/tr>\n<tr>\n<td>Nivel de sonido<\/td>\n<td colspan=\"2\">Menos de 45 dB<\/td>\n<\/tr>\n<tr>\n<td>Peso neto<\/td>\n<td>65KG<\/td>\n<td>80KG<\/td>\n<\/tr>\n<tr>\n<td>MecanismoTama\u00f1o (MM)<\/td>\n<td>350 \u00d7 500 \u00d7 880<\/td>\n<td>450 \u00d7 750 \u00d7 950<\/td>\n<\/tr>\n<tr>\n<td>Tama\u00f1o del caso (MM)<\/td>\n<td>420 \u00d7 440 \u00d7 690<\/p>\n<p>&nbsp;<\/p>\n<p>&nbsp;<\/td>\n<td>480 \u00d7 490 \u00d7 850<\/td>\n<\/tr>\n<\/tbody>\n<\/table>\n","protected":false},"excerpt":{"rendered":"<p><strong>CARACTER\u00cdSTICAS DEL PRODUCTO<\/strong><\/p>\n<ul>\n<li>Concentrador de Oxigeno 20 Litros \u2013 con nebulizador<\/li>\n<li>Concentraci\u00f3n de Ox\u00edgeno 93% \u00b1 3 %<\/li>\n<li>Peso: 55 Kg<\/li>\n<li>Sistema: Trabajo continuo 24 horas<\/li>\n<li>Nivel de sonido menor a 56 dB(A)<\/li>\n<li>Hasta 20 litros por minuto<\/li>\n<li>Sistema de seguridad Baja concentraci\u00f3n de ox\u00edgeno alarma \/alarma de fallo de alimentaci\u00f3n, alarma de mantenimiento.<\/li>\n<li>Cuenta con Garant\u00eda de 12 meses por desperfectos de f\u00e1brica.<\/li>\n<\/ul>\n","protected":false},"featured_media":2227,"template":"","meta":{"_joinchat":{"telephone":"+51925653498","message_text":"Hola , en que podemos ayudarte","message_send":"Hola MHG EQUIPOS MEDICOS, necesito mas informacion para mi compra."}},"product_cat":[104,109],"product_tag":[106,107],"wooqr_code":"","yoast_head":"<!-- This site is optimized with the Yoast SEO plugin v21.7 - https:\/\/yoast.com\/wordpress\/plugins\/seo\/ -->\n<title>CONCENTRADOR DE OXIGENO OLIVE - 20LPM - mhgequiposmedicos.com<\/title>\n<meta name=\"robots\" content=\"index, follow, max-snippet:-1, max-image-preview:large, max-video-preview:-1\" \/>\n<link rel=\"canonical\" href=\"https:\/\/mhgequiposmedicos.com\/index.php\/product\/concentrador-de-oxigeno-20lpm-marca-olive\/\" \/>\n<meta property=\"og:locale\" content=\"es_ES\" \/>\n<meta property=\"og:type\" content=\"article\" \/>\n<meta property=\"og:title\" content=\"CONCENTRADOR DE OXIGENO OLIVE - 20LPM - mhgequiposmedicos.com\" \/>\n<meta property=\"og:description\" content=\"CARACTER\u00cdSTICAS DEL PRODUCTO   Concentrador de Oxigeno 20 Litros \u2013 con nebulizador  Concentraci\u00f3n de Ox\u00edgeno 93% \u00b1 3 %  Peso: 55 Kg  Sistema: Trabajo continuo 24 horas  Nivel de sonido menor a 56 dB(A)  Hasta 20 litros por minuto  Sistema de seguridad Baja concentraci\u00f3n de ox\u00edgeno alarma \/alarma de fallo de alimentaci\u00f3n, alarma de mantenimiento.  Cuenta con Garant\u00eda de 12 meses por desperfectos de f\u00e1brica.\" \/>\n<meta property=\"og:url\" content=\"https:\/\/mhgequiposmedicos.com\/index.php\/product\/concentrador-de-oxigeno-20lpm-marca-olive\/\" \/>\n<meta property=\"og:site_name\" content=\"mhgequiposmedicos.com\" \/>\n<meta property=\"article:publisher\" content=\"https:\/\/www.facebook.com\/MORNINGHEALTHINGGROUP\" \/>\n<meta property=\"article:modified_time\" content=\"2024-03-22T20:59:55+00:00\" \/>\n<meta property=\"og:image\" content=\"http:\/\/mhgequiposmedicos.com\/wp-content\/uploads\/2023\/12\/DROIMPORTMCK-CONCENTRADOR-DE-OXIGENO-20L-FRONTAL-1-600x600-removebg-preview-300x300-1.png\" \/>\n\t<meta property=\"og:image:width\" content=\"300\" \/>\n\t<meta property=\"og:image:height\" content=\"300\" \/>\n\t<meta property=\"og:image:type\" content=\"image\/png\" \/>\n<meta name=\"twitter:card\" content=\"summary_large_image\" \/>\n<meta name=\"twitter:label1\" content=\"Tiempo de lectura\" \/>\n\t<meta name=\"twitter:data1\" content=\"1 minuto\" \/>\n<script type=\"application\/ld+json\" class=\"yoast-schema-graph\">{\"@context\":\"https:\/\/schema.org\",\"@graph\":[{\"@type\":\"WebPage\",\"@id\":\"https:\/\/mhgequiposmedicos.com\/index.php\/product\/concentrador-de-oxigeno-20lpm-marca-olive\/\",\"url\":\"https:\/\/mhgequiposmedicos.com\/index.php\/product\/concentrador-de-oxigeno-20lpm-marca-olive\/\",\"name\":\"CONCENTRADOR DE OXIGENO OLIVE - 20LPM - mhgequiposmedicos.com\",\"isPartOf\":{\"@id\":\"https:\/\/mhgequiposmedicos.com\/#website\"},\"datePublished\":\"2023-12-18T22:22:10+00:00\",\"dateModified\":\"2024-03-22T20:59:55+00:00\",\"breadcrumb\":{\"@id\":\"https:\/\/mhgequiposmedicos.com\/index.php\/product\/concentrador-de-oxigeno-20lpm-marca-olive\/#breadcrumb\"},\"inLanguage\":\"es\",\"potentialAction\":[{\"@type\":\"ReadAction\",\"target\":[\"https:\/\/mhgequiposmedicos.com\/index.php\/product\/concentrador-de-oxigeno-20lpm-marca-olive\/\"]}]},{\"@type\":\"BreadcrumbList\",\"@id\":\"https:\/\/mhgequiposmedicos.com\/index.php\/product\/concentrador-de-oxigeno-20lpm-marca-olive\/#breadcrumb\",\"itemListElement\":[{\"@type\":\"ListItem\",\"position\":1,\"name\":\"Portada\",\"item\":\"https:\/\/mhgequiposmedicos.com\/\"},{\"@type\":\"ListItem\",\"position\":2,\"name\":\"Tienda\",\"item\":\"https:\/\/mhgequiposmedicos.com\/index.php\/tienda\/\"},{\"@type\":\"ListItem\",\"position\":3,\"name\":\"CONCENTRADOR DE OXIGENO OLIVE &#8211; 20LPM\"}]},{\"@type\":\"WebSite\",\"@id\":\"https:\/\/mhgequiposmedicos.com\/#website\",\"url\":\"https:\/\/mhgequiposmedicos.com\/\",\"name\":\"mhgequiposmedicos.com\",\"description\":\"\",\"publisher\":{\"@id\":\"https:\/\/mhgequiposmedicos.com\/#organization\"},\"potentialAction\":[{\"@type\":\"SearchAction\",\"target\":{\"@type\":\"EntryPoint\",\"urlTemplate\":\"https:\/\/mhgequiposmedicos.com\/?s={search_term_string}\"},\"query-input\":\"required name=search_term_string\"}],\"inLanguage\":\"es\"},{\"@type\":\"Organization\",\"@id\":\"https:\/\/mhgequiposmedicos.com\/#organization\",\"name\":\"mhgequiposmedicos.com\",\"url\":\"https:\/\/mhgequiposmedicos.com\/\",\"logo\":{\"@type\":\"ImageObject\",\"inLanguage\":\"es\",\"@id\":\"https:\/\/mhgequiposmedicos.com\/#\/schema\/logo\/image\/\",\"url\":\"https:\/\/mhgequiposmedicos.com\/wp-content\/uploads\/2020\/04\/mhg-high-resolution-logo-transparent.png\",\"contentUrl\":\"https:\/\/mhgequiposmedicos.com\/wp-content\/uploads\/2020\/04\/mhg-high-resolution-logo-transparent.png\",\"width\":2000,\"height\":707,\"caption\":\"mhgequiposmedicos.com\"},\"image\":{\"@id\":\"https:\/\/mhgequiposmedicos.com\/#\/schema\/logo\/image\/\"},\"sameAs\":[\"https:\/\/www.facebook.com\/MORNINGHEALTHINGGROUP\"]}]}<\/script>\n<!-- \/ Yoast SEO plugin. -->","yoast_head_json":{"title":"CONCENTRADOR DE OXIGENO OLIVE - 20LPM - mhgequiposmedicos.com","robots":{"index":"index","follow":"follow","max-snippet":"max-snippet:-1","max-image-preview":"max-image-preview:large","max-video-preview":"max-video-preview:-1"},"canonical":"https:\/\/mhgequiposmedicos.com\/index.php\/product\/concentrador-de-oxigeno-20lpm-marca-olive\/","og_locale":"es_ES","og_type":"article","og_title":"CONCENTRADOR DE OXIGENO OLIVE - 20LPM - mhgequiposmedicos.com","og_description":"CARACTER\u00cdSTICAS DEL PRODUCTO   Concentrador de Oxigeno 20 Litros \u2013 con nebulizador  Concentraci\u00f3n de Ox\u00edgeno 93% \u00b1 3 %  Peso: 55 Kg  Sistema: Trabajo continuo 24 horas  Nivel de sonido menor a 56 dB(A)  Hasta 20 litros por minuto  Sistema de seguridad Baja concentraci\u00f3n de ox\u00edgeno alarma \/alarma de fallo de alimentaci\u00f3n, alarma de mantenimiento.  Cuenta con Garant\u00eda de 12 meses por desperfectos de f\u00e1brica.","og_url":"https:\/\/mhgequiposmedicos.com\/index.php\/product\/concentrador-de-oxigeno-20lpm-marca-olive\/","og_site_name":"mhgequiposmedicos.com","article_publisher":"https:\/\/www.facebook.com\/MORNINGHEALTHINGGROUP","article_modified_time":"2024-03-22T20:59:55+00:00","og_image":[{"width":300,"height":300,"url":"http:\/\/mhgequiposmedicos.com\/wp-content\/uploads\/2023\/12\/DROIMPORTMCK-CONCENTRADOR-DE-OXIGENO-20L-FRONTAL-1-600x600-removebg-preview-300x300-1.png","type":"image\/png"}],"twitter_card":"summary_large_image","twitter_misc":{"Tiempo de lectura":"1 minuto"},"schema":{"@context":"https:\/\/schema.org","@graph":[{"@type":"WebPage","@id":"https:\/\/mhgequiposmedicos.com\/index.php\/product\/concentrador-de-oxigeno-20lpm-marca-olive\/","url":"https:\/\/mhgequiposmedicos.com\/index.php\/product\/concentrador-de-oxigeno-20lpm-marca-olive\/","name":"CONCENTRADOR DE OXIGENO OLIVE - 20LPM - mhgequiposmedicos.com","isPartOf":{"@id":"https:\/\/mhgequiposmedicos.com\/#website"},"datePublished":"2023-12-18T22:22:10+00:00","dateModified":"2024-03-22T20:59:55+00:00","breadcrumb":{"@id":"https:\/\/mhgequiposmedicos.com\/index.php\/product\/concentrador-de-oxigeno-20lpm-marca-olive\/#breadcrumb"},"inLanguage":"es","potentialAction":[{"@type":"ReadAction","target":["https:\/\/mhgequiposmedicos.com\/index.php\/product\/concentrador-de-oxigeno-20lpm-marca-olive\/"]}]},{"@type":"BreadcrumbList","@id":"https:\/\/mhgequiposmedicos.com\/index.php\/product\/concentrador-de-oxigeno-20lpm-marca-olive\/#breadcrumb","itemListElement":[{"@type":"ListItem","position":1,"name":"Portada","item":"https:\/\/mhgequiposmedicos.com\/"},{"@type":"ListItem","position":2,"name":"Tienda","item":"https:\/\/mhgequiposmedicos.com\/index.php\/tienda\/"},{"@type":"ListItem","position":3,"name":"CONCENTRADOR DE OXIGENO OLIVE &#8211; 20LPM"}]},{"@type":"WebSite","@id":"https:\/\/mhgequiposmedicos.com\/#website","url":"https:\/\/mhgequiposmedicos.com\/","name":"mhgequiposmedicos.com","description":"","publisher":{"@id":"https:\/\/mhgequiposmedicos.com\/#organization"},"potentialAction":[{"@type":"SearchAction","target":{"@type":"EntryPoint","urlTemplate":"https:\/\/mhgequiposmedicos.com\/?s={search_term_string}"},"query-input":"required name=search_term_string"}],"inLanguage":"es"},{"@type":"Organization","@id":"https:\/\/mhgequiposmedicos.com\/#organization","name":"mhgequiposmedicos.com","url":"https:\/\/mhgequiposmedicos.com\/","logo":{"@type":"ImageObject","inLanguage":"es","@id":"https:\/\/mhgequiposmedicos.com\/#\/schema\/logo\/image\/","url":"https:\/\/mhgequiposmedicos.com\/wp-content\/uploads\/2020\/04\/mhg-high-resolution-logo-transparent.png","contentUrl":"https:\/\/mhgequiposmedicos.com\/wp-content\/uploads\/2020\/04\/mhg-high-resolution-logo-transparent.png","width":2000,"height":707,"caption":"mhgequiposmedicos.com"},"image":{"@id":"https:\/\/mhgequiposmedicos.com\/#\/schema\/logo\/image\/"},"sameAs":["https:\/\/www.facebook.com\/MORNINGHEALTHINGGROUP"]}]}},"_links":{"self":[{"href":"https:\/\/mhgequiposmedicos.com\/index.php\/wp-json\/wp\/v2\/product\/2201"}],"collection":[{"href":"https:\/\/mhgequiposmedicos.com\/index.php\/wp-json\/wp\/v2\/product"}],"about":[{"href":"https:\/\/mhgequiposmedicos.com\/index.php\/wp-json\/wp\/v2\/types\/product"}],"version-history":[{"count":13,"href":"https:\/\/mhgequiposmedicos.com\/index.php\/wp-json\/wp\/v2\/product\/2201\/revisions"}],"predecessor-version":[{"id":2318,"href":"https:\/\/mhgequiposmedicos.com\/index.php\/wp-json\/wp\/v2\/product\/2201\/revisions\/2318"}],"wp:featuredmedia":[{"embeddable":true,"href":"https:\/\/mhgequiposmedicos.com\/index.php\/wp-json\/wp\/v2\/media\/2227"}],"wp:attachment":[{"href":"https:\/\/mhgequiposmedicos.com\/index.php\/wp-json\/wp\/v2\/media?parent=2201"}],"wp:term":[{"taxonomy":"product_cat","embeddable":true,"href":"https:\/\/mhgequiposmedicos.com\/index.php\/wp-json\/wp\/v2\/product_cat?post=2201"},{"taxonomy":"product_tag","embeddable":true,"href":"https:\/\/mhgequiposmedicos.com\/index.php\/wp-json\/wp\/v2\/product_tag?post=2201"}],"curies":[{"name":"wp","href":"https:\/\/api.w.org\/{rel}","templated":true}]}}