{"id":2186,"date":"2023-12-18T23:03:34","date_gmt":"2023-12-18T22:03:34","guid":{"rendered":"https:\/\/mhgequiposmedicos.com\/?post_type=product&#038;p=2186"},"modified":"2024-03-19T09:52:36","modified_gmt":"2024-03-19T14:52:36","slug":"concentrador-rokon-10lpm","status":"publish","type":"product","link":"https:\/\/mhgequiposmedicos.com\/index.php\/product\/concentrador-rokon-10lpm\/","title":{"rendered":"CONCENTRADOR ROKON 10LPM"},"content":{"rendered":"<p>El ZY-10AW es la m\u00e1quina de ox\u00edgeno de 10 LPM de alto flujo m\u00e1s confiable y de mayor rendimiento disponible. Reduce los costos de entrega asociados con usuarios de ox\u00edgeno de m\u00e1s de 5 LPM. El concentrador de ox\u00edgeno m\u00e9dico ZY-10AW reduce el costo de proporcionar ox\u00edgeno a un flujo de litros m\u00e1s alto. Tambi\u00e9n tiene menos piezas que cualquier otro concentrador en el mercado. Menos piezas, combinadas con una mayor confiabilidad, reducen sus gastos en accesorios innecesarios. El ZY-10AW es la m\u00e1quina de ox\u00edgeno de 10 LPM de alto flujo m\u00e1s confiable y de mayor rendimiento disponible.<\/p>\n<table style=\"height: 748px;\" width=\"722\">\n<tbody>\n<tr>\n<td>Oxygen Flow Rate range<\/td>\n<td>10L\/Min(can be adjusted 1L-10L\/min)<\/td>\n<\/tr>\n<tr>\n<td>Oxygen concentration<\/td>\n<td>93% \u00b13%(0-10L\/min)<\/td>\n<\/tr>\n<tr>\n<td>Noise Level<\/td>\n<td>45dB<\/td>\n<\/tr>\n<tr>\n<td>Outlet Pressure<\/td>\n<td>20kPa-70kPa<\/td>\n<\/tr>\n<tr>\n<td>Atmospheric pressure range<\/td>\n<td>86kPa \u2013 106kPa<\/td>\n<\/tr>\n<tr>\n<td>Product Size<\/td>\n<td>39*37*78cm<\/td>\n<\/tr>\n<tr>\n<td>Package size<\/td>\n<td>52*50*95cm<\/td>\n<\/tr>\n<tr>\n<td>GW\/NW<\/td>\n<td>32\/29KG<\/td>\n<\/tr>\n<tr>\n<td>20ft container loading quantity<\/td>\n<td>124pcs<\/td>\n<\/tr>\n<tr>\n<td>Rated Power<\/td>\n<td>550W<\/td>\n<\/tr>\n<tr>\n<td>Power Supply<\/td>\n<td>AC110\/220V, 50\/60Hz<\/td>\n<\/tr>\n<tr>\n<td>Alarm<\/td>\n<td>filter-dirty alarm, power failure alarm,\u00a0compressor overheating<br \/>\nstopalarm, lowflowrate alarm,low purity alarm(less than 82%)<\/td>\n<\/tr>\n<tr>\n<td>Operation and Function<\/td>\n<td>Touch large LED screen operation, Intelligent\u00a0voice\u00a0 \u00a0 \u00a0 broadcast,Romote control,Timed\u00a0 shutdown,Purity monitoring, Nebulization Function<\/td>\n<\/tr>\n<\/tbody>\n<\/table>\n<p>&nbsp;<\/p>\n<p><a href=\"http:\/\/mhgequiposmedicos.com\/wp-content\/uploads\/2023\/12\/made-in-china.jpg\"><img fetchpriority=\"high\" decoding=\"async\" class=\"alignnone size-full wp-image-2265\" src=\"http:\/\/mhgequiposmedicos.com\/wp-content\/uploads\/2023\/12\/made-in-china.jpg\" alt=\"\" width=\"800\" height=\"2176\" \/><\/a> <a href=\"http:\/\/mhgequiposmedicos.com\/wp-content\/uploads\/2023\/12\/made-in-china-1.jpg\"><img decoding=\"async\" class=\"alignnone size-full wp-image-2266\" src=\"http:\/\/mhgequiposmedicos.com\/wp-content\/uploads\/2023\/12\/made-in-china-1.jpg\" alt=\"\" width=\"800\" height=\"2421\" \/><\/a><\/p>\n","protected":false},"excerpt":{"rendered":"<ul>\n<li>Pureza 93% \u00b13%(0-10L\/min)<\/li>\n<li>Tama\u00f1o :\u00a0 52*50*95cm<\/li>\n<li>Litros : \u00a0 10L\/Min( 1L-10L\/min)<\/li>\n<li>Nivel de sonido :\u00a0 \u00a045dB<\/li>\n<li>Con nebulizador<\/li>\n<li>Para 2 pacientes a la misma vez<\/li>\n<\/ul>\n","protected":false},"featured_media":2190,"template":"","meta":{"_joinchat":[]},"product_cat":[104,109],"product_tag":[],"wooqr_code":"","yoast_head":"<!-- This site is optimized with the Yoast SEO plugin v21.7 - https:\/\/yoast.com\/wordpress\/plugins\/seo\/ -->\n<title>CONCENTRADOR ROKON 10LPM - mhgequiposmedicos.com<\/title>\n<meta name=\"robots\" content=\"index, follow, max-snippet:-1, max-image-preview:large, max-video-preview:-1\" \/>\n<link rel=\"canonical\" href=\"https:\/\/mhgequiposmedicos.com\/index.php\/product\/concentrador-rokon-10lpm\/\" \/>\n<meta property=\"og:locale\" content=\"es_ES\" \/>\n<meta property=\"og:type\" content=\"article\" \/>\n<meta property=\"og:title\" content=\"CONCENTRADOR ROKON 10LPM - mhgequiposmedicos.com\" \/>\n<meta property=\"og:description\" content=\"Pureza 93% \u00b13%(0-10L\/min)  Tama\u00f1o :\u00a0 52*50*95cm  Litros : \u00a0 10L\/Min( 1L-10L\/min)  Nivel de sonido :\u00a0 \u00a045dB  Con nebulizador  Para 2 pacientes a la misma vez\" \/>\n<meta property=\"og:url\" content=\"https:\/\/mhgequiposmedicos.com\/index.php\/product\/concentrador-rokon-10lpm\/\" \/>\n<meta property=\"og:site_name\" content=\"mhgequiposmedicos.com\" \/>\n<meta property=\"article:publisher\" content=\"https:\/\/www.facebook.com\/MORNINGHEALTHINGGROUP\" \/>\n<meta property=\"article:modified_time\" content=\"2024-03-19T14:52:36+00:00\" \/>\n<meta property=\"og:image\" content=\"http:\/\/mhgequiposmedicos.com\/wp-content\/uploads\/2023\/12\/ROKON-7.jpg\" \/>\n\t<meta property=\"og:image:width\" content=\"549\" \/>\n\t<meta property=\"og:image:height\" content=\"555\" \/>\n\t<meta property=\"og:image:type\" content=\"image\/jpeg\" \/>\n<meta name=\"twitter:card\" content=\"summary_large_image\" \/>\n<meta name=\"twitter:label1\" content=\"Tiempo de lectura\" \/>\n\t<meta name=\"twitter:data1\" content=\"1 minuto\" \/>\n<script type=\"application\/ld+json\" class=\"yoast-schema-graph\">{\"@context\":\"https:\/\/schema.org\",\"@graph\":[{\"@type\":\"WebPage\",\"@id\":\"https:\/\/mhgequiposmedicos.com\/index.php\/product\/concentrador-rokon-10lpm\/\",\"url\":\"https:\/\/mhgequiposmedicos.com\/index.php\/product\/concentrador-rokon-10lpm\/\",\"name\":\"CONCENTRADOR ROKON 10LPM - mhgequiposmedicos.com\",\"isPartOf\":{\"@id\":\"https:\/\/mhgequiposmedicos.com\/#website\"},\"datePublished\":\"2023-12-18T22:03:34+00:00\",\"dateModified\":\"2024-03-19T14:52:36+00:00\",\"breadcrumb\":{\"@id\":\"https:\/\/mhgequiposmedicos.com\/index.php\/product\/concentrador-rokon-10lpm\/#breadcrumb\"},\"inLanguage\":\"es\",\"potentialAction\":[{\"@type\":\"ReadAction\",\"target\":[\"https:\/\/mhgequiposmedicos.com\/index.php\/product\/concentrador-rokon-10lpm\/\"]}]},{\"@type\":\"BreadcrumbList\",\"@id\":\"https:\/\/mhgequiposmedicos.com\/index.php\/product\/concentrador-rokon-10lpm\/#breadcrumb\",\"itemListElement\":[{\"@type\":\"ListItem\",\"position\":1,\"name\":\"Portada\",\"item\":\"https:\/\/mhgequiposmedicos.com\/\"},{\"@type\":\"ListItem\",\"position\":2,\"name\":\"Tienda\",\"item\":\"https:\/\/mhgequiposmedicos.com\/index.php\/tienda\/\"},{\"@type\":\"ListItem\",\"position\":3,\"name\":\"CONCENTRADOR ROKON 10LPM\"}]},{\"@type\":\"WebSite\",\"@id\":\"https:\/\/mhgequiposmedicos.com\/#website\",\"url\":\"https:\/\/mhgequiposmedicos.com\/\",\"name\":\"mhgequiposmedicos.com\",\"description\":\"\",\"publisher\":{\"@id\":\"https:\/\/mhgequiposmedicos.com\/#organization\"},\"potentialAction\":[{\"@type\":\"SearchAction\",\"target\":{\"@type\":\"EntryPoint\",\"urlTemplate\":\"https:\/\/mhgequiposmedicos.com\/?s={search_term_string}\"},\"query-input\":\"required name=search_term_string\"}],\"inLanguage\":\"es\"},{\"@type\":\"Organization\",\"@id\":\"https:\/\/mhgequiposmedicos.com\/#organization\",\"name\":\"mhgequiposmedicos.com\",\"url\":\"https:\/\/mhgequiposmedicos.com\/\",\"logo\":{\"@type\":\"ImageObject\",\"inLanguage\":\"es\",\"@id\":\"https:\/\/mhgequiposmedicos.com\/#\/schema\/logo\/image\/\",\"url\":\"https:\/\/mhgequiposmedicos.com\/wp-content\/uploads\/2020\/04\/mhg-high-resolution-logo-transparent.png\",\"contentUrl\":\"https:\/\/mhgequiposmedicos.com\/wp-content\/uploads\/2020\/04\/mhg-high-resolution-logo-transparent.png\",\"width\":2000,\"height\":707,\"caption\":\"mhgequiposmedicos.com\"},\"image\":{\"@id\":\"https:\/\/mhgequiposmedicos.com\/#\/schema\/logo\/image\/\"},\"sameAs\":[\"https:\/\/www.facebook.com\/MORNINGHEALTHINGGROUP\"]}]}<\/script>\n<!-- \/ Yoast SEO plugin. -->","yoast_head_json":{"title":"CONCENTRADOR ROKON 10LPM - mhgequiposmedicos.com","robots":{"index":"index","follow":"follow","max-snippet":"max-snippet:-1","max-image-preview":"max-image-preview:large","max-video-preview":"max-video-preview:-1"},"canonical":"https:\/\/mhgequiposmedicos.com\/index.php\/product\/concentrador-rokon-10lpm\/","og_locale":"es_ES","og_type":"article","og_title":"CONCENTRADOR ROKON 10LPM - mhgequiposmedicos.com","og_description":"Pureza 93% \u00b13%(0-10L\/min)  Tama\u00f1o :\u00a0 52*50*95cm  Litros : \u00a0 10L\/Min( 1L-10L\/min)  Nivel de sonido :\u00a0 \u00a045dB  Con nebulizador  Para 2 pacientes a la misma vez","og_url":"https:\/\/mhgequiposmedicos.com\/index.php\/product\/concentrador-rokon-10lpm\/","og_site_name":"mhgequiposmedicos.com","article_publisher":"https:\/\/www.facebook.com\/MORNINGHEALTHINGGROUP","article_modified_time":"2024-03-19T14:52:36+00:00","og_image":[{"width":549,"height":555,"url":"http:\/\/mhgequiposmedicos.com\/wp-content\/uploads\/2023\/12\/ROKON-7.jpg","type":"image\/jpeg"}],"twitter_card":"summary_large_image","twitter_misc":{"Tiempo de lectura":"1 minuto"},"schema":{"@context":"https:\/\/schema.org","@graph":[{"@type":"WebPage","@id":"https:\/\/mhgequiposmedicos.com\/index.php\/product\/concentrador-rokon-10lpm\/","url":"https:\/\/mhgequiposmedicos.com\/index.php\/product\/concentrador-rokon-10lpm\/","name":"CONCENTRADOR ROKON 10LPM - mhgequiposmedicos.com","isPartOf":{"@id":"https:\/\/mhgequiposmedicos.com\/#website"},"datePublished":"2023-12-18T22:03:34+00:00","dateModified":"2024-03-19T14:52:36+00:00","breadcrumb":{"@id":"https:\/\/mhgequiposmedicos.com\/index.php\/product\/concentrador-rokon-10lpm\/#breadcrumb"},"inLanguage":"es","potentialAction":[{"@type":"ReadAction","target":["https:\/\/mhgequiposmedicos.com\/index.php\/product\/concentrador-rokon-10lpm\/"]}]},{"@type":"BreadcrumbList","@id":"https:\/\/mhgequiposmedicos.com\/index.php\/product\/concentrador-rokon-10lpm\/#breadcrumb","itemListElement":[{"@type":"ListItem","position":1,"name":"Portada","item":"https:\/\/mhgequiposmedicos.com\/"},{"@type":"ListItem","position":2,"name":"Tienda","item":"https:\/\/mhgequiposmedicos.com\/index.php\/tienda\/"},{"@type":"ListItem","position":3,"name":"CONCENTRADOR ROKON 10LPM"}]},{"@type":"WebSite","@id":"https:\/\/mhgequiposmedicos.com\/#website","url":"https:\/\/mhgequiposmedicos.com\/","name":"mhgequiposmedicos.com","description":"","publisher":{"@id":"https:\/\/mhgequiposmedicos.com\/#organization"},"potentialAction":[{"@type":"SearchAction","target":{"@type":"EntryPoint","urlTemplate":"https:\/\/mhgequiposmedicos.com\/?s={search_term_string}"},"query-input":"required name=search_term_string"}],"inLanguage":"es"},{"@type":"Organization","@id":"https:\/\/mhgequiposmedicos.com\/#organization","name":"mhgequiposmedicos.com","url":"https:\/\/mhgequiposmedicos.com\/","logo":{"@type":"ImageObject","inLanguage":"es","@id":"https:\/\/mhgequiposmedicos.com\/#\/schema\/logo\/image\/","url":"https:\/\/mhgequiposmedicos.com\/wp-content\/uploads\/2020\/04\/mhg-high-resolution-logo-transparent.png","contentUrl":"https:\/\/mhgequiposmedicos.com\/wp-content\/uploads\/2020\/04\/mhg-high-resolution-logo-transparent.png","width":2000,"height":707,"caption":"mhgequiposmedicos.com"},"image":{"@id":"https:\/\/mhgequiposmedicos.com\/#\/schema\/logo\/image\/"},"sameAs":["https:\/\/www.facebook.com\/MORNINGHEALTHINGGROUP"]}]}},"_links":{"self":[{"href":"https:\/\/mhgequiposmedicos.com\/index.php\/wp-json\/wp\/v2\/product\/2186"}],"collection":[{"href":"https:\/\/mhgequiposmedicos.com\/index.php\/wp-json\/wp\/v2\/product"}],"about":[{"href":"https:\/\/mhgequiposmedicos.com\/index.php\/wp-json\/wp\/v2\/types\/product"}],"version-history":[{"count":4,"href":"https:\/\/mhgequiposmedicos.com\/index.php\/wp-json\/wp\/v2\/product\/2186\/revisions"}],"predecessor-version":[{"id":2275,"href":"https:\/\/mhgequiposmedicos.com\/index.php\/wp-json\/wp\/v2\/product\/2186\/revisions\/2275"}],"wp:featuredmedia":[{"embeddable":true,"href":"https:\/\/mhgequiposmedicos.com\/index.php\/wp-json\/wp\/v2\/media\/2190"}],"wp:attachment":[{"href":"https:\/\/mhgequiposmedicos.com\/index.php\/wp-json\/wp\/v2\/media?parent=2186"}],"wp:term":[{"taxonomy":"product_cat","embeddable":true,"href":"https:\/\/mhgequiposmedicos.com\/index.php\/wp-json\/wp\/v2\/product_cat?post=2186"},{"taxonomy":"product_tag","embeddable":true,"href":"https:\/\/mhgequiposmedicos.com\/index.php\/wp-json\/wp\/v2\/product_tag?post=2186"}],"curies":[{"name":"wp","href":"https:\/\/api.w.org\/{rel}","templated":true}]}}