{"id":2181,"date":"2023-12-18T23:00:29","date_gmt":"2023-12-18T22:00:29","guid":{"rendered":"https:\/\/mhgequiposmedicos.com\/?post_type=product&#038;p=2181"},"modified":"2024-04-09T15:17:08","modified_gmt":"2024-04-09T20:17:08","slug":"concentrador-olive-10s","status":"publish","type":"product","link":"https:\/\/mhgequiposmedicos.com\/index.php\/product\/concentrador-olive-10s\/","title":{"rendered":"CONCENTRADOR OLIVE 10S"},"content":{"rendered":"<p>Nuestro concentrador de ox\u00edgeno adopta una fuente de alimentaci\u00f3n de 220V 60Hz, utiliza aire como materia prima y Tamiz molecular de alta calidad como adsorbente, y adopta el principio de adsorci\u00f3n de oscilaci\u00f3n de presi\u00f3n (PSA) para separar directamente el ox\u00edgeno del nitr\u00f3geno a temperatura normal, ox\u00edgeno de alta pureza se produce de ese modo. La m\u00e1quina puede ayudar al tratamiento de enfermedades cardiovasculares y cerebrovasculares, enfermedades respiratorias, neumon\u00eda obstructiva cr\u00f3nica, etc. y la rehabilitaci\u00f3n de pacientes an\u00f3xicos. La absorci\u00f3n de ox\u00edgeno puede mejorar la condici\u00f3n f\u00edsica del suministro de ox\u00edgeno y lograr el prop\u00f3sito de la atenci\u00f3n oxigenante. Es adecuado para personas de mediana edad y ancianos, personas con mala aptitud f\u00edsica, mujeres embarazadas, estudiantes y otras personas que sufren diferentes grados de hipoxia fisiol\u00f3gica. Tambi\u00e9n puede eliminar la fatiga y restaurar la funci\u00f3n som\u00e1tica despu\u00e9s de un esfuerzo f\u00edsico o mental pesado.<\/p>\n<table style=\"height: 367px;\" border=\"1\" width=\"715\">\n<tbody>\n<tr>\n<td colspan=\"3\" rowspan=\"1\">\n<div data-spm-anchor-id=\"a2700.details.pronpeci14.i1.7f156fc6Ls6dKL\">Especificaciones t\u00e9cnicas<\/div>\n<\/td>\n<\/tr>\n<tr>\n<td colspan=\"1\" rowspan=\"1\">\n<div>Modelo<\/div>\n<\/td>\n<td colspan=\"1\" rowspan=\"1\">\n<div>OLV-5S<\/div>\n<\/td>\n<td colspan=\"1\" rowspan=\"1\">\n<div>\n<div>OLV-10S<\/div>\n<\/div>\n<\/td>\n<\/tr>\n<tr>\n<td colspan=\"1\" rowspan=\"1\">\n<div>Flujo de ox\u00edgeno<\/div>\n<\/td>\n<td colspan=\"1\" rowspan=\"1\">\n<div>\n<div>5L\/min<\/div>\n<\/div>\n<\/td>\n<td colspan=\"1\" rowspan=\"1\">\n<div>\n<div>10L\/min<\/div>\n<\/div>\n<\/td>\n<\/tr>\n<tr>\n<td colspan=\"1\" rowspan=\"1\">\n<div>Concentraci\u00f3n de ox\u00edgeno<\/div>\n<\/td>\n<td colspan=\"2\" rowspan=\"1\">\n<div>\n<div data-spm-anchor-id=\"0.0.0.i110.58374f05rs3Rot\">\u2265 93% \u00b1 3(V\/V)<\/div>\n<\/div>\n<\/td>\n<\/tr>\n<tr>\n<td colspan=\"1\" rowspan=\"1\">\n<div>Fuente de alimentaci\u00f3n<\/div>\n<\/td>\n<td colspan=\"2\" rowspan=\"1\">\n<div>220V 60Hz<\/div>\n<\/td>\n<\/tr>\n<tr>\n<td colspan=\"1\" rowspan=\"1\">\n<div>Presi\u00f3n de salida<\/div>\n<\/td>\n<td colspan=\"2\" rowspan=\"1\">\n<div>\n<div data-spm-anchor-id=\"0.0.0.i115.58374f05rs3Rot\">20Kpa-60Kpa<\/div>\n<\/div>\n<\/td>\n<\/tr>\n<tr>\n<td colspan=\"1\" rowspan=\"1\">\n<div>Potencia de entrada<\/div>\n<\/td>\n<td colspan=\"1\" rowspan=\"1\">\n<div>\n<div>210VA<\/div>\n<\/div>\n<\/td>\n<td colspan=\"1\" rowspan=\"1\">\n<div>\n<div>480VA<\/div>\n<\/div>\n<\/td>\n<\/tr>\n<tr>\n<td colspan=\"1\" rowspan=\"1\">\n<div>Nivel de sonido<\/div>\n<\/td>\n<td colspan=\"2\" rowspan=\"1\">\n<div>\n<div data-spm-anchor-id=\"a2700.siteadmin.0.i17.30adac40lAGODN\">Menos de 45 dB<\/div>\n<\/div>\n<\/td>\n<\/tr>\n<tr>\n<td colspan=\"1\" rowspan=\"1\">\n<div>Peso neto<\/div>\n<\/td>\n<td colspan=\"2\" rowspan=\"1\">\n<div>\n<div>25KG<\/div>\n<\/div>\n<\/td>\n<\/tr>\n<tr>\n<td colspan=\"1\" rowspan=\"1\">\n<div>Dimensi\u00f3n (MM)<\/div>\n<\/td>\n<td colspan=\"2\" rowspan=\"1\">\n<div>\n<div data-spm-anchor-id=\"0.0.0.i87.58374f05rs3Rot\">500 X320 X 240(mm)<\/div>\n<\/div>\n<\/td>\n<\/tr>\n<tr>\n<td colspan=\"1\" rowspan=\"1\">\n<div>Sistema DE TRABAJO<\/div>\n<\/td>\n<td colspan=\"2\" rowspan=\"1\">\n<div>\n<div data-spm-anchor-id=\"0.0.0.i121.58374f05rs3Rot\">Flujo continuo<\/div>\n<\/div>\n<\/td>\n<\/tr>\n<tr>\n<td colspan=\"1\" rowspan=\"1\">\n<div>Atomizaci\u00f3n cantidad<\/div>\n<\/td>\n<td colspan=\"2\" rowspan=\"1\">\n<div>\n<div data-spm-anchor-id=\"0.0.0.i103.58374f05rs3Rot\">&gt; 0,15 ml\/min (s\u00f3lo para modelos con funci\u00f3n de atomizaci\u00f3n)<\/div>\n<\/div>\n<\/td>\n<\/tr>\n<\/tbody>\n<\/table>\n<p><a href=\"http:\/\/mhgequiposmedicos.com\/wp-content\/uploads\/2023\/12\/OLIVE-10S-1.jpeg\"><img fetchpriority=\"high\" decoding=\"async\" class=\"alignnone size-full wp-image-2182\" src=\"http:\/\/mhgequiposmedicos.com\/wp-content\/uploads\/2023\/12\/OLIVE-10S-1.jpeg\" alt=\"\" width=\"800\" height=\"900\" \/><\/a><a href=\"http:\/\/mhgequiposmedicos.com\/wp-content\/uploads\/2023\/12\/CONCENTRADOR-DE-OXIGENO-OLIVE-OLV-10S-MODELO-2021-3.jpeg\"><img decoding=\"async\" class=\"alignnone size-full wp-image-2203\" src=\"http:\/\/mhgequiposmedicos.com\/wp-content\/uploads\/2023\/12\/CONCENTRADOR-DE-OXIGENO-OLIVE-OLV-10S-MODELO-2021-3.jpeg\" alt=\"\" width=\"800\" height=\"1079\" \/><\/a><\/p>\n","protected":false},"excerpt":{"rendered":"<ul>\n<li>Nivel de pureza 93% \u00b13%(0-10L\/min)<\/li>\n<li>Dimensiones: 350*250\u00a8650mm<\/li>\n<li>Flujo de abastecimiento: \u00a0 10L\/Min( 1L-10L\/min)<\/li>\n<li>Nivel de sonido :\u00a0 \u00a048dB<\/li>\n<li>Sistema de nebulizador incluido<\/li>\n<li>Para 1 pacientes a la misma vez.<\/li>\n<\/ul>\n","protected":false},"featured_media":2277,"template":"","meta":{"_joinchat":[]},"product_cat":[104,109,116],"product_tag":[],"wooqr_code":"","yoast_head":"<!-- This site is optimized with the Yoast SEO plugin v21.7 - https:\/\/yoast.com\/wordpress\/plugins\/seo\/ -->\n<title>CONCENTRADOR OLIVE 10S - mhgequiposmedicos.com<\/title>\n<meta name=\"robots\" content=\"index, follow, max-snippet:-1, max-image-preview:large, max-video-preview:-1\" \/>\n<link rel=\"canonical\" href=\"https:\/\/mhgequiposmedicos.com\/index.php\/product\/concentrador-olive-10s\/\" \/>\n<meta property=\"og:locale\" content=\"es_ES\" \/>\n<meta property=\"og:type\" content=\"article\" \/>\n<meta property=\"og:title\" content=\"CONCENTRADOR OLIVE 10S - mhgequiposmedicos.com\" \/>\n<meta property=\"og:description\" content=\"Nivel de pureza 93% \u00b13%(0-10L\/min)  Dimensiones: 350*250\u00a8650mm  Flujo de abastecimiento: \u00a0 10L\/Min( 1L-10L\/min)  Nivel de sonido :\u00a0 \u00a048dB  Sistema de nebulizador incluido  Para 1 pacientes a la misma vez.\" \/>\n<meta property=\"og:url\" content=\"https:\/\/mhgequiposmedicos.com\/index.php\/product\/concentrador-olive-10s\/\" \/>\n<meta property=\"og:site_name\" content=\"mhgequiposmedicos.com\" \/>\n<meta property=\"article:publisher\" content=\"https:\/\/www.facebook.com\/MORNINGHEALTHINGGROUP\" \/>\n<meta property=\"article:modified_time\" content=\"2024-04-09T20:17:08+00:00\" \/>\n<meta property=\"og:image\" content=\"http:\/\/mhgequiposmedicos.com\/wp-content\/uploads\/2023\/12\/OLIVE-10-S.jpg\" \/>\n\t<meta property=\"og:image:width\" content=\"615\" \/>\n\t<meta property=\"og:image:height\" content=\"621\" \/>\n\t<meta property=\"og:image:type\" content=\"image\/jpeg\" \/>\n<meta name=\"twitter:card\" content=\"summary_large_image\" \/>\n<meta name=\"twitter:label1\" content=\"Tiempo de lectura\" \/>\n\t<meta name=\"twitter:data1\" content=\"1 minuto\" \/>\n<script type=\"application\/ld+json\" class=\"yoast-schema-graph\">{\"@context\":\"https:\/\/schema.org\",\"@graph\":[{\"@type\":\"WebPage\",\"@id\":\"https:\/\/mhgequiposmedicos.com\/index.php\/product\/concentrador-olive-10s\/\",\"url\":\"https:\/\/mhgequiposmedicos.com\/index.php\/product\/concentrador-olive-10s\/\",\"name\":\"CONCENTRADOR OLIVE 10S - mhgequiposmedicos.com\",\"isPartOf\":{\"@id\":\"https:\/\/mhgequiposmedicos.com\/#website\"},\"datePublished\":\"2023-12-18T22:00:29+00:00\",\"dateModified\":\"2024-04-09T20:17:08+00:00\",\"breadcrumb\":{\"@id\":\"https:\/\/mhgequiposmedicos.com\/index.php\/product\/concentrador-olive-10s\/#breadcrumb\"},\"inLanguage\":\"es\",\"potentialAction\":[{\"@type\":\"ReadAction\",\"target\":[\"https:\/\/mhgequiposmedicos.com\/index.php\/product\/concentrador-olive-10s\/\"]}]},{\"@type\":\"BreadcrumbList\",\"@id\":\"https:\/\/mhgequiposmedicos.com\/index.php\/product\/concentrador-olive-10s\/#breadcrumb\",\"itemListElement\":[{\"@type\":\"ListItem\",\"position\":1,\"name\":\"Portada\",\"item\":\"https:\/\/mhgequiposmedicos.com\/\"},{\"@type\":\"ListItem\",\"position\":2,\"name\":\"Tienda\",\"item\":\"https:\/\/mhgequiposmedicos.com\/index.php\/tienda\/\"},{\"@type\":\"ListItem\",\"position\":3,\"name\":\"CONCENTRADOR OLIVE 10S\"}]},{\"@type\":\"WebSite\",\"@id\":\"https:\/\/mhgequiposmedicos.com\/#website\",\"url\":\"https:\/\/mhgequiposmedicos.com\/\",\"name\":\"mhgequiposmedicos.com\",\"description\":\"\",\"publisher\":{\"@id\":\"https:\/\/mhgequiposmedicos.com\/#organization\"},\"potentialAction\":[{\"@type\":\"SearchAction\",\"target\":{\"@type\":\"EntryPoint\",\"urlTemplate\":\"https:\/\/mhgequiposmedicos.com\/?s={search_term_string}\"},\"query-input\":\"required name=search_term_string\"}],\"inLanguage\":\"es\"},{\"@type\":\"Organization\",\"@id\":\"https:\/\/mhgequiposmedicos.com\/#organization\",\"name\":\"mhgequiposmedicos.com\",\"url\":\"https:\/\/mhgequiposmedicos.com\/\",\"logo\":{\"@type\":\"ImageObject\",\"inLanguage\":\"es\",\"@id\":\"https:\/\/mhgequiposmedicos.com\/#\/schema\/logo\/image\/\",\"url\":\"https:\/\/mhgequiposmedicos.com\/wp-content\/uploads\/2020\/04\/mhg-high-resolution-logo-transparent.png\",\"contentUrl\":\"https:\/\/mhgequiposmedicos.com\/wp-content\/uploads\/2020\/04\/mhg-high-resolution-logo-transparent.png\",\"width\":2000,\"height\":707,\"caption\":\"mhgequiposmedicos.com\"},\"image\":{\"@id\":\"https:\/\/mhgequiposmedicos.com\/#\/schema\/logo\/image\/\"},\"sameAs\":[\"https:\/\/www.facebook.com\/MORNINGHEALTHINGGROUP\"]}]}<\/script>\n<!-- \/ Yoast SEO plugin. -->","yoast_head_json":{"title":"CONCENTRADOR OLIVE 10S - mhgequiposmedicos.com","robots":{"index":"index","follow":"follow","max-snippet":"max-snippet:-1","max-image-preview":"max-image-preview:large","max-video-preview":"max-video-preview:-1"},"canonical":"https:\/\/mhgequiposmedicos.com\/index.php\/product\/concentrador-olive-10s\/","og_locale":"es_ES","og_type":"article","og_title":"CONCENTRADOR OLIVE 10S - mhgequiposmedicos.com","og_description":"Nivel de pureza 93% \u00b13%(0-10L\/min)  Dimensiones: 350*250\u00a8650mm  Flujo de abastecimiento: \u00a0 10L\/Min( 1L-10L\/min)  Nivel de sonido :\u00a0 \u00a048dB  Sistema de nebulizador incluido  Para 1 pacientes a la misma vez.","og_url":"https:\/\/mhgequiposmedicos.com\/index.php\/product\/concentrador-olive-10s\/","og_site_name":"mhgequiposmedicos.com","article_publisher":"https:\/\/www.facebook.com\/MORNINGHEALTHINGGROUP","article_modified_time":"2024-04-09T20:17:08+00:00","og_image":[{"width":615,"height":621,"url":"http:\/\/mhgequiposmedicos.com\/wp-content\/uploads\/2023\/12\/OLIVE-10-S.jpg","type":"image\/jpeg"}],"twitter_card":"summary_large_image","twitter_misc":{"Tiempo de lectura":"1 minuto"},"schema":{"@context":"https:\/\/schema.org","@graph":[{"@type":"WebPage","@id":"https:\/\/mhgequiposmedicos.com\/index.php\/product\/concentrador-olive-10s\/","url":"https:\/\/mhgequiposmedicos.com\/index.php\/product\/concentrador-olive-10s\/","name":"CONCENTRADOR OLIVE 10S - mhgequiposmedicos.com","isPartOf":{"@id":"https:\/\/mhgequiposmedicos.com\/#website"},"datePublished":"2023-12-18T22:00:29+00:00","dateModified":"2024-04-09T20:17:08+00:00","breadcrumb":{"@id":"https:\/\/mhgequiposmedicos.com\/index.php\/product\/concentrador-olive-10s\/#breadcrumb"},"inLanguage":"es","potentialAction":[{"@type":"ReadAction","target":["https:\/\/mhgequiposmedicos.com\/index.php\/product\/concentrador-olive-10s\/"]}]},{"@type":"BreadcrumbList","@id":"https:\/\/mhgequiposmedicos.com\/index.php\/product\/concentrador-olive-10s\/#breadcrumb","itemListElement":[{"@type":"ListItem","position":1,"name":"Portada","item":"https:\/\/mhgequiposmedicos.com\/"},{"@type":"ListItem","position":2,"name":"Tienda","item":"https:\/\/mhgequiposmedicos.com\/index.php\/tienda\/"},{"@type":"ListItem","position":3,"name":"CONCENTRADOR OLIVE 10S"}]},{"@type":"WebSite","@id":"https:\/\/mhgequiposmedicos.com\/#website","url":"https:\/\/mhgequiposmedicos.com\/","name":"mhgequiposmedicos.com","description":"","publisher":{"@id":"https:\/\/mhgequiposmedicos.com\/#organization"},"potentialAction":[{"@type":"SearchAction","target":{"@type":"EntryPoint","urlTemplate":"https:\/\/mhgequiposmedicos.com\/?s={search_term_string}"},"query-input":"required name=search_term_string"}],"inLanguage":"es"},{"@type":"Organization","@id":"https:\/\/mhgequiposmedicos.com\/#organization","name":"mhgequiposmedicos.com","url":"https:\/\/mhgequiposmedicos.com\/","logo":{"@type":"ImageObject","inLanguage":"es","@id":"https:\/\/mhgequiposmedicos.com\/#\/schema\/logo\/image\/","url":"https:\/\/mhgequiposmedicos.com\/wp-content\/uploads\/2020\/04\/mhg-high-resolution-logo-transparent.png","contentUrl":"https:\/\/mhgequiposmedicos.com\/wp-content\/uploads\/2020\/04\/mhg-high-resolution-logo-transparent.png","width":2000,"height":707,"caption":"mhgequiposmedicos.com"},"image":{"@id":"https:\/\/mhgequiposmedicos.com\/#\/schema\/logo\/image\/"},"sameAs":["https:\/\/www.facebook.com\/MORNINGHEALTHINGGROUP"]}]}},"_links":{"self":[{"href":"https:\/\/mhgequiposmedicos.com\/index.php\/wp-json\/wp\/v2\/product\/2181"}],"collection":[{"href":"https:\/\/mhgequiposmedicos.com\/index.php\/wp-json\/wp\/v2\/product"}],"about":[{"href":"https:\/\/mhgequiposmedicos.com\/index.php\/wp-json\/wp\/v2\/types\/product"}],"version-history":[{"count":5,"href":"https:\/\/mhgequiposmedicos.com\/index.php\/wp-json\/wp\/v2\/product\/2181\/revisions"}],"predecessor-version":[{"id":2281,"href":"https:\/\/mhgequiposmedicos.com\/index.php\/wp-json\/wp\/v2\/product\/2181\/revisions\/2281"}],"wp:featuredmedia":[{"embeddable":true,"href":"https:\/\/mhgequiposmedicos.com\/index.php\/wp-json\/wp\/v2\/media\/2277"}],"wp:attachment":[{"href":"https:\/\/mhgequiposmedicos.com\/index.php\/wp-json\/wp\/v2\/media?parent=2181"}],"wp:term":[{"taxonomy":"product_cat","embeddable":true,"href":"https:\/\/mhgequiposmedicos.com\/index.php\/wp-json\/wp\/v2\/product_cat?post=2181"},{"taxonomy":"product_tag","embeddable":true,"href":"https:\/\/mhgequiposmedicos.com\/index.php\/wp-json\/wp\/v2\/product_tag?post=2181"}],"curies":[{"name":"wp","href":"https:\/\/api.w.org\/{rel}","templated":true}]}}