{"id":2176,"date":"2023-12-18T22:55:04","date_gmt":"2023-12-18T21:55:04","guid":{"rendered":"https:\/\/mhgequiposmedicos.com\/?post_type=product&#038;p=2176"},"modified":"2024-03-22T16:01:25","modified_gmt":"2024-03-22T21:01:25","slug":"concentrador-oxygen-power-tecn-alemana","status":"publish","type":"product","link":"https:\/\/mhgequiposmedicos.com\/index.php\/product\/concentrador-oxygen-power-tecn-alemana\/","title":{"rendered":"CONCENTRADOR OXYGEN POWER ALEMAN"},"content":{"rendered":"<p><strong>Product Details<\/strong><\/p>\n<div class=\"rich-text-table\">\n<table style=\"height: 509px;\" width=\"703\">\n<tbody>\n<tr>\n<td colspan=\"1\" rowspan=\"1\">\n<div>\n<div><b>TECNOLOGIA<\/b><\/div>\n<\/div>\n<\/td>\n<td colspan=\"1\" rowspan=\"1\">\n<div>\n<div><b>ALEMAN<\/b><\/div>\n<\/div>\n<\/td>\n<\/tr>\n<tr>\n<td colspan=\"1\" rowspan=\"1\">\n<div>\n<div><b>lace of Origin<\/b><\/div>\n<\/div>\n<\/td>\n<td colspan=\"1\" rowspan=\"1\">\n<div>\n<div><b>China<\/b><\/div>\n<\/div>\n<\/td>\n<\/tr>\n<tr>\n<td colspan=\"1\" rowspan=\"1\">\n<div>\n<div><b>Brand Name:<\/b><\/div>\n<\/div>\n<\/td>\n<td colspan=\"1\" rowspan=\"1\">\n<div>\n<div><b>Oxygen Concentrator<\/b><\/div>\n<\/div>\n<\/td>\n<\/tr>\n<tr>\n<td colspan=\"1\" rowspan=\"1\">\n<div>\n<div><b>Model Number<\/b><\/div>\n<\/div>\n<\/td>\n<td colspan=\"1\" rowspan=\"1\">\n<div>\n<div><b>XY-6S-10, XY-6S Oxygen Concentrator<\/b><\/div>\n<\/div>\n<\/td>\n<\/tr>\n<tr>\n<td colspan=\"1\" rowspan=\"1\">\n<div>\n<div><b>Instrument classification:<\/b><\/div>\n<\/div>\n<\/td>\n<td colspan=\"1\" rowspan=\"1\">\n<div>\n<div><b>Class II<\/b><\/div>\n<\/div>\n<\/td>\n<\/tr>\n<tr>\n<td colspan=\"1\" rowspan=\"1\">\n<div>\n<div><b>GARANTIA<\/b><\/div>\n<\/div>\n<\/td>\n<td colspan=\"1\" rowspan=\"1\">\n<div>\n<div><b>1 A\u00d1O<\/b><\/div>\n<\/div>\n<\/td>\n<\/tr>\n<tr>\n<td colspan=\"1\" rowspan=\"1\">\n<div>\n<div><b>After-sale Service:<\/b><\/div>\n<\/div>\n<\/td>\n<td colspan=\"1\" rowspan=\"1\">\n<div>\n<div><b>Online technical support<\/b><\/div>\n<\/div>\n<\/td>\n<\/tr>\n<tr>\n<td colspan=\"1\" rowspan=\"1\">\n<div>\n<div><b>Input powe<\/b><\/div>\n<\/div>\n<\/td>\n<td colspan=\"1\" rowspan=\"1\">\n<div>\n<div><b>600W<\/b><\/div>\n<\/div>\n<\/td>\n<\/tr>\n<tr>\n<td colspan=\"1\" rowspan=\"1\">\n<div>\n<div><b>Rated voltage:<\/b><\/div>\n<\/div>\n<\/td>\n<td colspan=\"1\" rowspan=\"1\">\n<div>\n<div><b>AC 220V+\/-15V 50Hz 0.8A<\/b><\/div>\n<\/div>\n<\/td>\n<\/tr>\n<tr>\n<td colspan=\"1\" rowspan=\"1\">\n<div>\n<div><b>Running noise<\/b><\/div>\n<\/div>\n<\/td>\n<td colspan=\"1\" rowspan=\"1\">\n<div>\n<div><b>&lt;45db<\/b><\/div>\n<\/div>\n<\/td>\n<\/tr>\n<tr>\n<td colspan=\"1\" rowspan=\"1\">\n<div>\n<div><b>Anion Density:<\/b><\/div>\n<\/div>\n<\/td>\n<td colspan=\"1\" rowspan=\"1\">\n<div>\n<div><b>&gt;93%<\/b><\/div>\n<\/div>\n<\/td>\n<\/tr>\n<tr>\n<td colspan=\"1\" rowspan=\"1\">\n<div>\n<div><b>Velocity of flow<\/b><\/div>\n<\/div>\n<\/td>\n<td colspan=\"1\" rowspan=\"1\">\n<div>\n<div><b>0L -10L\/min adjustable<\/b><\/div>\n<\/div>\n<\/td>\n<\/tr>\n<tr>\n<td colspan=\"1\" rowspan=\"1\">\n<div>\n<div><b>DIMENCION<\/b><\/div>\n<\/div>\n<\/td>\n<td colspan=\"1\" rowspan=\"1\">\n<div>\n<div><b>430*390*690mm<\/b><\/div>\n<\/div>\n<\/td>\n<\/tr>\n<tr>\n<td colspan=\"1\" rowspan=\"1\">\n<div>\n<div><b>PESO<\/b><\/div>\n<\/div>\n<\/td>\n<td colspan=\"1\" rowspan=\"1\">\n<div>\n<div><b>25.5Kg<\/b><\/div>\n<\/div>\n<\/td>\n<\/tr>\n<tr>\n<td colspan=\"1\" rowspan=\"1\">\n<div>\n<div><b>Display<\/b><\/div>\n<\/div>\n<\/td>\n<td colspan=\"1\" rowspan=\"1\">\n<div>\n<div><b>10kPa ~ 60kPa<\/b><\/div>\n<\/div>\n<\/td>\n<\/tr>\n<tr>\n<td colspan=\"1\" rowspan=\"1\">\n<div>\n<div><b>Display control:<\/b><\/div>\n<\/div>\n<\/td>\n<td colspan=\"1\" rowspan=\"1\">\n<div>\n<div><b>LED display button<\/b><\/div>\n<\/div>\n<\/td>\n<\/tr>\n<tr>\n<td colspan=\"1\" rowspan=\"1\">\n<div>\n<div><b>Technology Noise<\/b><\/div>\n<\/div>\n<\/td>\n<td colspan=\"1\" rowspan=\"1\">\n<div>\n<div><b>PSA<\/b><\/div>\n<\/div>\n<\/td>\n<\/tr>\n<\/tbody>\n<\/table>\n<\/div>\n<div class=\"rich-text-table\"><\/div>\n<div><a href=\"http:\/\/mhgequiposmedicos.com\/wp-content\/uploads\/2023\/12\/CE-ISO-5L-10L-15L-20-Lpm-Mini-Portable-Oxygen-Concentrator-for-Medical-Standard-with-Nebirizer-7-1.jpg\"><img fetchpriority=\"high\" decoding=\"async\" class=\"size-full wp-image-2250 aligncenter\" src=\"http:\/\/mhgequiposmedicos.com\/wp-content\/uploads\/2023\/12\/CE-ISO-5L-10L-15L-20-Lpm-Mini-Portable-Oxygen-Concentrator-for-Medical-Standard-with-Nebirizer-7-1.jpg\" alt=\"\" width=\"790\" height=\"854\" \/><\/a> <a href=\"http:\/\/mhgequiposmedicos.com\/wp-content\/uploads\/2023\/12\/CE-ISO-5L-10L-15L-20-Lpm-Mini-Portable-Oxygen-Concentrator-for-Medical-Standard-with-Nebirizer-9-1.jpg\"><img decoding=\"async\" class=\"size-full wp-image-2251 aligncenter\" src=\"http:\/\/mhgequiposmedicos.com\/wp-content\/uploads\/2023\/12\/CE-ISO-5L-10L-15L-20-Lpm-Mini-Portable-Oxygen-Concentrator-for-Medical-Standard-with-Nebirizer-9-1.jpg\" alt=\"\" width=\"790\" height=\"1137\" \/><\/a> <a href=\"http:\/\/mhgequiposmedicos.com\/wp-content\/uploads\/2023\/12\/CE-ISO-5L-10L-15L-20-Lpm-Mini-Portable-Oxygen-Concentrator-for-Medical-Standard-with-Nebirizer-10-1.jpg\"><img decoding=\"async\" class=\"size-full wp-image-2252 aligncenter\" src=\"http:\/\/mhgequiposmedicos.com\/wp-content\/uploads\/2023\/12\/CE-ISO-5L-10L-15L-20-Lpm-Mini-Portable-Oxygen-Concentrator-for-Medical-Standard-with-Nebirizer-10-1.jpg\" alt=\"\" width=\"790\" height=\"1089\" \/><\/a> <a href=\"http:\/\/mhgequiposmedicos.com\/wp-content\/uploads\/2023\/12\/CE-ISO-5L-10L-15L-20-Lpm-Mini-Portable-Oxygen-Concentrator-for-Medical-Standard-with-Nebirizer-11-1.jpg\"><img loading=\"lazy\" decoding=\"async\" class=\"size-full wp-image-2253 aligncenter\" src=\"http:\/\/mhgequiposmedicos.com\/wp-content\/uploads\/2023\/12\/CE-ISO-5L-10L-15L-20-Lpm-Mini-Portable-Oxygen-Concentrator-for-Medical-Standard-with-Nebirizer-11-1.jpg\" alt=\"\" width=\"790\" height=\"1123\" \/><\/a><\/div>\n","protected":false},"excerpt":{"rendered":"<p>CARACTERISTICAS DEL PRODUCTO<\/p>\n<ul>\n<li><strong>Concentraci\u00f3n de Ox\u00edgeno <\/strong>93 + 0 \u2013 3%<\/li>\n<li><strong>Presi\u00f3n de salida de Ox\u00edgeno <\/strong>20 kpa a 60 kpa<\/li>\n<li><b>Peso<\/b> 23 Kg<\/li>\n<li><strong>Doble salida <\/strong>de ox\u00edgeno<\/li>\n<li><strong>Pantalla <\/strong>digital t\u00e1ctil<\/li>\n<li><strong>Dimensiones <\/strong>344 x 306 x 565 mm<\/li>\n<li><strong>Trabajo <\/strong><strong>continuo<\/strong>\u00a024 horas<\/li>\n<li><strong>Nivel de sonido <\/strong>menor a 45 dB (A) \u2013 Alarma<\/li>\n<li><strong>Incluye accesorios: <\/strong>Canula Nasal, filtro HEPA, primer filtro, humidificador.<\/li>\n<li>Con nebulizador<\/li>\n<li>Cuenta con garant\u00eda.<\/li>\n<\/ul>\n","protected":false},"featured_media":2177,"template":"","meta":{"_joinchat":{"telephone":"+51925653498"}},"product_cat":[104,109],"product_tag":[105,65,108],"wooqr_code":"","yoast_head":"<!-- This site is optimized with the Yoast SEO plugin v21.7 - https:\/\/yoast.com\/wordpress\/plugins\/seo\/ -->\n<title>CONCENTRADOR OXYGEN POWER ALEMAN - mhgequiposmedicos.com<\/title>\n<meta name=\"robots\" content=\"index, follow, max-snippet:-1, max-image-preview:large, max-video-preview:-1\" \/>\n<link rel=\"canonical\" href=\"https:\/\/mhgequiposmedicos.com\/index.php\/product\/concentrador-oxygen-power-tecn-alemana\/\" \/>\n<meta property=\"og:locale\" content=\"es_ES\" \/>\n<meta property=\"og:type\" content=\"article\" \/>\n<meta property=\"og:title\" content=\"CONCENTRADOR OXYGEN POWER ALEMAN - mhgequiposmedicos.com\" \/>\n<meta property=\"og:description\" content=\"CARACTERISTICAS DEL PRODUCTO   Concentraci\u00f3n de Ox\u00edgeno 93 + 0 \u2013 3%  Presi\u00f3n de salida de Ox\u00edgeno 20 kpa a 60 kpa  Peso 23 Kg  Doble salida de ox\u00edgeno  Pantalla digital t\u00e1ctil  Dimensiones 344 x 306 x 565 mm  Trabajo continuo\u00a024 horas  Nivel de sonido menor a 45 dB (A) \u2013 Alarma  Incluye accesorios: Canula Nasal, filtro HEPA, primer filtro, humidificador.  Con nebulizador  Cuenta con garant\u00eda.\" \/>\n<meta property=\"og:url\" content=\"https:\/\/mhgequiposmedicos.com\/index.php\/product\/concentrador-oxygen-power-tecn-alemana\/\" \/>\n<meta property=\"og:site_name\" content=\"mhgequiposmedicos.com\" \/>\n<meta property=\"article:publisher\" content=\"https:\/\/www.facebook.com\/MORNINGHEALTHINGGROUP\" \/>\n<meta property=\"article:modified_time\" content=\"2024-03-22T21:01:25+00:00\" \/>\n<meta property=\"og:image\" content=\"http:\/\/mhgequiposmedicos.com\/wp-content\/uploads\/2023\/12\/OXIGEN-POWER.jpg\" \/>\n\t<meta property=\"og:image:width\" content=\"872\" \/>\n\t<meta property=\"og:image:height\" content=\"872\" \/>\n\t<meta property=\"og:image:type\" content=\"image\/jpeg\" \/>\n<meta name=\"twitter:card\" content=\"summary_large_image\" \/>\n<script type=\"application\/ld+json\" class=\"yoast-schema-graph\">{\"@context\":\"https:\/\/schema.org\",\"@graph\":[{\"@type\":\"WebPage\",\"@id\":\"https:\/\/mhgequiposmedicos.com\/index.php\/product\/concentrador-oxygen-power-tecn-alemana\/\",\"url\":\"https:\/\/mhgequiposmedicos.com\/index.php\/product\/concentrador-oxygen-power-tecn-alemana\/\",\"name\":\"CONCENTRADOR OXYGEN POWER ALEMAN - mhgequiposmedicos.com\",\"isPartOf\":{\"@id\":\"https:\/\/mhgequiposmedicos.com\/#website\"},\"datePublished\":\"2023-12-18T21:55:04+00:00\",\"dateModified\":\"2024-03-22T21:01:25+00:00\",\"breadcrumb\":{\"@id\":\"https:\/\/mhgequiposmedicos.com\/index.php\/product\/concentrador-oxygen-power-tecn-alemana\/#breadcrumb\"},\"inLanguage\":\"es\",\"potentialAction\":[{\"@type\":\"ReadAction\",\"target\":[\"https:\/\/mhgequiposmedicos.com\/index.php\/product\/concentrador-oxygen-power-tecn-alemana\/\"]}]},{\"@type\":\"BreadcrumbList\",\"@id\":\"https:\/\/mhgequiposmedicos.com\/index.php\/product\/concentrador-oxygen-power-tecn-alemana\/#breadcrumb\",\"itemListElement\":[{\"@type\":\"ListItem\",\"position\":1,\"name\":\"Portada\",\"item\":\"https:\/\/mhgequiposmedicos.com\/\"},{\"@type\":\"ListItem\",\"position\":2,\"name\":\"Tienda\",\"item\":\"https:\/\/mhgequiposmedicos.com\/index.php\/tienda\/\"},{\"@type\":\"ListItem\",\"position\":3,\"name\":\"CONCENTRADOR OXYGEN POWER ALEMAN\"}]},{\"@type\":\"WebSite\",\"@id\":\"https:\/\/mhgequiposmedicos.com\/#website\",\"url\":\"https:\/\/mhgequiposmedicos.com\/\",\"name\":\"mhgequiposmedicos.com\",\"description\":\"\",\"publisher\":{\"@id\":\"https:\/\/mhgequiposmedicos.com\/#organization\"},\"potentialAction\":[{\"@type\":\"SearchAction\",\"target\":{\"@type\":\"EntryPoint\",\"urlTemplate\":\"https:\/\/mhgequiposmedicos.com\/?s={search_term_string}\"},\"query-input\":\"required name=search_term_string\"}],\"inLanguage\":\"es\"},{\"@type\":\"Organization\",\"@id\":\"https:\/\/mhgequiposmedicos.com\/#organization\",\"name\":\"mhgequiposmedicos.com\",\"url\":\"https:\/\/mhgequiposmedicos.com\/\",\"logo\":{\"@type\":\"ImageObject\",\"inLanguage\":\"es\",\"@id\":\"https:\/\/mhgequiposmedicos.com\/#\/schema\/logo\/image\/\",\"url\":\"https:\/\/mhgequiposmedicos.com\/wp-content\/uploads\/2020\/04\/mhg-high-resolution-logo-transparent.png\",\"contentUrl\":\"https:\/\/mhgequiposmedicos.com\/wp-content\/uploads\/2020\/04\/mhg-high-resolution-logo-transparent.png\",\"width\":2000,\"height\":707,\"caption\":\"mhgequiposmedicos.com\"},\"image\":{\"@id\":\"https:\/\/mhgequiposmedicos.com\/#\/schema\/logo\/image\/\"},\"sameAs\":[\"https:\/\/www.facebook.com\/MORNINGHEALTHINGGROUP\"]}]}<\/script>\n<!-- \/ Yoast SEO plugin. -->","yoast_head_json":{"title":"CONCENTRADOR OXYGEN POWER ALEMAN - mhgequiposmedicos.com","robots":{"index":"index","follow":"follow","max-snippet":"max-snippet:-1","max-image-preview":"max-image-preview:large","max-video-preview":"max-video-preview:-1"},"canonical":"https:\/\/mhgequiposmedicos.com\/index.php\/product\/concentrador-oxygen-power-tecn-alemana\/","og_locale":"es_ES","og_type":"article","og_title":"CONCENTRADOR OXYGEN POWER ALEMAN - mhgequiposmedicos.com","og_description":"CARACTERISTICAS DEL PRODUCTO   Concentraci\u00f3n de Ox\u00edgeno 93 + 0 \u2013 3%  Presi\u00f3n de salida de Ox\u00edgeno 20 kpa a 60 kpa  Peso 23 Kg  Doble salida de ox\u00edgeno  Pantalla digital t\u00e1ctil  Dimensiones 344 x 306 x 565 mm  Trabajo continuo\u00a024 horas  Nivel de sonido menor a 45 dB (A) \u2013 Alarma  Incluye accesorios: Canula Nasal, filtro HEPA, primer filtro, humidificador.  Con nebulizador  Cuenta con garant\u00eda.","og_url":"https:\/\/mhgequiposmedicos.com\/index.php\/product\/concentrador-oxygen-power-tecn-alemana\/","og_site_name":"mhgequiposmedicos.com","article_publisher":"https:\/\/www.facebook.com\/MORNINGHEALTHINGGROUP","article_modified_time":"2024-03-22T21:01:25+00:00","og_image":[{"width":872,"height":872,"url":"http:\/\/mhgequiposmedicos.com\/wp-content\/uploads\/2023\/12\/OXIGEN-POWER.jpg","type":"image\/jpeg"}],"twitter_card":"summary_large_image","schema":{"@context":"https:\/\/schema.org","@graph":[{"@type":"WebPage","@id":"https:\/\/mhgequiposmedicos.com\/index.php\/product\/concentrador-oxygen-power-tecn-alemana\/","url":"https:\/\/mhgequiposmedicos.com\/index.php\/product\/concentrador-oxygen-power-tecn-alemana\/","name":"CONCENTRADOR OXYGEN POWER ALEMAN - mhgequiposmedicos.com","isPartOf":{"@id":"https:\/\/mhgequiposmedicos.com\/#website"},"datePublished":"2023-12-18T21:55:04+00:00","dateModified":"2024-03-22T21:01:25+00:00","breadcrumb":{"@id":"https:\/\/mhgequiposmedicos.com\/index.php\/product\/concentrador-oxygen-power-tecn-alemana\/#breadcrumb"},"inLanguage":"es","potentialAction":[{"@type":"ReadAction","target":["https:\/\/mhgequiposmedicos.com\/index.php\/product\/concentrador-oxygen-power-tecn-alemana\/"]}]},{"@type":"BreadcrumbList","@id":"https:\/\/mhgequiposmedicos.com\/index.php\/product\/concentrador-oxygen-power-tecn-alemana\/#breadcrumb","itemListElement":[{"@type":"ListItem","position":1,"name":"Portada","item":"https:\/\/mhgequiposmedicos.com\/"},{"@type":"ListItem","position":2,"name":"Tienda","item":"https:\/\/mhgequiposmedicos.com\/index.php\/tienda\/"},{"@type":"ListItem","position":3,"name":"CONCENTRADOR OXYGEN POWER ALEMAN"}]},{"@type":"WebSite","@id":"https:\/\/mhgequiposmedicos.com\/#website","url":"https:\/\/mhgequiposmedicos.com\/","name":"mhgequiposmedicos.com","description":"","publisher":{"@id":"https:\/\/mhgequiposmedicos.com\/#organization"},"potentialAction":[{"@type":"SearchAction","target":{"@type":"EntryPoint","urlTemplate":"https:\/\/mhgequiposmedicos.com\/?s={search_term_string}"},"query-input":"required name=search_term_string"}],"inLanguage":"es"},{"@type":"Organization","@id":"https:\/\/mhgequiposmedicos.com\/#organization","name":"mhgequiposmedicos.com","url":"https:\/\/mhgequiposmedicos.com\/","logo":{"@type":"ImageObject","inLanguage":"es","@id":"https:\/\/mhgequiposmedicos.com\/#\/schema\/logo\/image\/","url":"https:\/\/mhgequiposmedicos.com\/wp-content\/uploads\/2020\/04\/mhg-high-resolution-logo-transparent.png","contentUrl":"https:\/\/mhgequiposmedicos.com\/wp-content\/uploads\/2020\/04\/mhg-high-resolution-logo-transparent.png","width":2000,"height":707,"caption":"mhgequiposmedicos.com"},"image":{"@id":"https:\/\/mhgequiposmedicos.com\/#\/schema\/logo\/image\/"},"sameAs":["https:\/\/www.facebook.com\/MORNINGHEALTHINGGROUP"]}]}},"_links":{"self":[{"href":"https:\/\/mhgequiposmedicos.com\/index.php\/wp-json\/wp\/v2\/product\/2176"}],"collection":[{"href":"https:\/\/mhgequiposmedicos.com\/index.php\/wp-json\/wp\/v2\/product"}],"about":[{"href":"https:\/\/mhgequiposmedicos.com\/index.php\/wp-json\/wp\/v2\/types\/product"}],"version-history":[{"count":6,"href":"https:\/\/mhgequiposmedicos.com\/index.php\/wp-json\/wp\/v2\/product\/2176\/revisions"}],"predecessor-version":[{"id":2243,"href":"https:\/\/mhgequiposmedicos.com\/index.php\/wp-json\/wp\/v2\/product\/2176\/revisions\/2243"}],"wp:featuredmedia":[{"embeddable":true,"href":"https:\/\/mhgequiposmedicos.com\/index.php\/wp-json\/wp\/v2\/media\/2177"}],"wp:attachment":[{"href":"https:\/\/mhgequiposmedicos.com\/index.php\/wp-json\/wp\/v2\/media?parent=2176"}],"wp:term":[{"taxonomy":"product_cat","embeddable":true,"href":"https:\/\/mhgequiposmedicos.com\/index.php\/wp-json\/wp\/v2\/product_cat?post=2176"},{"taxonomy":"product_tag","embeddable":true,"href":"https:\/\/mhgequiposmedicos.com\/index.php\/wp-json\/wp\/v2\/product_tag?post=2176"}],"curies":[{"name":"wp","href":"https:\/\/api.w.org\/{rel}","templated":true}]}}