{"id":2172,"date":"2023-12-18T22:41:00","date_gmt":"2023-12-18T21:41:00","guid":{"rendered":"https:\/\/mhgequiposmedicos.com\/?post_type=product&#038;p=2172"},"modified":"2024-01-03T13:52:26","modified_gmt":"2024-01-03T18:52:26","slug":"concetrador-portatil-olive-b1","status":"publish","type":"product","link":"https:\/\/mhgequiposmedicos.com\/index.php\/product\/concetrador-portatil-olive-b1\/","title":{"rendered":"CONCENTRADOR PORTATIL OLIVE B1"},"content":{"rendered":"<h1>Concentrador portable<\/h1>\n<p>Especificaciones<\/p>\n<ul>\n<li>Pureza: 40-90%<\/li>\n<li>Flujo: 1-5 L\/min<\/li>\n<li>Pureza y flujo: 5 L\/min 40% \u00b13%, 3 L\/min 60% \u00b13%, 1 L\/min 90% \u00b13%<\/li>\n<li>Instalaci\u00f3n: Portatil<\/li>\n<li>Tipo: PSA<\/li>\n<li>Peso: 5.4 Kg<\/li>\n<li>Tama\u00f1o: 260 mm x 195 mm x 387 mm<\/li>\n<li>Temperatura de operaci\u00f3n: 5 a 40 \u00b0C<\/li>\n<li>Altitud m\u00e1xima de funcionamiento: Hasta 3657 msnm<\/li>\n<li>Filtrado: Filtro medicinal de bacterias<\/li>\n<li>Fuente de energ\u00eda DC: Entrada 11 a 16.8 V<\/li>\n<li>Fuente de energ\u00eda AC: Entrada 100 a 240 V<\/li>\n<li>Consumo de energ\u00eda: 110W mientras carga, 90W sin estar cargando<\/li>\n<li>Alarmas: De energ\u00eda, de flujo, de falla t\u00e9cnica<\/li>\n<li>Bater\u00eda de litio: 14.8 VDC, 15 AH (LIION), 1.3 Kg<\/li>\n<li>Tiempo para cargar: 4 a 5 horas para totalmente descargado<\/li>\n<li>Duraci\u00f3n de la bater\u00eda: 110-120 minutos a cualquier flujo continuo<\/li>\n<li>Nivel de sonido: &lt;43 DB (nominal) en casa<\/li>\n<li>Certificaci\u00f3n: CE<\/li>\n<\/ul>\n<p>Caracter\u00edsticas:<\/p>\n<ol>\n<li>De peque\u00f1o tama\u00f1o, portable, f\u00e1cil de llevar con carrito.<\/li>\n<li>Pantalla LED grande, con funci\u00f3n de aniones.<\/li>\n<li>Disponible para usarse en el carro.<\/li>\n<li>Entrega sobre 40-93% de pureza a un flujo ajustable de 1-5 L\/min<\/li>\n<li>Contiene zeolita importada de Estados Unidos.<\/li>\n<li>Larga duraci\u00f3n de funcionamiento, confiable y seguro.<\/li>\n<li>Tres fuentes de energ\u00eda posibles: en carros, con bater\u00edas recargables, con enchufe.<\/li>\n<\/ol>\n<p>Concentrador de oxigeno m\u00f3vil con pantalla t\u00e1ctil LED, vaso humidificador, bateria integrada, mochila y carretilla. Incluye accesorios: bateria de litio, cargador de bateria, filtro Hepa, mochila, canula, vaso humidificador, carretilla, cargador para carro.<\/p>\n<p>&nbsp;<\/p>\n<p><a href=\"http:\/\/mhgequiposmedicos.com\/wp-content\/uploads\/2023\/12\/PORTATIL-OLIVE-111-1.jpeg\"><img fetchpriority=\"high\" decoding=\"async\" class=\"alignnone size-full wp-image-2561\" src=\"http:\/\/mhgequiposmedicos.com\/wp-content\/uploads\/2023\/12\/PORTATIL-OLIVE-111-1.jpeg\" alt=\"\" width=\"1114\" height=\"1600\" \/><\/a><\/p>\n","protected":false},"excerpt":{"rendered":"<p>El Concentrador de oxigeno portatil a bateria entrega un flujo continuo de hasta 5 litros por minuto de un dispositivo de 5,4 kg. F\u00e1cil de usar y mover, adecuado para el uso medico seg\u00fan su estilo de vida. Puede ser usado en ambientes exteriores, en el hogar, y tambi\u00e9n en el autom\u00f3vil.<\/p>\n<p>Incluye:<\/p>\n<ul>\n<li>Concentrador de oxigeno m\u00f3vil con pantalla t\u00e1ctil LED<\/li>\n<li>Vaso humidificador<\/li>\n<li>Mochila<\/li>\n<li>Carrito para transporte<\/li>\n<li>Bateria de litio<\/li>\n<li>Cargador de bateria<\/li>\n<li>Filtro Hepa<\/li>\n<li>Canula nasal<\/li>\n<li>Cargador para auto.<\/li>\n<\/ul>\n","protected":false},"featured_media":2555,"template":"","meta":{"_joinchat":{"telephone":"+51935912692","message_text":"Hola! Bienvenido a MHG Equipos m\u00e9dicos. Dime que enfermedad esta presentando tu paciente o en que producto estas interesado?"}},"product_cat":[104,110],"product_tag":[],"wooqr_code":"","yoast_head":"<!-- This site is optimized with the Yoast SEO plugin v21.7 - https:\/\/yoast.com\/wordpress\/plugins\/seo\/ -->\n<title>CONCENTRADOR PORTATIL OLIVE B1 - mhgequiposmedicos.com<\/title>\n<meta name=\"robots\" content=\"index, follow, max-snippet:-1, max-image-preview:large, max-video-preview:-1\" \/>\n<link rel=\"canonical\" href=\"https:\/\/mhgequiposmedicos.com\/index.php\/product\/concetrador-portatil-olive-b1\/\" \/>\n<meta property=\"og:locale\" content=\"es_ES\" \/>\n<meta property=\"og:type\" content=\"article\" \/>\n<meta property=\"og:title\" content=\"CONCENTRADOR PORTATIL OLIVE B1 - mhgequiposmedicos.com\" \/>\n<meta property=\"og:description\" content=\"El Concentrador de oxigeno portatil a bateria entrega un flujo continuo de hasta 5 litros por minuto de un dispositivo de 5,4 kg. F\u00e1cil de usar y mover, adecuado para el uso medico seg\u00fan su estilo de vida. Puede ser usado en ambientes exteriores, en el hogar, y tambi\u00e9n en el autom\u00f3vil.  Incluye:   Concentrador de oxigeno m\u00f3vil con pantalla t\u00e1ctil LED  Vaso humidificador  Mochila  Carrito para transporte  Bateria de litio  Cargador de bateria  Filtro Hepa  Canula nasal  Cargador para auto.\" \/>\n<meta property=\"og:url\" content=\"https:\/\/mhgequiposmedicos.com\/index.php\/product\/concetrador-portatil-olive-b1\/\" \/>\n<meta property=\"og:site_name\" content=\"mhgequiposmedicos.com\" \/>\n<meta property=\"article:publisher\" content=\"https:\/\/www.facebook.com\/MORNINGHEALTHINGGROUP\" \/>\n<meta property=\"article:modified_time\" content=\"2024-01-03T18:52:26+00:00\" \/>\n<meta property=\"og:image\" content=\"https:\/\/mhgequiposmedicos.com\/wp-content\/uploads\/2023\/12\/portatil-olive-1.jpg\" \/>\n\t<meta property=\"og:image:width\" content=\"1000\" \/>\n\t<meta property=\"og:image:height\" content=\"1000\" \/>\n\t<meta property=\"og:image:type\" content=\"image\/jpeg\" \/>\n<meta name=\"twitter:card\" content=\"summary_large_image\" \/>\n<meta name=\"twitter:label1\" content=\"Tiempo de lectura\" \/>\n\t<meta name=\"twitter:data1\" content=\"1 minuto\" \/>\n<script type=\"application\/ld+json\" class=\"yoast-schema-graph\">{\"@context\":\"https:\/\/schema.org\",\"@graph\":[{\"@type\":\"WebPage\",\"@id\":\"https:\/\/mhgequiposmedicos.com\/index.php\/product\/concetrador-portatil-olive-b1\/\",\"url\":\"https:\/\/mhgequiposmedicos.com\/index.php\/product\/concetrador-portatil-olive-b1\/\",\"name\":\"CONCENTRADOR PORTATIL OLIVE B1 - mhgequiposmedicos.com\",\"isPartOf\":{\"@id\":\"https:\/\/mhgequiposmedicos.com\/#website\"},\"datePublished\":\"2023-12-18T21:41:00+00:00\",\"dateModified\":\"2024-01-03T18:52:26+00:00\",\"breadcrumb\":{\"@id\":\"https:\/\/mhgequiposmedicos.com\/index.php\/product\/concetrador-portatil-olive-b1\/#breadcrumb\"},\"inLanguage\":\"es\",\"potentialAction\":[{\"@type\":\"ReadAction\",\"target\":[\"https:\/\/mhgequiposmedicos.com\/index.php\/product\/concetrador-portatil-olive-b1\/\"]}]},{\"@type\":\"BreadcrumbList\",\"@id\":\"https:\/\/mhgequiposmedicos.com\/index.php\/product\/concetrador-portatil-olive-b1\/#breadcrumb\",\"itemListElement\":[{\"@type\":\"ListItem\",\"position\":1,\"name\":\"Portada\",\"item\":\"https:\/\/mhgequiposmedicos.com\/\"},{\"@type\":\"ListItem\",\"position\":2,\"name\":\"Tienda\",\"item\":\"https:\/\/mhgequiposmedicos.com\/index.php\/tienda\/\"},{\"@type\":\"ListItem\",\"position\":3,\"name\":\"CONCENTRADOR PORTATIL OLIVE B1\"}]},{\"@type\":\"WebSite\",\"@id\":\"https:\/\/mhgequiposmedicos.com\/#website\",\"url\":\"https:\/\/mhgequiposmedicos.com\/\",\"name\":\"mhgequiposmedicos.com\",\"description\":\"\",\"publisher\":{\"@id\":\"https:\/\/mhgequiposmedicos.com\/#organization\"},\"potentialAction\":[{\"@type\":\"SearchAction\",\"target\":{\"@type\":\"EntryPoint\",\"urlTemplate\":\"https:\/\/mhgequiposmedicos.com\/?s={search_term_string}\"},\"query-input\":\"required name=search_term_string\"}],\"inLanguage\":\"es\"},{\"@type\":\"Organization\",\"@id\":\"https:\/\/mhgequiposmedicos.com\/#organization\",\"name\":\"mhgequiposmedicos.com\",\"url\":\"https:\/\/mhgequiposmedicos.com\/\",\"logo\":{\"@type\":\"ImageObject\",\"inLanguage\":\"es\",\"@id\":\"https:\/\/mhgequiposmedicos.com\/#\/schema\/logo\/image\/\",\"url\":\"https:\/\/mhgequiposmedicos.com\/wp-content\/uploads\/2020\/04\/mhg-high-resolution-logo-transparent.png\",\"contentUrl\":\"https:\/\/mhgequiposmedicos.com\/wp-content\/uploads\/2020\/04\/mhg-high-resolution-logo-transparent.png\",\"width\":2000,\"height\":707,\"caption\":\"mhgequiposmedicos.com\"},\"image\":{\"@id\":\"https:\/\/mhgequiposmedicos.com\/#\/schema\/logo\/image\/\"},\"sameAs\":[\"https:\/\/www.facebook.com\/MORNINGHEALTHINGGROUP\"]}]}<\/script>\n<!-- \/ Yoast SEO plugin. -->","yoast_head_json":{"title":"CONCENTRADOR PORTATIL OLIVE B1 - mhgequiposmedicos.com","robots":{"index":"index","follow":"follow","max-snippet":"max-snippet:-1","max-image-preview":"max-image-preview:large","max-video-preview":"max-video-preview:-1"},"canonical":"https:\/\/mhgequiposmedicos.com\/index.php\/product\/concetrador-portatil-olive-b1\/","og_locale":"es_ES","og_type":"article","og_title":"CONCENTRADOR PORTATIL OLIVE B1 - mhgequiposmedicos.com","og_description":"El Concentrador de oxigeno portatil a bateria entrega un flujo continuo de hasta 5 litros por minuto de un dispositivo de 5,4 kg. F\u00e1cil de usar y mover, adecuado para el uso medico seg\u00fan su estilo de vida. Puede ser usado en ambientes exteriores, en el hogar, y tambi\u00e9n en el autom\u00f3vil.  Incluye:   Concentrador de oxigeno m\u00f3vil con pantalla t\u00e1ctil LED  Vaso humidificador  Mochila  Carrito para transporte  Bateria de litio  Cargador de bateria  Filtro Hepa  Canula nasal  Cargador para auto.","og_url":"https:\/\/mhgequiposmedicos.com\/index.php\/product\/concetrador-portatil-olive-b1\/","og_site_name":"mhgequiposmedicos.com","article_publisher":"https:\/\/www.facebook.com\/MORNINGHEALTHINGGROUP","article_modified_time":"2024-01-03T18:52:26+00:00","og_image":[{"width":1000,"height":1000,"url":"https:\/\/mhgequiposmedicos.com\/wp-content\/uploads\/2023\/12\/portatil-olive-1.jpg","type":"image\/jpeg"}],"twitter_card":"summary_large_image","twitter_misc":{"Tiempo de lectura":"1 minuto"},"schema":{"@context":"https:\/\/schema.org","@graph":[{"@type":"WebPage","@id":"https:\/\/mhgequiposmedicos.com\/index.php\/product\/concetrador-portatil-olive-b1\/","url":"https:\/\/mhgequiposmedicos.com\/index.php\/product\/concetrador-portatil-olive-b1\/","name":"CONCENTRADOR PORTATIL OLIVE B1 - mhgequiposmedicos.com","isPartOf":{"@id":"https:\/\/mhgequiposmedicos.com\/#website"},"datePublished":"2023-12-18T21:41:00+00:00","dateModified":"2024-01-03T18:52:26+00:00","breadcrumb":{"@id":"https:\/\/mhgequiposmedicos.com\/index.php\/product\/concetrador-portatil-olive-b1\/#breadcrumb"},"inLanguage":"es","potentialAction":[{"@type":"ReadAction","target":["https:\/\/mhgequiposmedicos.com\/index.php\/product\/concetrador-portatil-olive-b1\/"]}]},{"@type":"BreadcrumbList","@id":"https:\/\/mhgequiposmedicos.com\/index.php\/product\/concetrador-portatil-olive-b1\/#breadcrumb","itemListElement":[{"@type":"ListItem","position":1,"name":"Portada","item":"https:\/\/mhgequiposmedicos.com\/"},{"@type":"ListItem","position":2,"name":"Tienda","item":"https:\/\/mhgequiposmedicos.com\/index.php\/tienda\/"},{"@type":"ListItem","position":3,"name":"CONCENTRADOR PORTATIL OLIVE B1"}]},{"@type":"WebSite","@id":"https:\/\/mhgequiposmedicos.com\/#website","url":"https:\/\/mhgequiposmedicos.com\/","name":"mhgequiposmedicos.com","description":"","publisher":{"@id":"https:\/\/mhgequiposmedicos.com\/#organization"},"potentialAction":[{"@type":"SearchAction","target":{"@type":"EntryPoint","urlTemplate":"https:\/\/mhgequiposmedicos.com\/?s={search_term_string}"},"query-input":"required name=search_term_string"}],"inLanguage":"es"},{"@type":"Organization","@id":"https:\/\/mhgequiposmedicos.com\/#organization","name":"mhgequiposmedicos.com","url":"https:\/\/mhgequiposmedicos.com\/","logo":{"@type":"ImageObject","inLanguage":"es","@id":"https:\/\/mhgequiposmedicos.com\/#\/schema\/logo\/image\/","url":"https:\/\/mhgequiposmedicos.com\/wp-content\/uploads\/2020\/04\/mhg-high-resolution-logo-transparent.png","contentUrl":"https:\/\/mhgequiposmedicos.com\/wp-content\/uploads\/2020\/04\/mhg-high-resolution-logo-transparent.png","width":2000,"height":707,"caption":"mhgequiposmedicos.com"},"image":{"@id":"https:\/\/mhgequiposmedicos.com\/#\/schema\/logo\/image\/"},"sameAs":["https:\/\/www.facebook.com\/MORNINGHEALTHINGGROUP"]}]}},"_links":{"self":[{"href":"https:\/\/mhgequiposmedicos.com\/index.php\/wp-json\/wp\/v2\/product\/2172"}],"collection":[{"href":"https:\/\/mhgequiposmedicos.com\/index.php\/wp-json\/wp\/v2\/product"}],"about":[{"href":"https:\/\/mhgequiposmedicos.com\/index.php\/wp-json\/wp\/v2\/types\/product"}],"version-history":[{"count":4,"href":"https:\/\/mhgequiposmedicos.com\/index.php\/wp-json\/wp\/v2\/product\/2172\/revisions"}],"predecessor-version":[{"id":2562,"href":"https:\/\/mhgequiposmedicos.com\/index.php\/wp-json\/wp\/v2\/product\/2172\/revisions\/2562"}],"wp:featuredmedia":[{"embeddable":true,"href":"https:\/\/mhgequiposmedicos.com\/index.php\/wp-json\/wp\/v2\/media\/2555"}],"wp:attachment":[{"href":"https:\/\/mhgequiposmedicos.com\/index.php\/wp-json\/wp\/v2\/media?parent=2172"}],"wp:term":[{"taxonomy":"product_cat","embeddable":true,"href":"https:\/\/mhgequiposmedicos.com\/index.php\/wp-json\/wp\/v2\/product_cat?post=2172"},{"taxonomy":"product_tag","embeddable":true,"href":"https:\/\/mhgequiposmedicos.com\/index.php\/wp-json\/wp\/v2\/product_tag?post=2172"}],"curies":[{"name":"wp","href":"https:\/\/api.w.org\/{rel}","templated":true}]}}