{"id":2166,"date":"2023-12-18T22:37:56","date_gmt":"2023-12-18T21:37:56","guid":{"rendered":"https:\/\/mhgequiposmedicos.com\/?post_type=product&#038;p=2166"},"modified":"2024-04-09T15:18:03","modified_gmt":"2024-04-09T20:18:03","slug":"concentrador-jay-10lpm","status":"publish","type":"product","link":"https:\/\/mhgequiposmedicos.com\/index.php\/product\/concentrador-jay-10lpm\/","title":{"rendered":"CONCENTRADOR JAY 10LPM"},"content":{"rendered":"<p><b>High Quality 93% Home use Medical Oxygen Concentrator<\/b><b>\u00a0<\/b><\/p>\n<div class=\"rich-text-table\">\n<table border=\"1\">\n<tbody>\n<tr>\n<td>Item:<\/td>\n<td>10l\u00a0Oxygen Concentrator<\/td>\n<\/tr>\n<tr>\n<td>Size:<\/td>\n<td>600\u00a0x 365 x 375\u00a0MM<\/td>\n<\/tr>\n<tr>\n<td>Weight:<\/td>\n<td>23kg<\/td>\n<\/tr>\n<tr>\n<td>Input Power:<\/td>\n<td>320VA<\/td>\n<\/tr>\n<tr>\n<td>Output Pressure:<\/td>\n<td>70Kpa\u00a0~ 77KPa<\/td>\n<\/tr>\n<tr>\n<td>Oxygen Purity:<\/td>\n<td>93%\u00b13%<\/td>\n<\/tr>\n<tr>\n<td>Molecular Sieve:<\/td>\n<td>580W<\/td>\n<\/tr>\n<tr>\n<td>Supply Voltage:<\/td>\n<td>-220V + 22V, 50Hz\u00b1 1Hz<\/td>\n<\/tr>\n<tr>\n<td>Working Time:<\/td>\n<td>24-hours no -stop<\/td>\n<\/tr>\n<tr>\n<td>Usage:<\/td>\n<td>Medical, Home Self-test<\/td>\n<\/tr>\n<tr>\n<td>Principle of Oxygen Production:<\/td>\n<td>Molecular Sieve Pressure Swing Adsorption<\/td>\n<\/tr>\n<tr>\n<td>Function:<\/td>\n<td>Reduce Pain, Treatment, Health Care, Relieve Pain<\/td>\n<\/tr>\n<tr>\n<td>Feature:<\/td>\n<td>1. Configure la funci\u00f3n cansada a trav\u00e9s de la pantalla para mostrar el tiempo total de trabajo.<br \/>\n2. Configure la funci\u00f3n de temporizador de apagado, f\u00e1cil de usar.<br \/>\n3. Equipado con una presi\u00f3n barom\u00e9trica de v\u00e1lvula de alivio de presi\u00f3n, m\u00e1s seguridad.<br \/>\n4. Configure la alarma de apagado, el corte de energ\u00eda en el curso de su trabajo le recuerda al usuario o al cuidador.<br \/>\n5. La presi\u00f3n de dise\u00f1o, funci\u00f3n de alarma de falla circulatoria.<br \/>\n6. El dise\u00f1o de la funci\u00f3n de alarma de concentraci\u00f3n del compresor.<br \/>\n7. El dise\u00f1o de una funci\u00f3n de alarma de baja concentraci\u00f3n de ox\u00edgeno.<br \/>\n8. La parte superior del dise\u00f1o de la caja de almacenamiento se puede colocar en el archivo adjunto.<br \/>\n<img fetchpriority=\"high\" decoding=\"async\" class=\"alignnone size-full wp-image-2403\" src=\"https:\/\/altomedicperu.com\/wp-content\/uploads\/2023\/03\/High-Quality-93-Home-Use-Medical-Oxygen-Concentrator-6.webp\" alt=\"\" width=\"750\" height=\"1158\" \/>\u00a0<img decoding=\"async\" class=\"alignnone size-full wp-image-2402\" src=\"https:\/\/altomedicperu.com\/wp-content\/uploads\/2023\/03\/High-Quality-93-Home-Use-Medical-Oxygen-Concentrator-7.webp\" alt=\"\" width=\"750\" height=\"693\" \/>\u00a0<img decoding=\"async\" class=\"alignnone size-full wp-image-2401\" src=\"https:\/\/altomedicperu.com\/wp-content\/uploads\/2023\/03\/High-Quality-93-Home-Use-Medical-Oxygen-Concentrator-8.webp\" alt=\"\" width=\"750\" height=\"577\" \/>\u00a0<img loading=\"lazy\" decoding=\"async\" class=\"alignnone size-full wp-image-2400\" src=\"https:\/\/altomedicperu.com\/wp-content\/uploads\/2023\/03\/High-Quality-93-Home-Use-Medical-Oxygen-Concentrator-9.webp\" alt=\"\" width=\"750\" height=\"415\" \/>\u00a0<img loading=\"lazy\" decoding=\"async\" class=\"alignnone size-full wp-image-2399\" src=\"https:\/\/altomedicperu.com\/wp-content\/uploads\/2023\/03\/High-Quality-93-Home-Use-Medical-Oxygen-Concentrator-10.webp\" alt=\"\" width=\"750\" height=\"584\" \/>\u00a0<img loading=\"lazy\" decoding=\"async\" class=\"alignnone size-full wp-image-2398\" src=\"https:\/\/altomedicperu.com\/wp-content\/uploads\/2023\/03\/High-Quality-93-Home-Use-Medical-Oxygen-Concentrator-11.webp\" alt=\"\" width=\"750\" height=\"808\" \/><\/td>\n<\/tr>\n<\/tbody>\n<\/table>\n<\/div>\n","protected":false},"excerpt":{"rendered":"<p><strong>CARACTERISTICAS DEL PRODUCTO<\/strong><\/p>\n<ul>\n<li><strong>Concentraci\u00f3n de Ox\u00edgeno<\/strong>\u00a093 + 0 \u2013 3% \u2013 con Nebulizador<\/li>\n<li><strong>Doble flujo para 2 personas<\/strong><\/li>\n<li><strong>Trabajo<\/strong>\u00a0<strong>continuo<\/strong>\u00a024 horas<\/li>\n<li><strong>Nivel de sonido<\/strong>\u00a0menor a 50 dB (A) \u2013 Alarma<\/li>\n<li><strong>Incluye accesorios:<\/strong>\u00a0C\u00e1nula Nasal, filtro, humidificador.<\/li>\n<li>Cuenta con garant\u00eda 1 a\u00f1o<\/li>\n<\/ul>\n","protected":false},"featured_media":2283,"template":"","meta":{"_joinchat":[]},"product_cat":[104,109],"product_tag":[],"wooqr_code":"","yoast_head":"<!-- This site is optimized with the Yoast SEO plugin v21.7 - https:\/\/yoast.com\/wordpress\/plugins\/seo\/ -->\n<title>CONCENTRADOR JAY 10LPM - mhgequiposmedicos.com<\/title>\n<meta name=\"robots\" content=\"index, follow, max-snippet:-1, max-image-preview:large, max-video-preview:-1\" \/>\n<link rel=\"canonical\" href=\"https:\/\/mhgequiposmedicos.com\/index.php\/product\/concentrador-jay-10lpm\/\" \/>\n<meta property=\"og:locale\" content=\"es_ES\" \/>\n<meta property=\"og:type\" content=\"article\" \/>\n<meta property=\"og:title\" content=\"CONCENTRADOR JAY 10LPM - mhgequiposmedicos.com\" \/>\n<meta property=\"og:description\" content=\"CARACTERISTICAS DEL PRODUCTO   Concentraci\u00f3n de Ox\u00edgeno\u00a093 + 0 \u2013 3% \u2013 con Nebulizador  Doble flujo para 2 personas  Trabajo\u00a0continuo\u00a024 horas  Nivel de sonido\u00a0menor a 50 dB (A) \u2013 Alarma  Incluye accesorios:\u00a0C\u00e1nula Nasal, filtro, humidificador.  Cuenta con garant\u00eda 1 a\u00f1o\" \/>\n<meta property=\"og:url\" content=\"https:\/\/mhgequiposmedicos.com\/index.php\/product\/concentrador-jay-10lpm\/\" \/>\n<meta property=\"og:site_name\" content=\"mhgequiposmedicos.com\" \/>\n<meta property=\"article:publisher\" content=\"https:\/\/www.facebook.com\/MORNINGHEALTHINGGROUP\" \/>\n<meta property=\"article:modified_time\" content=\"2024-04-09T20:18:03+00:00\" \/>\n<meta property=\"og:image\" content=\"http:\/\/mhgequiposmedicos.com\/wp-content\/uploads\/2023\/12\/23_4_oxygen_concentrator_1.jpg\" \/>\n\t<meta property=\"og:image:width\" content=\"600\" \/>\n\t<meta property=\"og:image:height\" content=\"450\" \/>\n\t<meta property=\"og:image:type\" content=\"image\/jpeg\" \/>\n<meta name=\"twitter:card\" content=\"summary_large_image\" \/>\n<meta name=\"twitter:label1\" content=\"Tiempo de lectura\" \/>\n\t<meta name=\"twitter:data1\" content=\"1 minuto\" \/>\n<script type=\"application\/ld+json\" class=\"yoast-schema-graph\">{\"@context\":\"https:\/\/schema.org\",\"@graph\":[{\"@type\":\"WebPage\",\"@id\":\"https:\/\/mhgequiposmedicos.com\/index.php\/product\/concentrador-jay-10lpm\/\",\"url\":\"https:\/\/mhgequiposmedicos.com\/index.php\/product\/concentrador-jay-10lpm\/\",\"name\":\"CONCENTRADOR JAY 10LPM - mhgequiposmedicos.com\",\"isPartOf\":{\"@id\":\"https:\/\/mhgequiposmedicos.com\/#website\"},\"datePublished\":\"2023-12-18T21:37:56+00:00\",\"dateModified\":\"2024-04-09T20:18:03+00:00\",\"breadcrumb\":{\"@id\":\"https:\/\/mhgequiposmedicos.com\/index.php\/product\/concentrador-jay-10lpm\/#breadcrumb\"},\"inLanguage\":\"es\",\"potentialAction\":[{\"@type\":\"ReadAction\",\"target\":[\"https:\/\/mhgequiposmedicos.com\/index.php\/product\/concentrador-jay-10lpm\/\"]}]},{\"@type\":\"BreadcrumbList\",\"@id\":\"https:\/\/mhgequiposmedicos.com\/index.php\/product\/concentrador-jay-10lpm\/#breadcrumb\",\"itemListElement\":[{\"@type\":\"ListItem\",\"position\":1,\"name\":\"Portada\",\"item\":\"https:\/\/mhgequiposmedicos.com\/\"},{\"@type\":\"ListItem\",\"position\":2,\"name\":\"Tienda\",\"item\":\"https:\/\/mhgequiposmedicos.com\/index.php\/tienda\/\"},{\"@type\":\"ListItem\",\"position\":3,\"name\":\"CONCENTRADOR JAY 10LPM\"}]},{\"@type\":\"WebSite\",\"@id\":\"https:\/\/mhgequiposmedicos.com\/#website\",\"url\":\"https:\/\/mhgequiposmedicos.com\/\",\"name\":\"mhgequiposmedicos.com\",\"description\":\"\",\"publisher\":{\"@id\":\"https:\/\/mhgequiposmedicos.com\/#organization\"},\"potentialAction\":[{\"@type\":\"SearchAction\",\"target\":{\"@type\":\"EntryPoint\",\"urlTemplate\":\"https:\/\/mhgequiposmedicos.com\/?s={search_term_string}\"},\"query-input\":\"required name=search_term_string\"}],\"inLanguage\":\"es\"},{\"@type\":\"Organization\",\"@id\":\"https:\/\/mhgequiposmedicos.com\/#organization\",\"name\":\"mhgequiposmedicos.com\",\"url\":\"https:\/\/mhgequiposmedicos.com\/\",\"logo\":{\"@type\":\"ImageObject\",\"inLanguage\":\"es\",\"@id\":\"https:\/\/mhgequiposmedicos.com\/#\/schema\/logo\/image\/\",\"url\":\"https:\/\/mhgequiposmedicos.com\/wp-content\/uploads\/2020\/04\/mhg-high-resolution-logo-transparent.png\",\"contentUrl\":\"https:\/\/mhgequiposmedicos.com\/wp-content\/uploads\/2020\/04\/mhg-high-resolution-logo-transparent.png\",\"width\":2000,\"height\":707,\"caption\":\"mhgequiposmedicos.com\"},\"image\":{\"@id\":\"https:\/\/mhgequiposmedicos.com\/#\/schema\/logo\/image\/\"},\"sameAs\":[\"https:\/\/www.facebook.com\/MORNINGHEALTHINGGROUP\"]}]}<\/script>\n<!-- \/ Yoast SEO plugin. -->","yoast_head_json":{"title":"CONCENTRADOR JAY 10LPM - mhgequiposmedicos.com","robots":{"index":"index","follow":"follow","max-snippet":"max-snippet:-1","max-image-preview":"max-image-preview:large","max-video-preview":"max-video-preview:-1"},"canonical":"https:\/\/mhgequiposmedicos.com\/index.php\/product\/concentrador-jay-10lpm\/","og_locale":"es_ES","og_type":"article","og_title":"CONCENTRADOR JAY 10LPM - mhgequiposmedicos.com","og_description":"CARACTERISTICAS DEL PRODUCTO   Concentraci\u00f3n de Ox\u00edgeno\u00a093 + 0 \u2013 3% \u2013 con Nebulizador  Doble flujo para 2 personas  Trabajo\u00a0continuo\u00a024 horas  Nivel de sonido\u00a0menor a 50 dB (A) \u2013 Alarma  Incluye accesorios:\u00a0C\u00e1nula Nasal, filtro, humidificador.  Cuenta con garant\u00eda 1 a\u00f1o","og_url":"https:\/\/mhgequiposmedicos.com\/index.php\/product\/concentrador-jay-10lpm\/","og_site_name":"mhgequiposmedicos.com","article_publisher":"https:\/\/www.facebook.com\/MORNINGHEALTHINGGROUP","article_modified_time":"2024-04-09T20:18:03+00:00","og_image":[{"width":600,"height":450,"url":"http:\/\/mhgequiposmedicos.com\/wp-content\/uploads\/2023\/12\/23_4_oxygen_concentrator_1.jpg","type":"image\/jpeg"}],"twitter_card":"summary_large_image","twitter_misc":{"Tiempo de lectura":"1 minuto"},"schema":{"@context":"https:\/\/schema.org","@graph":[{"@type":"WebPage","@id":"https:\/\/mhgequiposmedicos.com\/index.php\/product\/concentrador-jay-10lpm\/","url":"https:\/\/mhgequiposmedicos.com\/index.php\/product\/concentrador-jay-10lpm\/","name":"CONCENTRADOR JAY 10LPM - mhgequiposmedicos.com","isPartOf":{"@id":"https:\/\/mhgequiposmedicos.com\/#website"},"datePublished":"2023-12-18T21:37:56+00:00","dateModified":"2024-04-09T20:18:03+00:00","breadcrumb":{"@id":"https:\/\/mhgequiposmedicos.com\/index.php\/product\/concentrador-jay-10lpm\/#breadcrumb"},"inLanguage":"es","potentialAction":[{"@type":"ReadAction","target":["https:\/\/mhgequiposmedicos.com\/index.php\/product\/concentrador-jay-10lpm\/"]}]},{"@type":"BreadcrumbList","@id":"https:\/\/mhgequiposmedicos.com\/index.php\/product\/concentrador-jay-10lpm\/#breadcrumb","itemListElement":[{"@type":"ListItem","position":1,"name":"Portada","item":"https:\/\/mhgequiposmedicos.com\/"},{"@type":"ListItem","position":2,"name":"Tienda","item":"https:\/\/mhgequiposmedicos.com\/index.php\/tienda\/"},{"@type":"ListItem","position":3,"name":"CONCENTRADOR JAY 10LPM"}]},{"@type":"WebSite","@id":"https:\/\/mhgequiposmedicos.com\/#website","url":"https:\/\/mhgequiposmedicos.com\/","name":"mhgequiposmedicos.com","description":"","publisher":{"@id":"https:\/\/mhgequiposmedicos.com\/#organization"},"potentialAction":[{"@type":"SearchAction","target":{"@type":"EntryPoint","urlTemplate":"https:\/\/mhgequiposmedicos.com\/?s={search_term_string}"},"query-input":"required name=search_term_string"}],"inLanguage":"es"},{"@type":"Organization","@id":"https:\/\/mhgequiposmedicos.com\/#organization","name":"mhgequiposmedicos.com","url":"https:\/\/mhgequiposmedicos.com\/","logo":{"@type":"ImageObject","inLanguage":"es","@id":"https:\/\/mhgequiposmedicos.com\/#\/schema\/logo\/image\/","url":"https:\/\/mhgequiposmedicos.com\/wp-content\/uploads\/2020\/04\/mhg-high-resolution-logo-transparent.png","contentUrl":"https:\/\/mhgequiposmedicos.com\/wp-content\/uploads\/2020\/04\/mhg-high-resolution-logo-transparent.png","width":2000,"height":707,"caption":"mhgequiposmedicos.com"},"image":{"@id":"https:\/\/mhgequiposmedicos.com\/#\/schema\/logo\/image\/"},"sameAs":["https:\/\/www.facebook.com\/MORNINGHEALTHINGGROUP"]}]}},"_links":{"self":[{"href":"https:\/\/mhgequiposmedicos.com\/index.php\/wp-json\/wp\/v2\/product\/2166"}],"collection":[{"href":"https:\/\/mhgequiposmedicos.com\/index.php\/wp-json\/wp\/v2\/product"}],"about":[{"href":"https:\/\/mhgequiposmedicos.com\/index.php\/wp-json\/wp\/v2\/types\/product"}],"version-history":[{"count":4,"href":"https:\/\/mhgequiposmedicos.com\/index.php\/wp-json\/wp\/v2\/product\/2166\/revisions"}],"predecessor-version":[{"id":2844,"href":"https:\/\/mhgequiposmedicos.com\/index.php\/wp-json\/wp\/v2\/product\/2166\/revisions\/2844"}],"wp:featuredmedia":[{"embeddable":true,"href":"https:\/\/mhgequiposmedicos.com\/index.php\/wp-json\/wp\/v2\/media\/2283"}],"wp:attachment":[{"href":"https:\/\/mhgequiposmedicos.com\/index.php\/wp-json\/wp\/v2\/media?parent=2166"}],"wp:term":[{"taxonomy":"product_cat","embeddable":true,"href":"https:\/\/mhgequiposmedicos.com\/index.php\/wp-json\/wp\/v2\/product_cat?post=2166"},{"taxonomy":"product_tag","embeddable":true,"href":"https:\/\/mhgequiposmedicos.com\/index.php\/wp-json\/wp\/v2\/product_tag?post=2166"}],"curies":[{"name":"wp","href":"https:\/\/api.w.org\/{rel}","templated":true}]}}